{"id":96,"date":"2022-02-26T09:22:03","date_gmt":"2022-02-26T09:22:03","guid":{"rendered":"https:\/\/elicensenest.com\/?post_type=product&#038;p=96"},"modified":"2024-03-14T22:43:18","modified_gmt":"2024-03-14T22:43:18","slug":"office-2021-home-and-business-mac","status":"publish","type":"product","link":"https:\/\/elicensenest.com\/pl\/produkt\/office-2021-home-and-business-mac\/","title":{"rendered":"Office 2021 Home and Business - MAC"},"content":{"rendered":"<h3 style=\"text-align: center;\">Microsoft Office 2021 dla U\u017cytkownik\u00f3w Domowych i Ma\u0142ych Firm - podstawa nowoczesnej pracy - dla system\u00f3w MAC<\/h3>\n<p>Microsoft Office 2021 Home and Business dla komputer\u00f3w Mac to nowa wersja popularnego pakietu biurowego firmy Microsoft, przeznaczona specjalnie dla przedsi\u0119biorc\u00f3w i ma\u0142ych firm dzia\u0142aj\u0105cych w systemie macOS. Ten zaawansowany pakiet oferuje szeroki wachlarz niezb\u0119dnych narz\u0119dzi zwi\u0119kszaj\u0105cych produktywno\u015b\u0107, dzi\u0119ki kt\u00f3rym mo\u017cna tworzy\u0107 profesjonalne dokumenty, usprawnia\u0107 komunikacj\u0119 i pracowa\u0107 wydajnie.<\/p>\n<p><strong>Aplikacje wewn\u0119trzne:<\/strong> Office 2021 Home and Business dla komputer\u00f3w Mac zawiera nast\u0119puj\u0105ce niezb\u0119dne aplikacje:<\/p>\n<ul>\n<li><strong>Microsoft Word:<\/strong> Voor het maken en bewerken van tekst- en documentbestanden.<\/li>\n<li><strong>Microsoft Excel:<\/strong> Do analizowania wynik\u00f3w i tworzenia przejrzystych arkuszy kalkulacyjnych.<\/li>\n<li><strong>Microsoft PowerPoint:<\/strong> Voor het ontwerpen van overtuigende presentaties.<\/li>\n<li><strong>Microsoft Outlook:<\/strong> Do obs\u0142ugi wiadomo\u015bci e-mail, kontakt\u00f3w i agendy.<\/li>\n<li><strong>Microsoft OneNote:<\/strong> Do tworzenia notatek i blok\u00f3w notatek.<\/li>\n<\/ul>\n<p><strong>Kenmerken en Voordelen:<\/strong><\/p>\n<ul>\n<li><em>Narz\u0119dzia zwi\u0119kszaj\u0105ce produktywno\u015b\u0107:<\/em> Dzi\u0119ki pionierskim us\u0142ugom Office-toepassingen mo\u017cesz na bie\u017c\u0105co pracowa\u0107 nad wszystkimi projektami i zadaniami.<\/li>\n<li><em>Effici\u00ebnt Zakelijk Beheer:<\/em> Outlook pomaga usprawni\u0107 komunikacj\u0119 i efektywnie organizowa\u0107 plan dnia.<\/li>\n<li><em>Nieuwe Functies en Verbeteringen:<\/em> Pakiet Office 2021 dla komputer\u00f3w Mac oferuje nowe funkcje i funkcje umo\u017cliwiaj\u0105ce lepsz\u0105 obs\u0142ug\u0119, w tym ulepszone ustawienia i funkcje w\u0142\u0105czania.<\/li>\n<\/ul>\n<p><strong>Kompatybilno\u015b\u0107:<\/strong> Microsoft Office 2021 Home and Business dla komputer\u00f3w Mac jest w pe\u0142ni kompatybilny z innymi wersjami pakietu Office i umo\u017cliwia otwieranie i przetwarzanie najlepszych dokument\u00f3w. Co wi\u0119cej, pakiet ten mo\u017cna zintegrowa\u0107 z us\u0142ugami w chmurze, dzi\u0119ki czemu dokumenty i wiadomo\u015bci b\u0119d\u0105 dost\u0119pne w ca\u0142o\u015bci.<\/p>\n<p><strong>Systeemvereisten:<\/strong> Aby zainstalowa\u0107 i korzysta\u0107 z pakietu Office 2021 Home and Business dla komputer\u00f3w Mac, nale\u017cy zapozna\u0107 si\u0119 z komputerem Mac wyposa\u017conym w nast\u0119puj\u0105ce minimalne wymagania systemowe:<\/p>\n<ul>\n<li><strong>Najlepszy system:<\/strong> 3 najnowsze wersje systemu macOS.<\/li>\n<li><strong>Procesor:<\/strong> Procesor Intel.<\/li>\n<li><strong>Geheugen (RAM):<\/strong> Minimum 4 GB pami\u0119ci RAM.<\/li>\n<li><strong>Vaste schijf:<\/strong> Minimaal 10 GB vrije schijfruimte.<\/li>\n<li><strong>Beeldscherm:<\/strong> Ekran o rozdzielczo\u015bci co najmniej 1280 x 800 pikseli.<\/li>\n<\/ul>","protected":false},"excerpt":{"rendered":"<p><strong>Odpowiedni dla system\u00f3w MACos<\/strong><br \/>\nMicrosoft Office for Thuisgebruik en Zelfstandigen 2021 zawiera podstawowe aplikacje pakietu Office i poczt\u0119 e-mail dla klient\u00f3w indywidualnych i ma\u0142ych firm, kt\u00f3re zainstaluj\u0105 ten pakiet na komputerze Mac lub komputerze z systemem Windows w celu korzystania z niego w pracy. Pakiet zawiera klasyczne wersje aplikacji pakietu Office, w tym Word, Excel, PowerPoint i Outlook.<\/p>\n<h5><img decoding=\"async\" class=\"wp-image-38007 alignnone\" src=\"https:\/\/elicensenest.com\/wp-content\/uploads\/2022\/02\/blue-mark.png\" alt=\"\" width=\"25\" height=\"25\" srcset=\"https:\/\/elicensenest.com\/wp-content\/uploads\/2022\/02\/blue-mark.png 225w, https:\/\/elicensenest.com\/wp-content\/uploads\/2022\/02\/blue-mark-150x150.png 150w\" sizes=\"(max-width: 25px) 100vw, 25px\" \/>\u00a0<strong>Szybka i prosta obs\u0142uga oprogramowania!<br \/>\n<\/strong><img decoding=\"async\" class=\"wp-image-38007 alignnone\" src=\"https:\/\/elicensenest.com\/wp-content\/uploads\/2022\/02\/blue-mark.png\" alt=\"\" width=\"25\" height=\"25\" srcset=\"https:\/\/elicensenest.com\/wp-content\/uploads\/2022\/02\/blue-mark.png 225w, https:\/\/elicensenest.com\/wp-content\/uploads\/2022\/02\/blue-mark-150x150.png 150w\" sizes=\"(max-width: 25px) 100vw, 25px\" \/>\u00a0<strong>Binnen enkele seconden, digitaal geleverd!<br \/>\n<\/strong><img decoding=\"async\" class=\"wp-image-38007 alignnone\" src=\"https:\/\/elicensenest.com\/wp-content\/uploads\/2022\/02\/blue-mark.png\" alt=\"\" width=\"25\" height=\"25\" srcset=\"https:\/\/elicensenest.com\/wp-content\/uploads\/2022\/02\/blue-mark.png 225w, https:\/\/elicensenest.com\/wp-content\/uploads\/2022\/02\/blue-mark-150x150.png 150w\" sizes=\"(max-width: 25px) 100vw, 25px\" \/>\u00a0<strong>Niet goed = Geld terug!<br \/>\n<\/strong><img decoding=\"async\" class=\"wp-image-38007 alignnone\" src=\"https:\/\/elicensenest.com\/wp-content\/uploads\/2022\/02\/blue-mark.png\" alt=\"\" width=\"25\" height=\"25\" srcset=\"https:\/\/elicensenest.com\/wp-content\/uploads\/2022\/02\/blue-mark.png 225w, https:\/\/elicensenest.com\/wp-content\/uploads\/2022\/02\/blue-mark-150x150.png 150w\" sizes=\"(max-width: 25px) 100vw, 25px\" \/> Klantenservice tot 23:00 bereikbaar!<br \/>\n<img decoding=\"async\" class=\"wp-image-38007 alignnone\" src=\"https:\/\/elicensenest.com\/wp-content\/uploads\/2022\/02\/blue-mark.png\" alt=\"\" width=\"25\" height=\"25\" srcset=\"https:\/\/elicensenest.com\/wp-content\/uploads\/2022\/02\/blue-mark.png 225w, https:\/\/elicensenest.com\/wp-content\/uploads\/2022\/02\/blue-mark-150x150.png 150w\" sizes=\"(max-width: 25px) 100vw, 25px\" \/> Skorzystaj z holenderskiego sklepu internetowego z kluczem do sklepu internetowego!<\/h5>\n<h3><\/h3>","protected":false},"featured_media":127,"template":"","meta":{"inline_featured_image":false},"product_brand":[],"product_cat":[17],"product_tag":[],"class_list":{"0":"post-96","1":"product","2":"type-product","3":"status-publish","4":"has-post-thumbnail","6":"product_cat-microsoft-office","8":"first","9":"instock","10":"sale","11":"taxable","12":"shipping-taxable","13":"purchasable","14":"product-type-simple"},"_links":{"self":[{"href":"https:\/\/elicensenest.com\/pl\/wp-json\/wp\/v2\/product\/96","targetHints":{"allow":["GET"]}}],"collection":[{"href":"https:\/\/elicensenest.com\/pl\/wp-json\/wp\/v2\/product"}],"about":[{"href":"https:\/\/elicensenest.com\/pl\/wp-json\/wp\/v2\/types\/product"}],"wp:featuredmedia":[{"embeddable":true,"href":"https:\/\/elicensenest.com\/pl\/wp-json\/wp\/v2\/media\/127"}],"wp:attachment":[{"href":"https:\/\/elicensenest.com\/pl\/wp-json\/wp\/v2\/media?parent=96"}],"wp:term":[{"taxonomy":"product_brand","embeddable":true,"href":"https:\/\/elicensenest.com\/pl\/wp-json\/wp\/v2\/product_brand?post=96"},{"taxonomy":"product_cat","embeddable":true,"href":"https:\/\/elicensenest.com\/pl\/wp-json\/wp\/v2\/product_cat?post=96"},{"taxonomy":"product_tag","embeddable":true,"href":"https:\/\/elicensenest.com\/pl\/wp-json\/wp\/v2\/product_tag?post=96"}],"curies":[{"name":"wp","href":"https:\/\/api.w.org\/{rel}","templated":true}]}}