{"id":84,"date":"2022-02-26T09:22:02","date_gmt":"2022-02-26T09:22:02","guid":{"rendered":"https:\/\/elicensenest.com\/?post_type=product&#038;p=84"},"modified":"2023-11-05T19:54:42","modified_gmt":"2023-11-05T19:54:42","slug":"windows-remote-desktop-services-2019-10-user-cals","status":"publish","type":"product","link":"https:\/\/elicensenest.com\/pl\/produkt\/windows-remote-desktop-services-2019-10-user-cals\/","title":{"rendered":"Us\u0142ugi pulpitu zdalnego Windows 2019 10 licencji CAL dla u\u017cytkownik\u00f3w"},"content":{"rendered":"<p>Licencje Remote Desktop Services (RDS) 2019 Gebruiker CAL (Client Access Licenties) s\u0105 niezb\u0119dnym narz\u0119dziem dla organizacji, kt\u00f3re potrzebuj\u0105 lepszego i \u0142atwiejszego dost\u0119pu z zewn\u0105trz do aplikacji, us\u0142ug i dokument\u00f3w. Dzi\u0119ki temu pakietowi 10 licencji Gebruiker CALs dla RDS 2019 mo\u017cesz zapewni\u0107 wi\u0119kszej liczbie u\u017cytkownik\u00f3w w swojej organizacji dost\u0119p do najnowocze\u015bniejszych funkcji RDS w celu zwi\u0119kszenia produktywno\u015bci i samowystarczalno\u015bci.<\/p>\n<p><strong>Najwa\u017cniejsze informacje:<\/strong><\/p>\n<ol>\n<li><strong>Externe Toegang i Virtuele Bureaubladen:<\/strong> RDS 2019 zapewnia zewn\u0119trznym klientom mo\u017cliwo\u015b\u0107 korzystania z odpowiednich dokument\u00f3w, aplikacji i przepis\u00f3w, kt\u00f3re zapewniaj\u0105 elastyczno\u015b\u0107 i mobilno\u015b\u0107.<\/li>\n<li><strong>Obs\u0142uga wielu u\u017cytkownik\u00f3w:<\/strong> Dzi\u0119ki RDS wi\u0119ksza liczba u\u017cytkownik\u00f3w mo\u017ce nawi\u0105za\u0107 wsp\u00f3\u0142prac\u0119 z jednym serwerem, co pozwala ograniczy\u0107 wydajno\u015b\u0107 sprz\u0119tow\u0105 i obni\u017cy\u0107 koszty.<\/li>\n<li><strong>Veiligheid en Beheer:<\/strong> Gebruiker CALs stellen beheerders in staat om toegangscontroles, beveiligingsbeleid en gebruikersrechten te beheren om de veiligheid van gegevens en applicaties te waarborgen.<\/li>\n<li><strong>Schaalbaarheid:<\/strong> Pakiet 10 licencji CAL zapewnia bezpiecze\u0144stwo, dzi\u0119ki czemu organizacja mo\u017ce szybko uzyska\u0107 dodatkowe licencje.<\/li>\n<li><strong>Optimalisatie van Middelen:<\/strong> RDS obni\u017ca efektywno\u015b\u0107 wykorzystania zasob\u00f3w podczas pracy z aplikacjami i biurami, co przek\u0142ada si\u0119 na ni\u017csze koszty operacyjne.<\/li>\n<\/ol>\n<p><strong>Kompatybilno\u015b\u0107:<\/strong><\/p>\n<p>Te licencje Gebruiker CAL s\u0105 kompatybilne z Microsoft Windows Server 2019 i RDS 2019. Umo\u017cliwiaj\u0105 one u\u017cytkownikom \u0142\u0105czenie si\u0119 z serwerami RDS i korzystanie z wyj\u0105tkowych funkcji i mo\u017cliwo\u015bci oferowanych przez te platformy.<\/p>\n<p><strong>Scenariusze gier:<\/strong><\/p>\n<p>RDS 2019 Gebruiker CALs wraz z pakietem 10 CALs s\u0105 idealne dla organizacji z r\u00f3\u017cnych grup i bran\u017c, w tym firm, przedsi\u0119biorstw onderwijsinstellingen i overheidsinstanties, kt\u00f3re musz\u0105 by\u0107 w stanie zapewni\u0107 bezb\u0142\u0119dny zewn\u0119trzny toegang, samenwerking i applicationbeheer. Je\u015bli pracownicy, studenci lub partnerzy zewn\u0119trzni nie chc\u0105 korzysta\u0107 z odpowiednich procedur i aplikacji, licencje te s\u0105 niezb\u0119dne do prawid\u0142owego i bezstronnego \u015bwiadczenia us\u0142ug.<\/p>\n<p>RDS 2019 Gebruiker CALs, pakiet 10 licencji CAL, pozwala na zwi\u0119kszenie produktywno\u015bci organizacji i zwi\u0119kszenie elastyczno\u015bci dla u\u017cytkownik\u00f3w, dzi\u0119ki czemu mo\u017cna czerpa\u0107 korzy\u015bci z niezawodno\u015bci i wydajno\u015bci us\u0142ug pulpitu zdalnego firmy Microsoft. Pakiet ten zapewnia niezb\u0119dn\u0105 elastyczno\u015b\u0107 w zakresie zewn\u0119trznego dost\u0119pu i samodzielnej obs\u0142ugi.<\/p>","protected":false},"excerpt":{"rendered":"<p>De <strong>Windows Server 2019 1 licencja CAL u\u017cytkownika RDS<\/strong> otwiera przed u\u017cytkownikiem mo\u017cliwo\u015b\u0107 korzystania z us\u0142ug RDS w ramach systemu Microsoft. Us\u0142uga RDS-CAL jest powi\u0105zana z odpowiednimi licencjami CAL, umo\u017cliwiaj\u0105c korzystanie z platform desktopowych i aplikacyjnych.<\/p>\n<p><img decoding=\"async\" class=\"wp-image-38007 alignnone\" src=\"https:\/\/elicensenest.com\/wp-content\/uploads\/2022\/02\/blue-mark.png\" alt=\"\" width=\"25\" height=\"25\" srcset=\"https:\/\/elicensenest.com\/wp-content\/uploads\/2022\/02\/blue-mark.png 225w, https:\/\/elicensenest.com\/wp-content\/uploads\/2022\/02\/blue-mark-150x150.png 150w\" sizes=\"(max-width: 25px) 100vw, 25px\" \/>\u00a0<strong>Szybka i prosta obs\u0142uga oprogramowania!<br \/>\n<\/strong><img decoding=\"async\" class=\"wp-image-38007 alignnone\" src=\"https:\/\/elicensenest.com\/wp-content\/uploads\/2022\/02\/blue-mark.png\" alt=\"\" width=\"25\" height=\"25\" srcset=\"https:\/\/elicensenest.com\/wp-content\/uploads\/2022\/02\/blue-mark.png 225w, https:\/\/elicensenest.com\/wp-content\/uploads\/2022\/02\/blue-mark-150x150.png 150w\" sizes=\"(max-width: 25px) 100vw, 25px\" \/>\u00a0<strong>Binnen enkele seconden, digitaal geleverd!<br \/>\n<\/strong><img decoding=\"async\" class=\"wp-image-38007 alignnone\" src=\"https:\/\/elicensenest.com\/wp-content\/uploads\/2022\/02\/blue-mark.png\" alt=\"\" width=\"25\" height=\"25\" srcset=\"https:\/\/elicensenest.com\/wp-content\/uploads\/2022\/02\/blue-mark.png 225w, https:\/\/elicensenest.com\/wp-content\/uploads\/2022\/02\/blue-mark-150x150.png 150w\" sizes=\"(max-width: 25px) 100vw, 25px\" \/>\u00a0<strong>Niet goed = Geld terug!<br \/>\n<\/strong><img decoding=\"async\" class=\"wp-image-38007 alignnone\" src=\"https:\/\/elicensenest.com\/wp-content\/uploads\/2022\/02\/blue-mark.png\" alt=\"\" width=\"25\" height=\"25\" srcset=\"https:\/\/elicensenest.com\/wp-content\/uploads\/2022\/02\/blue-mark.png 225w, https:\/\/elicensenest.com\/wp-content\/uploads\/2022\/02\/blue-mark-150x150.png 150w\" sizes=\"(max-width: 25px) 100vw, 25px\" \/> <strong>Klantenservice tot 23:00 bereikbaar!<\/strong><br \/>\n<img decoding=\"async\" class=\"wp-image-38007 alignnone\" src=\"https:\/\/elicensenest.com\/wp-content\/uploads\/2022\/02\/blue-mark.png\" alt=\"\" width=\"25\" height=\"25\" srcset=\"https:\/\/elicensenest.com\/wp-content\/uploads\/2022\/02\/blue-mark.png 225w, https:\/\/elicensenest.com\/wp-content\/uploads\/2022\/02\/blue-mark-150x150.png 150w\" sizes=\"(max-width: 25px) 100vw, 25px\" \/><strong> Skorzystaj z holenderskiego sklepu internetowego z kluczem do sklepu internetowego!<\/strong><\/p>\n<h3><\/h3>","protected":false},"featured_media":118,"template":"","meta":{"inline_featured_image":false},"product_brand":[],"product_cat":[20],"product_tag":[],"class_list":{"0":"post-84","1":"product","2":"type-product","3":"status-publish","4":"has-post-thumbnail","6":"product_cat-server","8":"first","9":"instock","10":"sale","11":"taxable","12":"shipping-taxable","13":"purchasable","14":"product-type-simple"},"_links":{"self":[{"href":"https:\/\/elicensenest.com\/pl\/wp-json\/wp\/v2\/product\/84","targetHints":{"allow":["GET"]}}],"collection":[{"href":"https:\/\/elicensenest.com\/pl\/wp-json\/wp\/v2\/product"}],"about":[{"href":"https:\/\/elicensenest.com\/pl\/wp-json\/wp\/v2\/types\/product"}],"wp:featuredmedia":[{"embeddable":true,"href":"https:\/\/elicensenest.com\/pl\/wp-json\/wp\/v2\/media\/118"}],"wp:attachment":[{"href":"https:\/\/elicensenest.com\/pl\/wp-json\/wp\/v2\/media?parent=84"}],"wp:term":[{"taxonomy":"product_brand","embeddable":true,"href":"https:\/\/elicensenest.com\/pl\/wp-json\/wp\/v2\/product_brand?post=84"},{"taxonomy":"product_cat","embeddable":true,"href":"https:\/\/elicensenest.com\/pl\/wp-json\/wp\/v2\/product_cat?post=84"},{"taxonomy":"product_tag","embeddable":true,"href":"https:\/\/elicensenest.com\/pl\/wp-json\/wp\/v2\/product_tag?post=84"}],"curies":[{"name":"wp","href":"https:\/\/api.w.org\/{rel}","templated":true}]}}