{"id":82,"date":"2023-10-10T20:59:41","date_gmt":"2023-10-10T20:59:41","guid":{"rendered":"https:\/\/elicensenest.com\/?post_type=product&#038;p=82"},"modified":"2024-02-26T16:21:24","modified_gmt":"2024-02-26T16:21:24","slug":"office-2019-home-and-business-voor-mac","status":"publish","type":"product","link":"https:\/\/elicensenest.com\/pl\/produkt\/office-2019-home-and-business-voor-mac\/","title":{"rendered":"Office 2019 Home and Business dla komputer\u00f3w MAC"},"content":{"rendered":"<h3 style=\"text-align: center;\">Microsoft Office 2019 dla U\u017cytkownik\u00f3w Domowych i Ma\u0142ych Firm - dla systemu macOS<\/h3>\n<p style=\"text-align: center;\">\n<p>Microsoft Office 2019 Home and Business dla komputer\u00f3w Mac to zaawansowany pakiet narz\u0119dzi, stworzony specjalnie z my\u015bl\u0105 o przedsi\u0119biorcach i ma\u0142ych firmach korzystaj\u0105cych z macOS jako najlepszego systemu operacyjnego. Pakiet ten oferuje niezb\u0119dne narz\u0119dzia do tworzenia profesjonalnych dokument\u00f3w, usprawniania komunikacji i wydajnej pracy.<\/p>\n<p><strong>Aplikacje wewn\u0119trzne:<\/strong> Office 2019 Home and Business dla komputer\u00f3w Mac zawiera nast\u0119puj\u0105ce niezb\u0119dne aplikacje:<\/p>\n<ul>\n<li><strong>Microsoft Word:<\/strong> Voor het maken en bewerken van tekst- en documentbestanden.<\/li>\n<li><strong>Microsoft Excel:<\/strong> Do analizowania wynik\u00f3w i tworzenia przejrzystych arkuszy kalkulacyjnych.<\/li>\n<li><strong>Microsoft PowerPoint:<\/strong> Voor het ontwerpen van overtuigende presentaties.<\/li>\n<li><strong>Microsoft Outlook:<\/strong> Do obs\u0142ugi wiadomo\u015bci e-mail, kontakt\u00f3w i agendy.<\/li>\n<\/ul>\n<p><strong>Kenmerken en Voordelen:<\/strong><\/p>\n<ul>\n<li><em>Narz\u0119dzia zwi\u0119kszaj\u0105ce produktywno\u015b\u0107:<\/em> Office-toepassingen oferuje szereg funkcji zapewniaj\u0105cych produktywno\u015b\u0107 i zarz\u0105dzanie dokumentami.<\/li>\n<li><em>Effici\u00ebnt Zakelijk Beheer:<\/em> Outlook pomaga usprawni\u0107 komunikacj\u0119 i efektywnie organizowa\u0107 plan dnia.<\/li>\n<li><em>Spokojny i pewny:<\/em> Pakiet Office 2019 dla komputer\u00f3w Mac pozwala na zapoznanie si\u0119 z rozwojem i bezpiecze\u0144stwem zapewnianym przez firm\u0119 Microsoft.<\/li>\n<\/ul>\n<p><strong>Kompatybilno\u015b\u0107:<\/strong> Microsoft Office 2019 Home and Business dla komputer\u00f3w Mac jest kompatybilny z innymi wersjami pakietu Office i umo\u017cliwia otwieranie i przetwarzanie najlepszych dokument\u00f3w. Ponadto pakiet mo\u017cna zintegrowa\u0107 z us\u0142ugami w chmurze, aby dokumenty i wiadomo\u015bci by\u0142y dost\u0119pne bez \u017cadnych ogranicze\u0144.<\/p>\n<p><strong>Systeemvereisten:<\/strong> Aby zainstalowa\u0107 i korzysta\u0107 z pakietu Office 2019 Home and Business dla komputer\u00f3w Mac, potrzebny jest komputer z systemem Mac, kt\u00f3ry jest zgodny z poni\u017cszymi minimalnymi wymaganiami systemowymi:<\/p>\n<ul>\n<li><strong>Najlepszy system:<\/strong> 3 najnowsze wersje macOS.<\/li>\n<li><strong>Procesor:<\/strong> Procesor Intel.<\/li>\n<li><strong>Geheugen (RAM):<\/strong> Minimum 4 GB pami\u0119ci RAM.<\/li>\n<li><strong>Vaste schijf:<\/strong> Minimaal 10 GB vrije schijfruimte.<\/li>\n<li><strong>Beeldscherm:<\/strong> Ekran o rozdzielczo\u015bci co najmniej 1280 x 800 pikseli.<\/li>\n<\/ul>","protected":false},"excerpt":{"rendered":"<p><strong>Office 2019 Dom i Firma dla komputer\u00f3w Mac<\/strong> to pakiet oprogramowania firmy Microsoft przeznaczony specjalnie dla u\u017cytkownik\u00f3w komputer\u00f3w Mac, indywidualnych profesjonalist\u00f3w i ma\u0142ych firm. Zawiera bardzo popularne aplikacje kantorowe, dzi\u0119ki kt\u00f3rym u\u017cytkownicy komputer\u00f3w Mac mog\u0105 tworzy\u0107 dokumenty, generowa\u0107 wiadomo\u015bci, e-maile i prezentacje. W pakiecie znajduj\u0105 si\u0119: Word, Excel, PowerPoint, OneNote i Outlook<\/p>\n<h5><img decoding=\"async\" class=\"wp-image-38007 alignnone\" src=\"https:\/\/elicensenest.com\/wp-content\/uploads\/2022\/02\/blue-mark.png\" alt=\"\" width=\"25\" height=\"25\" srcset=\"https:\/\/elicensenest.com\/wp-content\/uploads\/2022\/02\/blue-mark.png 225w, https:\/\/elicensenest.com\/wp-content\/uploads\/2022\/02\/blue-mark-150x150.png 150w\" sizes=\"(max-width: 25px) 100vw, 25px\" \/>\u00a0<strong>Szybka i prosta obs\u0142uga oprogramowania!<br \/>\n<\/strong><img decoding=\"async\" class=\"wp-image-38007 alignnone\" src=\"https:\/\/elicensenest.com\/wp-content\/uploads\/2022\/02\/blue-mark.png\" alt=\"\" width=\"25\" height=\"25\" srcset=\"https:\/\/elicensenest.com\/wp-content\/uploads\/2022\/02\/blue-mark.png 225w, https:\/\/elicensenest.com\/wp-content\/uploads\/2022\/02\/blue-mark-150x150.png 150w\" sizes=\"(max-width: 25px) 100vw, 25px\" \/>\u00a0<strong>Binnen enkele seconden, digitaal geleverd!<br \/>\n<\/strong><img decoding=\"async\" class=\"wp-image-38007 alignnone\" src=\"https:\/\/elicensenest.com\/wp-content\/uploads\/2022\/02\/blue-mark.png\" alt=\"\" width=\"25\" height=\"25\" srcset=\"https:\/\/elicensenest.com\/wp-content\/uploads\/2022\/02\/blue-mark.png 225w, https:\/\/elicensenest.com\/wp-content\/uploads\/2022\/02\/blue-mark-150x150.png 150w\" sizes=\"(max-width: 25px) 100vw, 25px\" \/>\u00a0<strong>Niet goed = Geld terug!<br \/>\n<\/strong><img decoding=\"async\" class=\"wp-image-38007 alignnone\" src=\"https:\/\/elicensenest.com\/wp-content\/uploads\/2022\/02\/blue-mark.png\" alt=\"\" width=\"25\" height=\"25\" srcset=\"https:\/\/elicensenest.com\/wp-content\/uploads\/2022\/02\/blue-mark.png 225w, https:\/\/elicensenest.com\/wp-content\/uploads\/2022\/02\/blue-mark-150x150.png 150w\" sizes=\"(max-width: 25px) 100vw, 25px\" \/> Klantenservice tot 23:00 bereikbaar!<br \/>\n<img decoding=\"async\" class=\"wp-image-38007 alignnone\" src=\"https:\/\/elicensenest.com\/wp-content\/uploads\/2022\/02\/blue-mark.png\" alt=\"\" width=\"25\" height=\"25\" srcset=\"https:\/\/elicensenest.com\/wp-content\/uploads\/2022\/02\/blue-mark.png 225w, https:\/\/elicensenest.com\/wp-content\/uploads\/2022\/02\/blue-mark-150x150.png 150w\" sizes=\"(max-width: 25px) 100vw, 25px\" \/> Skorzystaj z holenderskiego sklepu internetowego z kluczem do sklepu internetowego!<\/h5>","protected":false},"featured_media":116,"template":"","meta":{"inline_featured_image":false},"product_brand":[],"product_cat":[17],"product_tag":[],"class_list":{"0":"post-82","1":"product","2":"type-product","3":"status-publish","4":"has-post-thumbnail","6":"product_cat-microsoft-office","8":"first","9":"instock","10":"sale","11":"taxable","12":"shipping-taxable","13":"purchasable","14":"product-type-simple"},"_links":{"self":[{"href":"https:\/\/elicensenest.com\/pl\/wp-json\/wp\/v2\/product\/82","targetHints":{"allow":["GET"]}}],"collection":[{"href":"https:\/\/elicensenest.com\/pl\/wp-json\/wp\/v2\/product"}],"about":[{"href":"https:\/\/elicensenest.com\/pl\/wp-json\/wp\/v2\/types\/product"}],"wp:featuredmedia":[{"embeddable":true,"href":"https:\/\/elicensenest.com\/pl\/wp-json\/wp\/v2\/media\/116"}],"wp:attachment":[{"href":"https:\/\/elicensenest.com\/pl\/wp-json\/wp\/v2\/media?parent=82"}],"wp:term":[{"taxonomy":"product_brand","embeddable":true,"href":"https:\/\/elicensenest.com\/pl\/wp-json\/wp\/v2\/product_brand?post=82"},{"taxonomy":"product_cat","embeddable":true,"href":"https:\/\/elicensenest.com\/pl\/wp-json\/wp\/v2\/product_cat?post=82"},{"taxonomy":"product_tag","embeddable":true,"href":"https:\/\/elicensenest.com\/pl\/wp-json\/wp\/v2\/product_tag?post=82"}],"curies":[{"name":"wp","href":"https:\/\/api.w.org\/{rel}","templated":true}]}}