{"id":81,"date":"2023-10-10T21:00:58","date_gmt":"2023-10-10T21:00:58","guid":{"rendered":"https:\/\/elicensenest.com\/?post_type=product&#038;p=81"},"modified":"2025-05-07T12:07:19","modified_gmt":"2025-05-07T12:07:19","slug":"autodesk-autocad-lt-2021-1jaar","status":"publish","type":"product","link":"https:\/\/elicensenest.com\/pl\/produkt\/autodesk-autocad-lt-2021-1jaar\/","title":{"rendered":"Autodesk AutoCAD LT 2021 (1JAAR)"},"content":{"rendered":"<p>Wariant EDU<\/p>\n<p><strong>AutoCAD LT 2021(1JAAR)<\/strong><\/p>\n<p>Skorzystaj z Autodesk\u00ae AutoCAD LT\u00ae i tw\u00f3rz nowe projekty 2D oraz dokumentacj\u0119. Zapewnia \u0142atw\u0105 obs\u0142ug\u0119 i instalacj\u0119, a tak\u017ce nowe funkcje i opcje, takie jak Quick Measure, nowa paleta blok\u00f3w, nowa funkcja czyszczenia i wiele innych.<br \/>\nPracuj na platformach i korzystaj z nowych aplikacji internetowych i mobilnych AutoCAD, kt\u00f3re zawsze i wsz\u0119dzie s\u0105 dost\u0119pne. Je\u015bli korzystasz z AutoCAD LT, otrzymujesz najnowsze aktualizacje funkcji, zyskujesz zaufanie do technologii TrustedDWG\u2122 i mo\u017cesz w pe\u0142ni korzysta\u0107 z aplikacji internetowych i mobilnych AutoCAD.<\/p>\n<p><strong>Redenen om in te schrijven:<\/strong><\/p>\n<ul>\n<li>\u00a0Skorzystaj z elastycznego oprogramowania z opcjami zmieniaj\u0105cymi si\u0119 od jednego miesi\u0105ca do kilku lat.<\/li>\n<li>\u00a0Dost\u0119p do najnowszych rozwi\u0105za\u0144 za po\u015brednictwem komputer\u00f3w stacjonarnych, Internetu i urz\u0105dze\u0144 mobilnych.<\/li>\n<li>\u00a0Dost\u0119p do nowych funkcji dla u\u017cytkownik\u00f3w i zada\u0144, dost\u0119pnych w aktualizacjach dost\u0119pnych wy\u0142\u0105cznie dla u\u017cytkownik\u00f3w.<\/li>\n<\/ul>\n<p><strong>Korzystaj z innowacyjnych i zaawansowanych funkcji:<\/strong><\/p>\n<p><strong>Nieuw donker ontwerp<\/strong><br \/>\nOferuje weryfikowalny obraz z wyra\u017anym kontrastem, wyra\u017anymi piktogramami i nowoczesnym, niebieskim interfejsem.<\/p>\n<p>Snelle meting<br \/>\nW razie potrzeby mo\u017cna r\u00f3wnie\u017c skorzysta\u0107 ze wszystkich przydatnych \u015brodk\u00f3w w jednym kroku, otwieraj\u0105c drzwi na ca\u0142ej d\u0142ugo\u015bci muisaanwijzer.<br \/>\n.<\/p>\n<p><strong>Blok Palet<\/strong><br \/>\nEfektywnie blokuj w ostatnio u\u017cywanej lokalizacji lub w okre\u015blonych zadaniach i korzystaj z widocznych galerii. Nowa opcja Herhaalplaatsing u\u0142atwia prac\u0119.<\/p>\n<p><strong>Opruimen (herzien)<\/strong><br \/>\nW jednym kroku mo\u017cesz sprawdzi\u0107 wi\u0119cej przedmiot\u00f3w jednorazowego u\u017cytku, dokonuj\u0105c odpowiedniego wyboru i konwertuj\u0105c przedmioty. Pojedyncze przedmioty mog\u0105 by\u0107 otwierane w ramach jednego zadania, aby u\u0142atwi\u0107 korzystanie ze sklepu.<\/p>\n<p><strong>Verbeterde DWG-vergelijking<\/strong><br \/>\nWeryfikuje si\u0119 dwie wersje ustawie\u0144 dla gniazda XRef lub gniazda XRef. Zidentyfikuj graficzn\u0105 r\u00f3\u017cnic\u0119 i zaimportuj nowe ustawienia w swoim urz\u0105dzeniu.<\/p>\n<p><strong>Wi\u0105zanie z chmur\u0105-opslag<\/strong><br \/>\nDost\u0119p do plik\u00f3w DWG jest mo\u017cliwy za po\u015brednictwem dw\u00f3ch r\u00f3\u017cnych dostawc\u00f3w us\u0142ug w chmurze oraz za po\u015brednictwem us\u0142ugi Autodesk Drive, kt\u00f3ra jest dost\u0119pna w ramach abonamentu.<\/p>\n<p><strong>Snelheidsverbeteringen<\/strong><br \/>\nWykonaj swoj\u0105 prac\u0119 w u\u0142amku sekundy. Zainstaluj program AutoCAD LT na p\u00f3\u0142le\u017c\u0105co w miejscu pracy.<\/p>","protected":false},"excerpt":{"rendered":"<h5><img decoding=\"async\" class=\"wp-image-38007 alignnone\" src=\"https:\/\/elicensenest.com\/wp-content\/uploads\/2022\/02\/blue-mark.png\" alt=\"\" width=\"25\" height=\"25\" srcset=\"https:\/\/elicensenest.com\/wp-content\/uploads\/2022\/02\/blue-mark.png 225w, https:\/\/elicensenest.com\/wp-content\/uploads\/2022\/02\/blue-mark-150x150.png 150w\" sizes=\"(max-width: 25px) 100vw, 25px\" \/>\u00a0<strong>Szybka i prosta obs\u0142uga oprogramowania!<br \/>\n<\/strong><img decoding=\"async\" class=\"wp-image-38007 alignnone\" src=\"https:\/\/elicensenest.com\/wp-content\/uploads\/2022\/02\/blue-mark.png\" alt=\"\" width=\"25\" height=\"25\" srcset=\"https:\/\/elicensenest.com\/wp-content\/uploads\/2022\/02\/blue-mark.png 225w, https:\/\/elicensenest.com\/wp-content\/uploads\/2022\/02\/blue-mark-150x150.png 150w\" sizes=\"(max-width: 25px) 100vw, 25px\" \/>\u00a0<strong>Binnen enkele seconden, digitaal geleverd!<br \/>\n<\/strong><img decoding=\"async\" class=\"wp-image-38007 alignnone\" src=\"https:\/\/elicensenest.com\/wp-content\/uploads\/2022\/02\/blue-mark.png\" alt=\"\" width=\"25\" height=\"25\" srcset=\"https:\/\/elicensenest.com\/wp-content\/uploads\/2022\/02\/blue-mark.png 225w, https:\/\/elicensenest.com\/wp-content\/uploads\/2022\/02\/blue-mark-150x150.png 150w\" sizes=\"(max-width: 25px) 100vw, 25px\" \/>\u00a0<strong>Niet goed = Geld terug!<br \/>\n<\/strong><img decoding=\"async\" class=\"wp-image-38007 alignnone\" src=\"https:\/\/elicensenest.com\/wp-content\/uploads\/2022\/02\/blue-mark.png\" alt=\"\" width=\"25\" height=\"25\" srcset=\"https:\/\/elicensenest.com\/wp-content\/uploads\/2022\/02\/blue-mark.png 225w, https:\/\/elicensenest.com\/wp-content\/uploads\/2022\/02\/blue-mark-150x150.png 150w\" sizes=\"(max-width: 25px) 100vw, 25px\" \/> Klantenservice tot 23:00 bereikbaar!<br \/>\n<img decoding=\"async\" class=\"wp-image-38007 alignnone\" src=\"https:\/\/elicensenest.com\/wp-content\/uploads\/2022\/02\/blue-mark.png\" alt=\"\" width=\"25\" height=\"25\" srcset=\"https:\/\/elicensenest.com\/wp-content\/uploads\/2022\/02\/blue-mark.png 225w, https:\/\/elicensenest.com\/wp-content\/uploads\/2022\/02\/blue-mark-150x150.png 150w\" sizes=\"(max-width: 25px) 100vw, 25px\" \/> Skorzystaj z holenderskiego sklepu internetowego z kluczem do sklepu internetowego!<\/h5>\n<h3><\/h3>","protected":false},"featured_media":115,"template":"","meta":{"inline_featured_image":false},"product_brand":[],"product_cat":[19],"product_tag":[],"class_list":{"0":"post-81","1":"product","2":"type-product","3":"status-publish","4":"has-post-thumbnail","6":"product_cat-multimedia","8":"first","9":"outofstock","10":"sale","11":"taxable","12":"shipping-taxable","13":"purchasable","14":"product-type-simple"},"_links":{"self":[{"href":"https:\/\/elicensenest.com\/pl\/wp-json\/wp\/v2\/product\/81","targetHints":{"allow":["GET"]}}],"collection":[{"href":"https:\/\/elicensenest.com\/pl\/wp-json\/wp\/v2\/product"}],"about":[{"href":"https:\/\/elicensenest.com\/pl\/wp-json\/wp\/v2\/types\/product"}],"wp:featuredmedia":[{"embeddable":true,"href":"https:\/\/elicensenest.com\/pl\/wp-json\/wp\/v2\/media\/115"}],"wp:attachment":[{"href":"https:\/\/elicensenest.com\/pl\/wp-json\/wp\/v2\/media?parent=81"}],"wp:term":[{"taxonomy":"product_brand","embeddable":true,"href":"https:\/\/elicensenest.com\/pl\/wp-json\/wp\/v2\/product_brand?post=81"},{"taxonomy":"product_cat","embeddable":true,"href":"https:\/\/elicensenest.com\/pl\/wp-json\/wp\/v2\/product_cat?post=81"},{"taxonomy":"product_tag","embeddable":true,"href":"https:\/\/elicensenest.com\/pl\/wp-json\/wp\/v2\/product_tag?post=81"}],"curies":[{"name":"wp","href":"https:\/\/api.w.org\/{rel}","templated":true}]}}