{"id":51989,"date":"2026-02-16T17:13:31","date_gmt":"2026-02-16T17:13:31","guid":{"rendered":"https:\/\/elicensenest.com\/?post_type=product&#038;p=51989"},"modified":"2026-02-16T17:13:56","modified_gmt":"2026-02-16T17:13:56","slug":"autodesk-all-apps-2026-1-year-or-3-year-subscription-multi-device-access-license-tied-to-your-email","status":"publish","type":"product","link":"https:\/\/elicensenest.com\/pl\/produkt\/autodesk-all-apps-2026-1-year-or-3-year-subscription-multi-device-access-license-tied-to-your-email\/","title":{"rendered":"AutoDesk All Apps 2026 \u2013 1-Year or 3-Year Subscription | Multi-Device Access | License Tied to Your Email"},"content":{"rendered":"<h3 class=\"wp-block-heading\">-Opis :&nbsp;<\/h3>\n\n\n\n<p>Uzyskaj dost\u0119p do pe\u0142nego pakietu&nbsp;<strong>Autodesk Wszystkie aplikacje<\/strong>&nbsp;z 3-letni\u0105 subskrypcj\u0105, obejmuj\u0105c\u0105 wiod\u0105ce w bran\u017cy narz\u0119dzia do projektowania, in\u017cynierii, budownictwa i medi\u00f3w. Pakiet ten obejmuje najlepsze aplikacje, takie jak:<\/p>\n\n\n\n<ul class=\"wp-block-list\">\n<li><strong>3ds Max<\/strong>\u00a0- do modelowania 3D, renderowania i animacji.<\/li>\n\n\n\n<li><strong>Advance Steel<\/strong>\u00a0- detalowanie i produkcja stali konstrukcyjnej.<\/li>\n\n\n\n<li><strong>Alias AutoStudio<\/strong>\u00a0- projektowanie i wizualizacja samochod\u00f3w.<\/li>\n\n\n\n<li><strong>Arnold<\/strong>\u00a0- zaawansowane renderowanie.<\/li>\n\n\n\n<li><strong>AutoCAD<\/strong>\u00a0(w tym specjalistyczne zestawy narz\u0119dzi) i\u00a0<strong>AutoCAD LT<\/strong>\u00a0- do precyzyjnego kre\u015blenia 2D i 3D.<\/li>\n\n\n\n<li><strong>Autodesk Construction Cloud<\/strong>\u00a0- usprawnienie proces\u00f3w budowlanych.<\/li>\n\n\n\n<li><strong>CFD Ultimate<\/strong>\u00a0- obliczeniowa dynamika p\u0142yn\u00f3w do symulacji.<\/li>\n\n\n\n<li><strong>Civil 3D<\/strong>\u00a0- dla in\u017cynierii l\u0105dowej i projektowania infrastruktury.<\/li>\n\n\n\n<li><strong>Fuzja<\/strong>\u00a0- dla 3D CAD, CAM i CAE, z wersjami dla FeatureCAM i Moldflow Adviser.<\/li>\n\n\n\n<li><strong>Inventor Professional<\/strong>\u00a0(z zagnie\u017cd\u017caniem, analiz\u0105 tolerancji, Nastran) - zaawansowany system CAD 3D dla in\u017cynier\u00f3w.<\/li>\n\n\n\n<li><strong>Maya<\/strong>\u00a0- standardowe oprogramowanie do animacji 3D.<\/li>\n\n\n\n<li><strong>Revit<\/strong>\u00a0- modelowanie informacji o budynku (BIM) dla architektury.<\/li>\n\n\n\n<li><strong>Navisworks Manage<\/strong>\u00a0- oprogramowanie do przegl\u0105du projekt\u00f3w dla profesjonalist\u00f3w AEC.<\/li>\n\n\n\n<li><strong>Robot Structural Analysis Professional<\/strong>\u00a0- analiza in\u017cynierii strukturalnej.<\/li>\n\n\n\n<li><strong>Vault Professional<\/strong>\u00a0- zarz\u0105dzanie danymi dla zespo\u0142\u00f3w in\u017cynieryjnych.<\/li>\n<\/ul>\n\n\n\n<p>I wiele innych aplikacji, w tym&nbsp;<strong>Mudbox<\/strong>,&nbsp;<strong>MotionBuilder<\/strong>,&nbsp;<strong>PowerInspect Ultimate<\/strong>,&nbsp;<strong>HSMWorks Ultimate<\/strong>,&nbsp;<strong>VRED Professional<\/strong>,&nbsp;<strong>Netfabb Premium<\/strong>oraz&nbsp;<strong>Projektowanie most\u00f3w strukturalnych<\/strong>.<\/p>\n\n\n\n<p>Ten kompleksowy pakiet zapewnia wszystkie narz\u0119dzia potrzebne do ka\u017cdego projektu, z pot\u0119\u017cnymi mo\u017cliwo\u015bciami projektowania, symulacji, renderowania i zarz\u0105dzania projektami - wszystko w ramach jednej licencji. Ciesz si\u0119 3-letni\u0105 subskrypcj\u0105 i odblokuj pe\u0142n\u0105 moc zaawansowanego zestawu narz\u0119dzi Autodesk.<\/p>\n\n\n\n<p><strong>\u2705<\/strong><strong> Co otrzymasz:<\/strong><strong><\/strong><\/p>\n\n\n\n<ul class=\"wp-block-list\">\n<li><strong>Oficjalna 3-letnia licencja AutoDesk na wszystkie aplikacje - dostarczona na adres e-mail<\/strong><\/li>\n\n\n\n<li><strong>Dost\u0119p prywatny za po\u015brednictwem zaproszenia e-mail (brak kont wsp\u00f3\u0142dzielonych)<\/strong><\/li>\n\n\n\n<li><strong>Korzystanie z wielu urz\u0105dze\u0144 - aktywacja na wielu urz\u0105dzeniach jednocze\u015bnie<\/strong><\/li>\n\n\n\n<li><strong>Zgodno\u015b\u0107 z systemami Windows i macOS oraz tabletami Ipad<\/strong><\/li>\n\n\n\n<li><strong>Bezpo\u015brednio z oficjalnej platformy Autodesk<\/strong><\/li>\n\n\n\n<li><strong>Bezpieczny, prywatny i w pe\u0142ni funkcjonalny<\/strong><\/li>\n<\/ul>\n\n\n\n<hr class=\"wp-block-separator has-alpha-channel-opacity\"\/>\n\n\n\n<p><strong>\u2705<\/strong><strong>Jak to dzia\u0142a?<\/strong><strong><\/strong><\/p>\n\n\n\n<ol start=\"1\" class=\"wp-block-list\">\n<li><strong>Po zakupie wy\u015blij nam sw\u00f3j adres e-mail.<\/strong><\/li>\n\n\n\n<li><strong>Zaprosimy Ci\u0119 bezpo\u015brednio do uzyskania dost\u0119pu do Twojej licencji AutoDesk.<\/strong><\/li>\n\n\n\n<li><strong>Zaakceptuj zaproszenie i zacznij korzysta\u0107 z AutoDesk na swoich urz\u0105dzeniach.<\/strong><\/li>\n\n\n\n<li><strong>Ciesz si\u0119 3 pe\u0142nymi latami nieprzerwanego dost\u0119pu - bez miesi\u0119cznych op\u0142at, bez okresu pr\u00f3bnego.<\/strong><\/li>\n<\/ol>\n\n\n\n<hr class=\"wp-block-separator has-alpha-channel-opacity\"\/>","protected":false},"excerpt":{"rendered":"<p>\u2714\ufe0f100% Oryginalna wersja bez cracka<\/p>\n<p>\u2714\ufe0fRuns na komputerach Windows i Mac<\/p>\n<p>\u2714\ufe0fDownload produkt(y) z oficjalnej strony Autodesk<\/p>\n<p>\u2714\ufe0f Mo\u017ce by\u0107 u\u017cywany na wielu urz\u0105dzeniach<\/p>\n<p>\u2714\ufe0f Dodamy Tw\u00f3j adres e-mail do systemu i otrzymasz zaproszenie do uzyskania dost\u0119pu do licencji.<\/p>","protected":false},"featured_media":51876,"template":"","meta":{"inline_featured_image":false},"product_brand":[],"product_cat":[30],"product_tag":[],"class_list":{"0":"post-51989","1":"product","2":"type-product","3":"status-publish","4":"has-post-thumbnail","6":"product_cat-autodesk","8":"first","9":"instock","10":"taxable","11":"shipping-taxable","12":"purchasable","13":"product-type-variable"},"_links":{"self":[{"href":"https:\/\/elicensenest.com\/pl\/wp-json\/wp\/v2\/product\/51989","targetHints":{"allow":["GET"]}}],"collection":[{"href":"https:\/\/elicensenest.com\/pl\/wp-json\/wp\/v2\/product"}],"about":[{"href":"https:\/\/elicensenest.com\/pl\/wp-json\/wp\/v2\/types\/product"}],"wp:featuredmedia":[{"embeddable":true,"href":"https:\/\/elicensenest.com\/pl\/wp-json\/wp\/v2\/media\/51876"}],"wp:attachment":[{"href":"https:\/\/elicensenest.com\/pl\/wp-json\/wp\/v2\/media?parent=51989"}],"wp:term":[{"taxonomy":"product_brand","embeddable":true,"href":"https:\/\/elicensenest.com\/pl\/wp-json\/wp\/v2\/product_brand?post=51989"},{"taxonomy":"product_cat","embeddable":true,"href":"https:\/\/elicensenest.com\/pl\/wp-json\/wp\/v2\/product_cat?post=51989"},{"taxonomy":"product_tag","embeddable":true,"href":"https:\/\/elicensenest.com\/pl\/wp-json\/wp\/v2\/product_tag?post=51989"}],"curies":[{"name":"wp","href":"https:\/\/api.w.org\/{rel}","templated":true}]}}