{"id":36,"date":"2023-10-10T21:00:58","date_gmt":"2023-10-10T21:00:58","guid":{"rendered":"https:\/\/elicensenest.com\/?post_type=product&#038;p=36"},"modified":"2023-10-28T18:16:09","modified_gmt":"2023-10-28T18:16:09","slug":"mcafee-internet-security-3pc-1-jaar","status":"publish","type":"product","link":"https:\/\/elicensenest.com\/pl\/produkt\/mcafee-internet-security-3pc-1-jaar\/","title":{"rendered":"McAfee Internet Security 3PC - 1 JAAR"},"content":{"rendered":"<p>McAfee Internet Security jest wyj\u0105tkowym pakietem oprogramowania zabezpieczaj\u0105cego, stworzonym z my\u015bl\u0105 o u\u017cytkownikach w celu ochrony ich przed zagro\u017ceniami online. Oprogramowanie to, opracowane przez firm\u0119 McAfee, zawiera kombinacj\u0119 funkcji antywirusowych, antyspyware, firewall i innych zabezpiecze\u0144, dzi\u0119ki kt\u00f3rym u\u017cytkownicy mog\u0105 chroni\u0107 si\u0119 w Internecie. Poni\u017cej znajduj\u0105 si\u0119 najwa\u017cniejsze funkcje programu McAfee Internet Security:<\/p>\n<ol>\n<li><strong>Antivirus en Antispyware<\/strong>: McAfee Internet Security wykrywa i weryfikuje wirusy, z\u0142o\u015bliwe oprogramowanie, programy szpieguj\u0105ce i inne szkodliwe programy, kt\u00f3re mog\u0105 zainfekowa\u0107 komputer i spowodowa\u0107 utrat\u0119 danych.<\/li>\n<li><strong>Firewall<\/strong>: Jest to zaawansowana zapora sieciowa, umo\u017cliwiaj\u0105ca samodzielne korzystanie z komputera i ograniczanie osobistych uprawnie\u0144.<\/li>\n<li><strong>Webbeveiliging<\/strong>: McAfee chroni przed niebezpiecznymi stronami internetowymi i phishingiem, kt\u00f3re u\u017cytkownicy mog\u0105 przegl\u0105da\u0107 w niewidzialny spos\u00f3b i dokonywa\u0107 transakcji online.<\/li>\n<li><strong>E-mailbeveiliging<\/strong>: Niewielka ilo\u015b\u0107 inkomende i uitgaande e-maili na temat schadelijke bijlagen i link\u00f3w do voorkomen dat malware via e-maile wordt verspreid.<\/li>\n<li><strong>Ouderlijk toezicht<\/strong>: McAfee Internet Security udost\u0119pnia narz\u0119dzia, dzi\u0119ki kt\u00f3rym nasi rodzice mog\u0105 obserwowa\u0107 i kontrolowa\u0107 aktywno\u015b\u0107 swoich dzieci w Internecie.<\/li>\n<li><strong>Bestandsversleuteling<\/strong>: Niekt\u00f3re elementy mog\u0105 zosta\u0107 zmienione, w przypadku gdy s\u0105 one uszkodzone w zwi\u0105zku z nieautoryzowanym uruchomieniem.<\/li>\n<li><strong>Optymalizacja statystyk systemowych<\/strong>: De software is so ontworpen dat deze de systeemprestaties niet vertraagt en regelmatige scans op de achtergrond uitvoert zonder hinderlijk te zijn voor de gebruiker.<\/li>\n<li><strong>Automatyczne aktualizacje<\/strong>: Firma McAfee regularnie aktualizuje oprogramowanie, aby dzia\u0142a\u0142o i by\u0142o bezpieczne w przypadku nowych zagro\u017ce\u0144.<\/li>\n<\/ol>\n<p>McAfee Internet Security jest dost\u0119pny w r\u00f3\u017cnych wersjach abonamentowych i mo\u017ce by\u0107 instalowany zar\u00f3wno w systemach Windows, jak i Mac. Jest to popularny klucz dla u\u017cytkownik\u00f3w indywidualnych i grupowych, kt\u00f3rym zale\u017cy na bezpiecznym korzystaniu z Internetu i bezpiecze\u0144stwie podczas surfowania po Internecie i korzystania z codziennych zakup\u00f3w online.<\/p>","protected":false},"excerpt":{"rendered":"<p>McAfee Internet Security jest wyj\u0105tkowym pakietem oprogramowania zabezpieczaj\u0105cego, stworzonym z my\u015bl\u0105 o u\u017cytkownikach w celu ochrony przed zagro\u017ceniami i zagro\u017ceniami online. Oprogramowanie to, opracowane przez firm\u0119 McAfee, zawiera kombinacj\u0119 funkcji antywirusowych, antyspyware, firewall i innych zabezpiecze\u0144, umo\u017cliwiaj\u0105cych ochron\u0119 u\u017cytkownik\u00f3w online.<\/p>\n<h5><img decoding=\"async\" class=\"wp-image-38007 alignnone\" src=\"https:\/\/elicensenest.com\/wp-content\/uploads\/2022\/02\/blue-mark.png\" alt=\"\" width=\"25\" height=\"25\" srcset=\"https:\/\/elicensenest.com\/wp-content\/uploads\/2022\/02\/blue-mark.png 225w, https:\/\/elicensenest.com\/wp-content\/uploads\/2022\/02\/blue-mark-150x150.png 150w\" sizes=\"(max-width: 25px) 100vw, 25px\" \/>\u00a0<strong>Szybka i prosta obs\u0142uga oprogramowania!<br \/>\n<\/strong><img decoding=\"async\" class=\"wp-image-38007 alignnone\" src=\"https:\/\/elicensenest.com\/wp-content\/uploads\/2022\/02\/blue-mark.png\" alt=\"\" width=\"25\" height=\"25\" srcset=\"https:\/\/elicensenest.com\/wp-content\/uploads\/2022\/02\/blue-mark.png 225w, https:\/\/elicensenest.com\/wp-content\/uploads\/2022\/02\/blue-mark-150x150.png 150w\" sizes=\"(max-width: 25px) 100vw, 25px\" \/>\u00a0<strong>Binnen enkele seconden, digitaal geleverd!<br \/>\n<\/strong><img decoding=\"async\" class=\"wp-image-38007 alignnone\" src=\"https:\/\/elicensenest.com\/wp-content\/uploads\/2022\/02\/blue-mark.png\" alt=\"\" width=\"25\" height=\"25\" srcset=\"https:\/\/elicensenest.com\/wp-content\/uploads\/2022\/02\/blue-mark.png 225w, https:\/\/elicensenest.com\/wp-content\/uploads\/2022\/02\/blue-mark-150x150.png 150w\" sizes=\"(max-width: 25px) 100vw, 25px\" \/>\u00a0<strong>Niet goed = Geld terug!<br \/>\n<\/strong><img decoding=\"async\" class=\"wp-image-38007 alignnone\" src=\"https:\/\/elicensenest.com\/wp-content\/uploads\/2022\/02\/blue-mark.png\" alt=\"\" width=\"25\" height=\"25\" srcset=\"https:\/\/elicensenest.com\/wp-content\/uploads\/2022\/02\/blue-mark.png 225w, https:\/\/elicensenest.com\/wp-content\/uploads\/2022\/02\/blue-mark-150x150.png 150w\" sizes=\"(max-width: 25px) 100vw, 25px\" \/> Klantenservice tot 23:00 bereikbaar!<br \/>\n<img decoding=\"async\" class=\"wp-image-38007 alignnone\" src=\"https:\/\/elicensenest.com\/wp-content\/uploads\/2022\/02\/blue-mark.png\" alt=\"\" width=\"25\" height=\"25\" srcset=\"https:\/\/elicensenest.com\/wp-content\/uploads\/2022\/02\/blue-mark.png 225w, https:\/\/elicensenest.com\/wp-content\/uploads\/2022\/02\/blue-mark-150x150.png 150w\" sizes=\"(max-width: 25px) 100vw, 25px\" \/> Skorzystaj z holenderskiego sklepu internetowego z kluczem do sklepu internetowego!<\/h5>\n<h3><\/h3>","protected":false},"featured_media":72,"template":"","meta":{"inline_featured_image":false},"product_brand":[],"product_cat":[18],"product_tag":[],"class_list":{"0":"post-36","1":"product","2":"type-product","3":"status-publish","4":"has-post-thumbnail","6":"product_cat-antivirus","8":"first","9":"instock","10":"sale","11":"taxable","12":"shipping-taxable","13":"purchasable","14":"product-type-simple"},"_links":{"self":[{"href":"https:\/\/elicensenest.com\/pl\/wp-json\/wp\/v2\/product\/36","targetHints":{"allow":["GET"]}}],"collection":[{"href":"https:\/\/elicensenest.com\/pl\/wp-json\/wp\/v2\/product"}],"about":[{"href":"https:\/\/elicensenest.com\/pl\/wp-json\/wp\/v2\/types\/product"}],"wp:featuredmedia":[{"embeddable":true,"href":"https:\/\/elicensenest.com\/pl\/wp-json\/wp\/v2\/media\/72"}],"wp:attachment":[{"href":"https:\/\/elicensenest.com\/pl\/wp-json\/wp\/v2\/media?parent=36"}],"wp:term":[{"taxonomy":"product_brand","embeddable":true,"href":"https:\/\/elicensenest.com\/pl\/wp-json\/wp\/v2\/product_brand?post=36"},{"taxonomy":"product_cat","embeddable":true,"href":"https:\/\/elicensenest.com\/pl\/wp-json\/wp\/v2\/product_cat?post=36"},{"taxonomy":"product_tag","embeddable":true,"href":"https:\/\/elicensenest.com\/pl\/wp-json\/wp\/v2\/product_tag?post=36"}],"curies":[{"name":"wp","href":"https:\/\/api.w.org\/{rel}","templated":true}]}}