{"id":22,"date":"2023-10-10T21:00:15","date_gmt":"2023-10-10T21:00:15","guid":{"rendered":"https:\/\/elicensenest.com\/?post_type=product&#038;p=22"},"modified":"2023-10-19T22:37:40","modified_gmt":"2023-10-19T22:37:40","slug":"office-2013-home-and-business","status":"publish","type":"product","link":"https:\/\/elicensenest.com\/pl\/produkt\/office-2013-home-and-business\/","title":{"rendered":"Office 2013 dla U\u017cytkownik\u00f3w Domowych i Ma\u0142ych Firm"},"content":{"rendered":"<p><strong>Office 2013 dla U\u017cytkownik\u00f3w Domowych i Ma\u0142ych Firm<\/strong><\/p>\n<p>Office Home &amp; Business 2013 zosta\u0142 opracowany z my\u015bl\u0105 o szybkim tworzeniu i komunikowaniu si\u0119, z nowymi, zaawansowanymi funkcjami i prostym, nowoczesnym interfejsem. Co wi\u0119cej, dokumenty ze SkyDrive mog\u0105 by\u0107 przechowywane w chmurze, dzi\u0119ki czemu maj\u0105 do niej bardzo \u0142atwy dost\u0119p.<\/p>\n<p>Kenmerken<br \/>\n- Instalacja: Nederlands- Pakiety j\u0119zykowe dla r\u00f3\u017cnych talent\u00f3w europejskich, instrukcje s\u0105 dost\u0119pne.<br \/>\n- Pakiet zawiera programy Word, Excel, PowerPoint, OneNote i Outlook<\/p>\n<p><strong>System<\/strong><br \/>\nPlatforma<br \/>\nWindows<br \/>\nOndersteunde besturingssystemen<br \/>\nWindows 7 (32-bitowy lub 64-bitowy)<br \/>\nWindows 8 (32-bitowy lub 64-bitowy)<br \/>\nWindows 8.1 (32-bitowy lub 64-bitowy)<br \/>\nWindows 10 (32-bitowy lub 64-bitowy)<br \/>\nWindows Server 2008 R2 (64-bitowy)<br \/>\nWindows Server 2012 (64-bitowy)<br \/>\nProzessor<br \/>\nProcesor x86 lub x64 z taktowaniem 1 GHz i zestawem instrukcji SSE2<\/p>\n<p>Werkgeheugen<br \/>\n1 GB RAM (32-bitowy)<br \/>\n2 GB RAM (64 bit)<br \/>\nSchijfruimte<br \/>\n3 GB<br \/>\nKarta graficzna<br \/>\nDla akceleracji sprz\u0119towej grafiki dost\u0119pny jest DirectX 10- z kompatybiln\u0105 kart\u0105 graficzn\u0105 i wy\u015bwietlaczem o rozdzielczo\u015bci 1024 x 576.<br \/>\nGeluidskaart<br \/>\n\/<\/p>","protected":false},"excerpt":{"rendered":"<p>Office Home &amp; Business 2013 zosta\u0142 stworzony, aby u\u0142atwi\u0107 tworzenie i komunikacj\u0119, dzi\u0119ki nowym, zaawansowanym funkcjom i prostemu, nowoczesnemu interfejsowi.<\/p>\n<h5><img decoding=\"async\" class=\"wp-image-38007 alignnone\" src=\"https:\/\/elicensenest.com\/wp-content\/uploads\/2022\/02\/blue-mark.png\" alt=\"\" width=\"25\" height=\"25\" srcset=\"https:\/\/elicensenest.com\/wp-content\/uploads\/2022\/02\/blue-mark.png 225w, https:\/\/elicensenest.com\/wp-content\/uploads\/2022\/02\/blue-mark-150x150.png 150w\" sizes=\"(max-width: 25px) 100vw, 25px\" \/>\u00a0<strong>Szybka i prosta obs\u0142uga oprogramowania!<br \/>\n<\/strong><img decoding=\"async\" class=\"wp-image-38007 alignnone\" src=\"https:\/\/elicensenest.com\/wp-content\/uploads\/2022\/02\/blue-mark.png\" alt=\"\" width=\"25\" height=\"25\" srcset=\"https:\/\/elicensenest.com\/wp-content\/uploads\/2022\/02\/blue-mark.png 225w, https:\/\/elicensenest.com\/wp-content\/uploads\/2022\/02\/blue-mark-150x150.png 150w\" sizes=\"(max-width: 25px) 100vw, 25px\" \/>\u00a0<strong>Binnen enkele seconden, digitaal geleverd!<br \/>\n<\/strong><img decoding=\"async\" class=\"wp-image-38007 alignnone\" src=\"https:\/\/elicensenest.com\/wp-content\/uploads\/2022\/02\/blue-mark.png\" alt=\"\" width=\"25\" height=\"25\" srcset=\"https:\/\/elicensenest.com\/wp-content\/uploads\/2022\/02\/blue-mark.png 225w, https:\/\/elicensenest.com\/wp-content\/uploads\/2022\/02\/blue-mark-150x150.png 150w\" sizes=\"(max-width: 25px) 100vw, 25px\" \/>\u00a0<strong>Niet goed = Geld terug!<br \/>\n<\/strong><img decoding=\"async\" class=\"wp-image-38007 alignnone\" src=\"https:\/\/elicensenest.com\/wp-content\/uploads\/2022\/02\/blue-mark.png\" alt=\"\" width=\"25\" height=\"25\" srcset=\"https:\/\/elicensenest.com\/wp-content\/uploads\/2022\/02\/blue-mark.png 225w, https:\/\/elicensenest.com\/wp-content\/uploads\/2022\/02\/blue-mark-150x150.png 150w\" sizes=\"(max-width: 25px) 100vw, 25px\" \/> Klantenservice tot 23:00 bereikbaar!<br \/>\n<img decoding=\"async\" class=\"wp-image-38007 alignnone\" src=\"https:\/\/elicensenest.com\/wp-content\/uploads\/2022\/02\/blue-mark.png\" alt=\"\" width=\"25\" height=\"25\" srcset=\"https:\/\/elicensenest.com\/wp-content\/uploads\/2022\/02\/blue-mark.png 225w, https:\/\/elicensenest.com\/wp-content\/uploads\/2022\/02\/blue-mark-150x150.png 150w\" sizes=\"(max-width: 25px) 100vw, 25px\" \/> Skorzystaj z holenderskiego sklepu internetowego z kluczem do sklepu internetowego!<\/h5>\n<h3><\/h3>","protected":false},"featured_media":53,"template":"","meta":{"inline_featured_image":false},"product_brand":[],"product_cat":[17],"product_tag":[],"class_list":{"0":"post-22","1":"product","2":"type-product","3":"status-publish","4":"has-post-thumbnail","6":"product_cat-microsoft-office","8":"first","9":"instock","10":"sale","11":"taxable","12":"shipping-taxable","13":"purchasable","14":"product-type-simple"},"_links":{"self":[{"href":"https:\/\/elicensenest.com\/pl\/wp-json\/wp\/v2\/product\/22","targetHints":{"allow":["GET"]}}],"collection":[{"href":"https:\/\/elicensenest.com\/pl\/wp-json\/wp\/v2\/product"}],"about":[{"href":"https:\/\/elicensenest.com\/pl\/wp-json\/wp\/v2\/types\/product"}],"wp:featuredmedia":[{"embeddable":true,"href":"https:\/\/elicensenest.com\/pl\/wp-json\/wp\/v2\/media\/53"}],"wp:attachment":[{"href":"https:\/\/elicensenest.com\/pl\/wp-json\/wp\/v2\/media?parent=22"}],"wp:term":[{"taxonomy":"product_brand","embeddable":true,"href":"https:\/\/elicensenest.com\/pl\/wp-json\/wp\/v2\/product_brand?post=22"},{"taxonomy":"product_cat","embeddable":true,"href":"https:\/\/elicensenest.com\/pl\/wp-json\/wp\/v2\/product_cat?post=22"},{"taxonomy":"product_tag","embeddable":true,"href":"https:\/\/elicensenest.com\/pl\/wp-json\/wp\/v2\/product_tag?post=22"}],"curies":[{"name":"wp","href":"https:\/\/api.w.org\/{rel}","templated":true}]}}