{"id":109,"date":"2023-10-10T20:57:47","date_gmt":"2023-10-10T20:57:47","guid":{"rendered":"https:\/\/elicensenest.com\/?post_type=product&#038;p=109"},"modified":"2023-11-05T19:49:39","modified_gmt":"2023-11-05T19:49:39","slug":"adobe-stock-1-maand-40-assets","status":"publish","type":"product","link":"https:\/\/elicensenest.com\/pl\/produkt\/adobe-stock-1-maand-40-assets\/","title":{"rendered":"Adobe Stock -1 Maand - 40 zasob\u00f3w"},"content":{"rendered":"<p><strong>Opis produktu Adobe Stock (bezp\u0142atne zam\u00f3wienie):<\/strong><\/p>\n\n\n\n<p>Adobe Stock to innowacyjna platforma umo\u017cliwiaj\u0105ca wyszukiwanie, licencjonowanie i korzystanie z bogatych zasob\u00f3w graficznych, ilustracyjnych, wideo i audio zar\u00f3wno profesjonalnym tw\u00f3rcom, jak i indywidualnym u\u017cytkownikom. Dzi\u0119ki elastycznemu abonamentowi mo\u017cna uzyska\u0107 dost\u0119p do wyj\u0105tkowej biblioteki kreatywnych broni, aby pom\u00f3c w realizacji wizji \u017cycia.<\/p>\n\n\n\n<p><strong>Najwa\u017cniejsze informacje:<\/strong><\/p>\n\n\n\n<ol class=\"wp-block-list\">\n<li><strong>Enorme beeldbank:<\/strong> Adobe Stock udost\u0119pnia miliony zdj\u0119\u0107, ilustracji, film\u00f3w i materia\u0142\u00f3w audiowizualnych, dzi\u0119ki czemu mo\u017cna znale\u017a\u0107 idealne materia\u0142y do swoich projekt\u00f3w.<\/li>\n\n\n\n<li><strong>Hoogwaardige inhoud:<\/strong> Wszystkie zdj\u0119cia w us\u0142udze Adobe Stock s\u0105 dostarczane przez znanych fotograf\u00f3w, artyst\u00f3w i tw\u00f3rc\u00f3w wideo oraz spe\u0142niaj\u0105 najwy\u017csze standardy jako\u015bci.<\/li>\n\n\n\n<li><strong>Integracja z Adobe Creative Cloud:<\/strong> Pe\u0142na integracja z aplikacjami Adobe Creative Cloud, takimi jak Adobe Photoshop, Adobe Illustrator i Adobe Premiere Pro, umo\u017cliwia importowanie i przetwarzanie obraz\u00f3w i ilustracji w projektach.<\/li>\n\n\n\n<li><strong>Licencjobiorcy:<\/strong> Adobe Stock udost\u0119pnia r\u00f3\u017cne opcje licencyjne, w tym standardowe licencje do og\u00f3lnego u\u017cytku i rozszerzone licencje do projekt\u00f3w komercyjnych.<\/li>\n\n\n\n<li><strong>Zoek- en ontdekkingsmogelijkheden:<\/strong> Skorzystaj z zaawansowanych filtr\u00f3w stron i kategorii, aby znale\u017a\u0107 najbardziej interesuj\u0105ce Ci\u0119 tre\u015bci, lub daj si\u0119 zainspirowa\u0107 dzi\u0119ki kuratorom Adobe, kt\u00f3rzy zwracaj\u0105 uwag\u0119 na aktualne trendy i popularne tematy.<\/li>\n\n\n\n<li><strong>Voorraadbeheer en toegangscontrole:<\/strong> Dzi\u0119ki Adobe Stock mo\u017cna organizowa\u0107 pliki w kolekcje, instalowa\u0107 narz\u0119dzia do zarz\u0105dzania zespo\u0142em i sprawdza\u0107 status licencji.<\/li>\n<\/ol>\n\n\n\n<p><strong>Maandelijks Abonnement:<\/strong><\/p>\n\n\n\n<p>Dzi\u0119ki subskrypcji Adobe Stock zyskujesz dost\u0119p do bogatej biblioteki kreatywnych zdj\u0119\u0107. Mo\u017cesz pobiera\u0107 nowe zdj\u0119cia i korzysta\u0107 z elastyczno\u015bci abonamentu.<\/p>\n\n\n\n<p>Niezale\u017cnie od tego, czy potrzebujesz regularnego dost\u0119pu do kreatywnych projekt\u00f3w, czy te\u017c chcesz mie\u0107 mo\u017cliwo\u015b\u0107 ogl\u0105dania swoich dzie\u0142, subskrypcja Adobe Stock jest doskona\u0142ym narz\u0119dziem, dzi\u0119ki kt\u00f3remu uzyskasz dost\u0119p do inspiruj\u0105cego \u015bwiata kreatywno\u015bci. Platforma ta jest niezb\u0119dnym narz\u0119dziem dla kreatywnych profesjonalist\u00f3w na ca\u0142ym \u015bwiecie i umo\u017cliwia im tworzenie kreatywnych wizji, kt\u00f3re mo\u017cna w pe\u0142ni wykorzysta\u0107.<\/p>","protected":false},"excerpt":{"rendered":"<p>Adobe Stock to innowacyjna platforma umo\u017cliwiaj\u0105ca wyszukiwanie, licencjonowanie i korzystanie z bogatych zasob\u00f3w graficznych, ilustracyjnych, wideo i audio zar\u00f3wno profesjonalnym tw\u00f3rcom, jak i indywidualnym u\u017cytkownikom. Dzi\u0119ki elastycznemu abonamentowi mo\u017cna uzyska\u0107 dost\u0119p do wyj\u0105tkowej biblioteki kreatywnych broni, aby pom\u00f3c w realizacji wizji \u017cycia.<\/p>\n<h5><img decoding=\"async\" class=\"wp-image-38007 alignnone\" src=\"https:\/\/elicensenest.com\/wp-content\/uploads\/2022\/02\/blue-mark.png\" alt=\"\" width=\"25\" height=\"25\" srcset=\"https:\/\/elicensenest.com\/wp-content\/uploads\/2022\/02\/blue-mark.png 225w, https:\/\/elicensenest.com\/wp-content\/uploads\/2022\/02\/blue-mark-150x150.png 150w\" sizes=\"(max-width: 25px) 100vw, 25px\" \/>\u00a0<strong>Szybka i prosta obs\u0142uga oprogramowania!<br \/>\n<\/strong><img decoding=\"async\" class=\"wp-image-38007 alignnone\" src=\"https:\/\/elicensenest.com\/wp-content\/uploads\/2022\/02\/blue-mark.png\" alt=\"\" width=\"25\" height=\"25\" srcset=\"https:\/\/elicensenest.com\/wp-content\/uploads\/2022\/02\/blue-mark.png 225w, https:\/\/elicensenest.com\/wp-content\/uploads\/2022\/02\/blue-mark-150x150.png 150w\" sizes=\"(max-width: 25px) 100vw, 25px\" \/>\u00a0<strong>Binnen enkele seconden, digitaal geleverd!<br \/>\n<\/strong><img decoding=\"async\" class=\"wp-image-38007 alignnone\" src=\"https:\/\/elicensenest.com\/wp-content\/uploads\/2022\/02\/blue-mark.png\" alt=\"\" width=\"25\" height=\"25\" srcset=\"https:\/\/elicensenest.com\/wp-content\/uploads\/2022\/02\/blue-mark.png 225w, https:\/\/elicensenest.com\/wp-content\/uploads\/2022\/02\/blue-mark-150x150.png 150w\" sizes=\"(max-width: 25px) 100vw, 25px\" \/>\u00a0<strong>Niet goed = Geld terug!<br \/>\n<\/strong><img decoding=\"async\" class=\"wp-image-38007 alignnone\" src=\"https:\/\/elicensenest.com\/wp-content\/uploads\/2022\/02\/blue-mark.png\" alt=\"\" width=\"25\" height=\"25\" srcset=\"https:\/\/elicensenest.com\/wp-content\/uploads\/2022\/02\/blue-mark.png 225w, https:\/\/elicensenest.com\/wp-content\/uploads\/2022\/02\/blue-mark-150x150.png 150w\" sizes=\"(max-width: 25px) 100vw, 25px\" \/> Klantenservice tot 23:00 bereikbaar!<br \/>\n<img decoding=\"async\" class=\"wp-image-38007 alignnone\" src=\"https:\/\/elicensenest.com\/wp-content\/uploads\/2022\/02\/blue-mark.png\" alt=\"\" width=\"25\" height=\"25\" srcset=\"https:\/\/elicensenest.com\/wp-content\/uploads\/2022\/02\/blue-mark.png 225w, https:\/\/elicensenest.com\/wp-content\/uploads\/2022\/02\/blue-mark-150x150.png 150w\" sizes=\"(max-width: 25px) 100vw, 25px\" \/> Skorzystaj z holenderskiego sklepu internetowego z kluczem do sklepu internetowego!<\/h5>\n<h3><\/h3>","protected":false},"featured_media":131,"template":"","meta":{"inline_featured_image":false},"product_brand":[],"product_cat":[19],"product_tag":[],"class_list":{"0":"post-109","1":"product","2":"type-product","3":"status-publish","4":"has-post-thumbnail","6":"product_cat-multimedia","8":"first","9":"instock","10":"taxable","11":"shipping-taxable","12":"purchasable","13":"product-type-simple"},"_links":{"self":[{"href":"https:\/\/elicensenest.com\/pl\/wp-json\/wp\/v2\/product\/109","targetHints":{"allow":["GET"]}}],"collection":[{"href":"https:\/\/elicensenest.com\/pl\/wp-json\/wp\/v2\/product"}],"about":[{"href":"https:\/\/elicensenest.com\/pl\/wp-json\/wp\/v2\/types\/product"}],"wp:featuredmedia":[{"embeddable":true,"href":"https:\/\/elicensenest.com\/pl\/wp-json\/wp\/v2\/media\/131"}],"wp:attachment":[{"href":"https:\/\/elicensenest.com\/pl\/wp-json\/wp\/v2\/media?parent=109"}],"wp:term":[{"taxonomy":"product_brand","embeddable":true,"href":"https:\/\/elicensenest.com\/pl\/wp-json\/wp\/v2\/product_brand?post=109"},{"taxonomy":"product_cat","embeddable":true,"href":"https:\/\/elicensenest.com\/pl\/wp-json\/wp\/v2\/product_cat?post=109"},{"taxonomy":"product_tag","embeddable":true,"href":"https:\/\/elicensenest.com\/pl\/wp-json\/wp\/v2\/product_tag?post=109"}],"curies":[{"name":"wp","href":"https:\/\/api.w.org\/{rel}","templated":true}]}}