{"id":96,"date":"2022-02-26T09:22:03","date_gmt":"2022-02-26T09:22:03","guid":{"rendered":"https:\/\/elicensenest.com\/?post_type=product&#038;p=96"},"modified":"2024-03-14T22:43:18","modified_gmt":"2024-03-14T22:43:18","slug":"office-2021-home-and-business-mac","status":"publish","type":"product","link":"https:\/\/elicensenest.com\/fr\/produit\/office-2021-home-and-business-mac\/","title":{"rendered":"Office 2021 Home et Business - MAC"},"content":{"rendered":"<h3 style=\"text-align: center;\">Microsoft Office 2021 Home and Business - Votre base pour des travaux modernes - pour les syst\u00e8mes MACOS<\/h3>\n<p>Microsoft Office 2021 Home and Business pour Mac est la nouvelle version de la c\u00e9l\u00e8bre suite bureautique de Microsoft, sp\u00e9cialement con\u00e7ue pour les entrepreneurs et les petites entreprises qui travaillent sur macOS. Cette suite de premier ordre offre un large \u00e9ventail d'outils de productivit\u00e9 essentiels qui permettent de cr\u00e9er des documents professionnels, d'am\u00e9liorer la communication et d'\u00eatre plus efficace.<\/p>\n<p><strong>Applications Inbegrepen :<\/strong> Office 2021 Home and Business pour Mac comprend les applications essentielles suivantes :<\/p>\n<ul>\n<li><strong>Microsoft Word :<\/strong> Pour l'\u00e9laboration et la mise en \u0153uvre de supports techniques et documentaires.<\/li>\n<li><strong>Microsoft Excel :<\/strong> Pour analyser les donn\u00e9es et \u00e9tablir des feuilles de calcul d\u00e9taill\u00e9es.<\/li>\n<li><strong>Microsoft PowerPoint :<\/strong> Pour l'\u00e9laboration de pr\u00e9sentations suppl\u00e9mentaires.<\/li>\n<li><strong>Microsoft Outlook :<\/strong> Pour la gestion des e-mails, des contacts et des agendas.<\/li>\n<li><strong>Microsoft OneNote :<\/strong> Pour l'\u00e9laboration de notes et de fiches d'information.<\/li>\n<\/ul>\n<p><strong>Les march\u00e9s et les march\u00e9s publics :<\/strong><\/p>\n<ul>\n<li><em>Des outils de productivit\u00e9 adapt\u00e9s :<\/em> Gr\u00e2ce \u00e0 l'assistance de l'Office, vous pouvez travailler en toute tranquillit\u00e9 sur tous vos projets et prises en charge.<\/li>\n<li><em>Un travail efficace en milieu rural :<\/em> Outlook vous permet d'am\u00e9liorer votre communication et d'organiser efficacement votre agenda.<\/li>\n<li><em>Nouvelles fonctions et nouveaux crit\u00e8res :<\/em> Office 2021 pour Mac offre de nouvelles fonctions et fonctionnalit\u00e9s pour un meilleur service \u00e0 la client\u00e8le, y compris des fonctionnalit\u00e9s am\u00e9lior\u00e9es et des fonctionnalit\u00e9s d'assistance \u00e0 la client\u00e8le.<\/li>\n<\/ul>\n<p><strong>Compatibilit\u00e9 :<\/strong> Microsoft Office 2021 Home and Business pour Mac est enti\u00e8rement compatible avec les autres versions d'Office et permet d'ouvrir et de traiter les meilleurs documents. De plus, cette suite peut \u00eatre int\u00e9gr\u00e9e aux services en nuage, ce qui permet d'avoir des documents et des donn\u00e9es toujours et globalement disponibles.<\/p>\n<p><strong>Systeemvereisten :<\/strong> Pour installer et utiliser Office 2021 Home and Business pour Mac, vous devez vous renseigner sur un ordinateur Mac dot\u00e9 des syst\u00e8mes minimaux suivants :<\/p>\n<ul>\n<li><strong>Besturingssysteem :<\/strong> 3 versions les plus r\u00e9centes de MacOS.<\/li>\n<li><strong>Processeur :<\/strong> Processeur Intel.<\/li>\n<li><strong>Geheugen (RAM) :<\/strong> 4 Go de RAM au minimum.<\/li>\n<li><strong>Tr\u00e8s bien :<\/strong> 10 Go de m\u00e9moire au minimum.<\/li>\n<li><strong>Beeldscherm :<\/strong> Un \u00e9cran tactile d'une r\u00e9solution minimale de 1280 x 800 pixels.<\/li>\n<\/ul>","protected":false},"excerpt":{"rendered":"<p><strong>Utile pour les syst\u00e8mes MACOS<\/strong><br \/>\nMicrosoft Office pour les jeunes et les ind\u00e9pendants 2021 contient les applications Office classiques et le courrier \u00e9lectronique pour les jeunes et les petites entreprises qui installeront ce kit sur un Mac ou un PC Windows pour l'utiliser au travail. L'ensemble comprend des versions simplifi\u00e9es des applications Office, telles que Word, Excel, PowerPoint et Outlook.<\/p>\n<h5><img decoding=\"async\" class=\"wp-image-38007 alignnone\" src=\"https:\/\/elicensenest.com\/wp-content\/uploads\/2022\/02\/blue-mark.png\" alt=\"\" width=\"25\" height=\"25\" srcset=\"https:\/\/elicensenest.com\/wp-content\/uploads\/2022\/02\/blue-mark.png 225w, https:\/\/elicensenest.com\/wp-content\/uploads\/2022\/02\/blue-mark-150x150.png 150w\" sizes=\"(max-width: 25px) 100vw, 25px\" \/>\u00a0<strong>Un logiciel simple et efficace !<br \/>\n<\/strong><img decoding=\"async\" class=\"wp-image-38007 alignnone\" src=\"https:\/\/elicensenest.com\/wp-content\/uploads\/2022\/02\/blue-mark.png\" alt=\"\" width=\"25\" height=\"25\" srcset=\"https:\/\/elicensenest.com\/wp-content\/uploads\/2022\/02\/blue-mark.png 225w, https:\/\/elicensenest.com\/wp-content\/uploads\/2022\/02\/blue-mark-150x150.png 150w\" sizes=\"(max-width: 25px) 100vw, 25px\" \/>\u00a0<strong>En deux temps trois mouvements, num\u00e9ris\u00e9 !<br \/>\n<\/strong><img decoding=\"async\" class=\"wp-image-38007 alignnone\" src=\"https:\/\/elicensenest.com\/wp-content\/uploads\/2022\/02\/blue-mark.png\" alt=\"\" width=\"25\" height=\"25\" srcset=\"https:\/\/elicensenest.com\/wp-content\/uploads\/2022\/02\/blue-mark.png 225w, https:\/\/elicensenest.com\/wp-content\/uploads\/2022\/02\/blue-mark-150x150.png 150w\" sizes=\"(max-width: 25px) 100vw, 25px\" \/>\u00a0<strong>Niet goed = Geld terug !<br \/>\n<\/strong><img decoding=\"async\" class=\"wp-image-38007 alignnone\" src=\"https:\/\/elicensenest.com\/wp-content\/uploads\/2022\/02\/blue-mark.png\" alt=\"\" width=\"25\" height=\"25\" srcset=\"https:\/\/elicensenest.com\/wp-content\/uploads\/2022\/02\/blue-mark.png 225w, https:\/\/elicensenest.com\/wp-content\/uploads\/2022\/02\/blue-mark-150x150.png 150w\" sizes=\"(max-width: 25px) 100vw, 25px\" \/> Le service client jusqu'\u00e0 23h00 est disponible !<br \/>\n<img decoding=\"async\" class=\"wp-image-38007 alignnone\" src=\"https:\/\/elicensenest.com\/wp-content\/uploads\/2022\/02\/blue-mark.png\" alt=\"\" width=\"25\" height=\"25\" srcset=\"https:\/\/elicensenest.com\/wp-content\/uploads\/2022\/02\/blue-mark.png 225w, https:\/\/elicensenest.com\/wp-content\/uploads\/2022\/02\/blue-mark-150x150.png 150w\" sizes=\"(max-width: 25px) 100vw, 25px\" \/> Ouvrez une boutique en ligne aux Pays-Bas avec un mot de passe de boutique en ligne !<\/h5>\n<h3><\/h3>","protected":false},"featured_media":127,"template":"","meta":{"inline_featured_image":false},"product_brand":[],"product_cat":[17],"product_tag":[],"class_list":{"0":"post-96","1":"product","2":"type-product","3":"status-publish","4":"has-post-thumbnail","6":"product_cat-microsoft-office","8":"first","9":"instock","10":"sale","11":"taxable","12":"shipping-taxable","13":"purchasable","14":"product-type-simple"},"_links":{"self":[{"href":"https:\/\/elicensenest.com\/fr\/wp-json\/wp\/v2\/product\/96","targetHints":{"allow":["GET"]}}],"collection":[{"href":"https:\/\/elicensenest.com\/fr\/wp-json\/wp\/v2\/product"}],"about":[{"href":"https:\/\/elicensenest.com\/fr\/wp-json\/wp\/v2\/types\/product"}],"wp:featuredmedia":[{"embeddable":true,"href":"https:\/\/elicensenest.com\/fr\/wp-json\/wp\/v2\/media\/127"}],"wp:attachment":[{"href":"https:\/\/elicensenest.com\/fr\/wp-json\/wp\/v2\/media?parent=96"}],"wp:term":[{"taxonomy":"product_brand","embeddable":true,"href":"https:\/\/elicensenest.com\/fr\/wp-json\/wp\/v2\/product_brand?post=96"},{"taxonomy":"product_cat","embeddable":true,"href":"https:\/\/elicensenest.com\/fr\/wp-json\/wp\/v2\/product_cat?post=96"},{"taxonomy":"product_tag","embeddable":true,"href":"https:\/\/elicensenest.com\/fr\/wp-json\/wp\/v2\/product_tag?post=96"}],"curies":[{"name":"wp","href":"https:\/\/api.w.org\/{rel}","templated":true}]}}