{"id":82,"date":"2023-10-10T20:59:41","date_gmt":"2023-10-10T20:59:41","guid":{"rendered":"https:\/\/elicensenest.com\/?post_type=product&#038;p=82"},"modified":"2024-02-26T16:21:24","modified_gmt":"2024-02-26T16:21:24","slug":"office-2019-home-and-business-voor-mac","status":"publish","type":"product","link":"https:\/\/elicensenest.com\/fr\/produit\/office-2019-home-and-business-voor-mac\/","title":{"rendered":"Office 2019 Home and Business pour MAC"},"content":{"rendered":"<h3 style=\"text-align: center;\">Microsoft Office 2019 Famille et Entreprise - pour MacOS<\/h3>\n<p style=\"text-align: center;\">\n<p>Microsoft Office 2019 Famille et Entreprise pour Mac est une suite logicielle performante, sp\u00e9cialement con\u00e7ue pour les entreprises de taille moyenne et les petites entreprises qui utilisent macOS comme syst\u00e8me d'exploitation. Avec cette suite, vous disposez d'outils de productivit\u00e9 essentiels pour cr\u00e9er des documents professionnels, am\u00e9liorer la communication et travailler efficacement.<\/p>\n<p><strong>Applications Inbegrepen :<\/strong> Office 2019 Home and Business pour Mac comprend les applications essentielles suivantes :<\/p>\n<ul>\n<li><strong>Microsoft Word :<\/strong> Pour l'\u00e9laboration et la mise en \u0153uvre de supports techniques et documentaires.<\/li>\n<li><strong>Microsoft Excel :<\/strong> Pour analyser les donn\u00e9es et \u00e9tablir des feuilles de calcul d\u00e9taill\u00e9es.<\/li>\n<li><strong>Microsoft PowerPoint :<\/strong> Pour l'\u00e9laboration de pr\u00e9sentations suppl\u00e9mentaires.<\/li>\n<li><strong>Microsoft Outlook :<\/strong> Pour la gestion des e-mails, des contacts et des agendas.<\/li>\n<\/ul>\n<p><strong>Les march\u00e9s et les march\u00e9s publics :<\/strong><\/p>\n<ul>\n<li><em>Des outils de productivit\u00e9 performants :<\/em> Les services de bureau offrent un large \u00e9ventail de fonctions pour la productivit\u00e9 et la gestion des documents.<\/li>\n<li><em>Un travail efficace en milieu rural :<\/em> Outlook vous aide \u00e0 am\u00e9liorer votre communication et \u00e0 organiser efficacement votre agenda.<\/li>\n<li><em>Veilig en Betrouwbaar :<\/em> Avec Office 2019 pour Mac, vous pouvez vous fier \u00e0 la conception et \u00e0 la mise en \u0153uvre de Microsoft.<\/li>\n<\/ul>\n<p><strong>Compatibilit\u00e9 :<\/strong> Microsoft Office 2019 Home and Business pour Mac est compatible avec les autres versions d'Office et permet d'ouvrir et de traiter les meilleurs documents. En outre, la suite peut \u00eatre int\u00e9gr\u00e9e aux services en nuage pour que les documents et les donn\u00e9es puissent \u00eatre conserv\u00e9s de mani\u00e8re transparente, ce qui est \u00e9galement le cas.<\/p>\n<p><strong>Systeemvereisten :<\/strong> Pour installer et utiliser Office 2019 Famille et Entreprise pour Mac, vous devez disposer d'un ordinateur Mac compatible avec les syst\u00e8mes minimaux suivants :<\/p>\n<ul>\n<li><strong>Besturingssysteem :<\/strong> 3 versions les plus r\u00e9centes de macOS.<\/li>\n<li><strong>Processeur :<\/strong> Processeur Intel.<\/li>\n<li><strong>Geheugen (RAM) :<\/strong> 4 Go de RAM au minimum.<\/li>\n<li><strong>Tr\u00e8s bien :<\/strong> 10 Go de m\u00e9moire au minimum.<\/li>\n<li><strong>Beeldscherm :<\/strong> Un \u00e9cran tactile d'une r\u00e9solution minimale de 1280 x 800 pixels.<\/li>\n<\/ul>","protected":false},"excerpt":{"rendered":"<p><strong>Office 2019 Famille et Entreprise pour Mac<\/strong> est un ensemble de logiciels de Microsoft sp\u00e9cifiquement con\u00e7u pour les utilisateurs de Mac, les professionnels individuels et les petites entreprises. Il s'agit d'une application de bureautique tr\u00e8s populaire qui permet aux utilisateurs de Mac de cr\u00e9er des documents, de r\u00e9diger des avis, d'envoyer des courriers \u00e9lectroniques et de pr\u00e9parer des pr\u00e9sentations. Inclus dans ce kit : Word, Excel, PowerPoint, OneNote et Outlook<\/p>\n<h5><img decoding=\"async\" class=\"wp-image-38007 alignnone\" src=\"https:\/\/elicensenest.com\/wp-content\/uploads\/2022\/02\/blue-mark.png\" alt=\"\" width=\"25\" height=\"25\" srcset=\"https:\/\/elicensenest.com\/wp-content\/uploads\/2022\/02\/blue-mark.png 225w, https:\/\/elicensenest.com\/wp-content\/uploads\/2022\/02\/blue-mark-150x150.png 150w\" sizes=\"(max-width: 25px) 100vw, 25px\" \/>\u00a0<strong>Un logiciel simple et efficace !<br \/>\n<\/strong><img decoding=\"async\" class=\"wp-image-38007 alignnone\" src=\"https:\/\/elicensenest.com\/wp-content\/uploads\/2022\/02\/blue-mark.png\" alt=\"\" width=\"25\" height=\"25\" srcset=\"https:\/\/elicensenest.com\/wp-content\/uploads\/2022\/02\/blue-mark.png 225w, https:\/\/elicensenest.com\/wp-content\/uploads\/2022\/02\/blue-mark-150x150.png 150w\" sizes=\"(max-width: 25px) 100vw, 25px\" \/>\u00a0<strong>En deux temps trois mouvements, num\u00e9ris\u00e9 !<br \/>\n<\/strong><img decoding=\"async\" class=\"wp-image-38007 alignnone\" src=\"https:\/\/elicensenest.com\/wp-content\/uploads\/2022\/02\/blue-mark.png\" alt=\"\" width=\"25\" height=\"25\" srcset=\"https:\/\/elicensenest.com\/wp-content\/uploads\/2022\/02\/blue-mark.png 225w, https:\/\/elicensenest.com\/wp-content\/uploads\/2022\/02\/blue-mark-150x150.png 150w\" sizes=\"(max-width: 25px) 100vw, 25px\" \/>\u00a0<strong>Niet goed = Geld terug !<br \/>\n<\/strong><img decoding=\"async\" class=\"wp-image-38007 alignnone\" src=\"https:\/\/elicensenest.com\/wp-content\/uploads\/2022\/02\/blue-mark.png\" alt=\"\" width=\"25\" height=\"25\" srcset=\"https:\/\/elicensenest.com\/wp-content\/uploads\/2022\/02\/blue-mark.png 225w, https:\/\/elicensenest.com\/wp-content\/uploads\/2022\/02\/blue-mark-150x150.png 150w\" sizes=\"(max-width: 25px) 100vw, 25px\" \/> Le service client jusqu'\u00e0 23h00 est disponible !<br \/>\n<img decoding=\"async\" class=\"wp-image-38007 alignnone\" src=\"https:\/\/elicensenest.com\/wp-content\/uploads\/2022\/02\/blue-mark.png\" alt=\"\" width=\"25\" height=\"25\" srcset=\"https:\/\/elicensenest.com\/wp-content\/uploads\/2022\/02\/blue-mark.png 225w, https:\/\/elicensenest.com\/wp-content\/uploads\/2022\/02\/blue-mark-150x150.png 150w\" sizes=\"(max-width: 25px) 100vw, 25px\" \/> Ouvrez une boutique en ligne aux Pays-Bas avec un mot de passe de boutique en ligne !<\/h5>","protected":false},"featured_media":116,"template":"","meta":{"inline_featured_image":false},"product_brand":[],"product_cat":[17],"product_tag":[],"class_list":{"0":"post-82","1":"product","2":"type-product","3":"status-publish","4":"has-post-thumbnail","6":"product_cat-microsoft-office","8":"first","9":"instock","10":"sale","11":"taxable","12":"shipping-taxable","13":"purchasable","14":"product-type-simple"},"_links":{"self":[{"href":"https:\/\/elicensenest.com\/fr\/wp-json\/wp\/v2\/product\/82","targetHints":{"allow":["GET"]}}],"collection":[{"href":"https:\/\/elicensenest.com\/fr\/wp-json\/wp\/v2\/product"}],"about":[{"href":"https:\/\/elicensenest.com\/fr\/wp-json\/wp\/v2\/types\/product"}],"wp:featuredmedia":[{"embeddable":true,"href":"https:\/\/elicensenest.com\/fr\/wp-json\/wp\/v2\/media\/116"}],"wp:attachment":[{"href":"https:\/\/elicensenest.com\/fr\/wp-json\/wp\/v2\/media?parent=82"}],"wp:term":[{"taxonomy":"product_brand","embeddable":true,"href":"https:\/\/elicensenest.com\/fr\/wp-json\/wp\/v2\/product_brand?post=82"},{"taxonomy":"product_cat","embeddable":true,"href":"https:\/\/elicensenest.com\/fr\/wp-json\/wp\/v2\/product_cat?post=82"},{"taxonomy":"product_tag","embeddable":true,"href":"https:\/\/elicensenest.com\/fr\/wp-json\/wp\/v2\/product_tag?post=82"}],"curies":[{"name":"wp","href":"https:\/\/api.w.org\/{rel}","templated":true}]}}