{"id":79,"date":"2023-10-10T21:00:58","date_gmt":"2023-10-10T21:00:58","guid":{"rendered":"https:\/\/elicensenest.com\/?post_type=product&#038;p=79"},"modified":"2023-10-19T22:38:37","modified_gmt":"2023-10-19T22:38:37","slug":"adobe-cs6-design-standaard","status":"publish","type":"product","link":"https:\/\/elicensenest.com\/fr\/produit\/adobe-cs6-design-standaard\/","title":{"rendered":"Adobe CS6 Design Standaard"},"content":{"rendered":"<p>Adobe CS6 Design Standard offre une cr\u00e9ativit\u00e9 exceptionnelle gr\u00e2ce au nouveau moteur graphique Mercury d'Adobe Photoshop\u00ae et au syst\u00e8me Mercury Performance d'Adobe Illustrator. Travaillez sans rel\u00e2che sur de nouveaux projets d'entreprise, tels que la r\u00e9alisation de vid\u00e9os avec Photoshop, et sur des projets pour iPads et autres tablettes avec Adobe InDesign. Vous avez \u00e9galement particip\u00e9 \u00e0 des prises de vue pour des produits alimentaires en utilisant des techniques de pointe.<\/p>\n<h3>D\u00e9couvrez les meilleures nouvelles fonctions d'Adobe CS6 Design Standard<\/h3>\n<p>Travaillez de mani\u00e8re optimale sur des supports complexes gr\u00e2ce au moteur graphique Adobe Mercury dans Photoshop* et au syst\u00e8me Mercury Performance dans Illustrator. R\u00e9duisez votre temps de production gr\u00e2ce \u00e0 des outils performants et utilisez InDesign pour produire des livres \u00e9lectroniques ou des publications de qualit\u00e9 pour l'iPad et d'autres tablettes.<\/p>\n<h3>D\u00e9couvrez ce que vous pouvez faire avec Adobe CS6 Design Standard<\/h3>\n<p>Obtenez des r\u00e9sultats probants gr\u00e2ce \u00e0 l'ultime outil de travail pour les projets d'impression et les publications num\u00e9riques. Cr\u00e9ez des images num\u00e9riques, des images vectorielles et des pages ouvertes pour les livres \u00e9lectroniques et les publications pour iPad.<\/p>\n<h3>Il est important de savoir ce que vous avez fait pendant la p\u00e9riode o\u00f9 CS5 a \u00e9t\u00e9 supprim\u00e9.<\/h3>\n<p>Nous vous donnons un aper\u00e7u des nouvelles et meilleures fonctions de Photoshop, Illustrator et InDesign qui vous permettront de cr\u00e9er et de r\u00e9aliser votre meilleur travail de mani\u00e8re efficace.<\/p>\n<h3>Snellere ontwerptaken in Photoshop<\/h3>\n<p>V\u00e9rifier les d\u00e9tails rapidement avec les nouvelles applications et les nouvelles applications disponibles. Ne pas utiliser d'outils de dessin, se servir d'outils vectoriels pour faire passer des images et faire appara\u00eetre des objets vectoriels, fabriquer des images de bonne qualit\u00e9 et non cass\u00e9es, chercher rapidement des images et bien plus encore.<\/p>\n<h3>Traiter les images dans Illustrator<\/h3>\n<p>Convertir des images matricielles en vecteurs complexes gr\u00e2ce \u00e0 un moteur enti\u00e8rement nouveau pour l'analyse des images. Il permet d'obtenir des r\u00e9sultats fiables, des passages sans heurts et des r\u00e9sultats optimaux \u00e0 partir d'\u00e9l\u00e9ments de mesure complexes.<\/p>\n<h3>Mise en page alternative dans InDesign<\/h3>\n<p>Cr\u00e9er et modifier un document dans un autre et \u00e0 l'aide de la commande Mises en page alternatives dont le contenu de la page est plac\u00e9 et l'apparence est synchronis\u00e9e avec d'autres formats de page, supports ou appareils.<\/p>\n<h3>Traitement vid\u00e9o dans Photoshop<\/h3>\n<p>Cr\u00e9er des vid\u00e9os dans Photoshop et les int\u00e9grer dans vos projets de publicit\u00e9 num\u00e9rique. Combinez de petits segments vid\u00e9o et des \u00e9l\u00e9ments fixes \u00e0 l'aide d'incrustations, d'audio et d'effets, tels que des pannings et des zooms.<\/p>\n<h3>Rectifications automatiques dans Photoshop<\/h3>\n<p>V\u00e9rifiez vos images avec les options automatiques de courbure, de niveau et d'intensit\u00e9\/contraste. L'intelligence accrue des personnes qui utilisent les images manuelles permet d'am\u00e9liorer l'utilisation de l'appareil lors des passages \u00e0 l'ext\u00e9rieur.<\/p>\n<h3>Passage \u00e0 l'\u00e9cran dans InDesign<\/h3>\n<p>Ajuster les param\u00e8tres de l'appareil de mani\u00e8re \u00e0 ce qu'il soit plus clair lorsque la temp\u00e9rature est plus \u00e9lev\u00e9e. Laver et nettoyer automatiquement l'appareil en cas d'encrassement, d'\u00e9raflures ou d'autres probl\u00e8mes variables.<\/p>\n<h3>Vullen met behoud van inhoud in Photoshop (en anglais)<\/h3>\n<p>Verwijder elk gewenst afbeeldingsdetail of -object en zie hoe met de functie Vullen met behoud van inhoud de lege ruimte op bijna miraculeuze wijze wordt gevuld. Stem belichting, kleurtoon en ruis zo op elkaar af dat het lijkt asf de verwijderde inhoud nooit in de afbeelding stond.<\/p>\n<h3>Inhoud<\/h3>\n<p>Adobe CS6 Design Standard<\/p>\n<ul>\n<li style=\"list-style-type: none;\">\n<ul>\n<li>Photoshop\u00ae CS6<\/li>\n<\/ul>\n<\/li>\n<\/ul>\n<ul>\n<li style=\"list-style-type: none;\">\n<ul>\n<li>Illustrator\u00ae CS6<\/li>\n<\/ul>\n<\/li>\n<\/ul>\n<ul>\n<li style=\"list-style-type: none;\">\n<ul>\n<li>InDesign\u00ae CS6<\/li>\n<\/ul>\n<\/li>\n<\/ul>\n<ul>\n<li style=\"list-style-type: none;\">\n<ul>\n<li>Acrobat\u00ae X Pro<\/li>\n<\/ul>\n<\/li>\n<\/ul>\n<ul>\n<li style=\"list-style-type: none;\">\n<ul>\n<li>Bridge CS6<\/li>\n<\/ul>\n<\/li>\n<\/ul>\n<ul>\n<li>Media Encoder CS6<\/li>\n<\/ul>\n<p>&nbsp;<\/p>\n<h3>Syst\u00e8mes<\/h3>\n<ul>\n<li style=\"list-style-type: none;\">\n<ul>\n<li>Processeur Intel multicore \u00e0 64 bits<\/li>\n<\/ul>\n<\/li>\n<\/ul>\n<ul>\n<li style=\"list-style-type: none;\">\n<ul>\n<li>Mac OS X v10.6.8 ou v10.7<\/li>\n<\/ul>\n<\/li>\n<\/ul>\n<ul>\n<li style=\"list-style-type: none;\">\n<ul>\n<li>2 GB RAM (8 GB aanbevolen)<\/li>\n<\/ul>\n<\/li>\n<\/ul>\n<ul>\n<li style=\"list-style-type: none;\">\n<ul>\n<li>7 Go de m\u00e9moire vive sur le disque dur pour l'installation ; lors de l'installation, une m\u00e9moire vive suppl\u00e9mentaire est n\u00e9cessaire (elle ne peut pas \u00eatre install\u00e9e sur un volume dot\u00e9 d'un syst\u00e8me d'alimentation \u00e0 haut d\u00e9bit ou sur des applications Flash \u00e0 bas d\u00e9bit).<\/li>\n<\/ul>\n<\/li>\n<\/ul>\n<ul>\n<li style=\"list-style-type: none;\">\n<ul>\n<li>Moniteur avec une r\u00e9solution de 1.024 x 768 (1.280 x 800 aanbevolen) avec des couleurs de 16 bits et 256 MB VRAM<\/li>\n<\/ul>\n<\/li>\n<\/ul>\n<ul>\n<li style=\"list-style-type: none;\">\n<ul>\n<li>Pour le syst\u00e8me OpenGL 2.0 int\u00e9gr\u00e9<\/li>\n<\/ul>\n<\/li>\n<\/ul>\n<ul>\n<li style=\"list-style-type: none;\">\n<ul>\n<li>Adobe Flash Player 10 est plus performant pour l'exportation de bandes SWF<\/li>\n<\/ul>\n<\/li>\n<\/ul>\n<p>&nbsp;<\/p>\n<ul>\n<li>Ce logiciel n'est pas activ\u00e9. L'activation du logiciel, la validation des abonnements et l'acc\u00e8s aux services en ligne requi\u00e8rent une connexion Internet et un enregistrement. \u2020 L'activation par t\u00e9l\u00e9phone n'est pas possible.<\/li>\n<\/ul>\n<p>&nbsp;<\/p>\n<p><a href=\"https:\/\/www.digitallicense.nl\/adobe-creative-suite-cs6-design-standard-windows\" style=\"display:none\">a<\/a><\/p>\n<p><a href=\"https:\/\/tweakers.net\/pricewatch\/312447\/adobe-creative-suite-cs6-design-standard.html\" style=\"display:none\">a<\/a><\/p>\n<p><a href=\"https:\/\/www.bol.com\/nl\/p\/adobe-design-standard-cs6-win-nederlands\/1003004012253412\/\" style=\"display:none\">a<\/a><\/p>\n<p><a href=\"https:\/\/elicensenest.com\/fr\/produit\/adobe-photoshop-cs6\/\" style=\"display:none\">a<\/a><\/p>\n<p><a href=\"https:\/\/elicensenest.com\/fr\/produit\/adobe-cs6-design-web-premium\/\" style=\"display:none\">a<\/a><\/p>\n<p><a href=\"https:\/\/elicensenest.com\/fr\/product\/adobe-premiere-elements\/\" style=\"display:none\">a<\/a><\/p>\n<p><a href=\"https:\/\/elicensenest.com\/fr\/product\/adobe-premiere-elements\/\" style=\"display:none\">a<\/a><\/p>\n<p><a href=\"https:\/\/elicensenest.com\/fr\/product\/adobe-acrobat-pro-dc\/\" style=\"display:none\">a<\/a><\/p>","protected":false},"excerpt":{"rendered":"<h5><img decoding=\"async\" class=\"wp-image-38007 alignnone\" src=\"https:\/\/elicensenest.com\/wp-content\/uploads\/2022\/02\/blue-mark.png\" alt=\"\" width=\"25\" height=\"25\" srcset=\"https:\/\/elicensenest.com\/wp-content\/uploads\/2022\/02\/blue-mark.png 225w, https:\/\/elicensenest.com\/wp-content\/uploads\/2022\/02\/blue-mark-150x150.png 150w\" sizes=\"(max-width: 25px) 100vw, 25px\" \/>\u00a0<strong>Un logiciel simple et efficace !<br \/>\n<\/strong><img decoding=\"async\" class=\"wp-image-38007 alignnone\" src=\"https:\/\/elicensenest.com\/wp-content\/uploads\/2022\/02\/blue-mark.png\" alt=\"\" width=\"25\" height=\"25\" srcset=\"https:\/\/elicensenest.com\/wp-content\/uploads\/2022\/02\/blue-mark.png 225w, https:\/\/elicensenest.com\/wp-content\/uploads\/2022\/02\/blue-mark-150x150.png 150w\" sizes=\"(max-width: 25px) 100vw, 25px\" \/>\u00a0<strong>En deux temps trois mouvements, num\u00e9ris\u00e9 !<br \/>\n<\/strong><img decoding=\"async\" class=\"wp-image-38007 alignnone\" src=\"https:\/\/elicensenest.com\/wp-content\/uploads\/2022\/02\/blue-mark.png\" alt=\"\" width=\"25\" height=\"25\" srcset=\"https:\/\/elicensenest.com\/wp-content\/uploads\/2022\/02\/blue-mark.png 225w, https:\/\/elicensenest.com\/wp-content\/uploads\/2022\/02\/blue-mark-150x150.png 150w\" sizes=\"(max-width: 25px) 100vw, 25px\" \/>\u00a0<strong>Niet goed = Geld terug !<br \/>\n<\/strong><img decoding=\"async\" class=\"wp-image-38007 alignnone\" src=\"https:\/\/elicensenest.com\/wp-content\/uploads\/2022\/02\/blue-mark.png\" alt=\"\" width=\"25\" height=\"25\" srcset=\"https:\/\/elicensenest.com\/wp-content\/uploads\/2022\/02\/blue-mark.png 225w, https:\/\/elicensenest.com\/wp-content\/uploads\/2022\/02\/blue-mark-150x150.png 150w\" sizes=\"(max-width: 25px) 100vw, 25px\" \/> Le service client jusqu'\u00e0 23h00 est disponible !<br \/>\n<img decoding=\"async\" class=\"wp-image-38007 alignnone\" src=\"https:\/\/elicensenest.com\/wp-content\/uploads\/2022\/02\/blue-mark.png\" alt=\"\" width=\"25\" height=\"25\" srcset=\"https:\/\/elicensenest.com\/wp-content\/uploads\/2022\/02\/blue-mark.png 225w, https:\/\/elicensenest.com\/wp-content\/uploads\/2022\/02\/blue-mark-150x150.png 150w\" sizes=\"(max-width: 25px) 100vw, 25px\" \/> Ouvrez une boutique en ligne aux Pays-Bas avec un mot de passe de boutique en ligne !<\/h5>\n<h3><\/h3>","protected":false},"featured_media":113,"template":"","meta":{"inline_featured_image":false},"product_brand":[],"product_cat":[19],"product_tag":[],"class_list":{"0":"post-79","1":"product","2":"type-product","3":"status-publish","4":"has-post-thumbnail","6":"product_cat-multimedia","8":"first","9":"outofstock","10":"sale","11":"taxable","12":"shipping-taxable","13":"purchasable","14":"product-type-simple"},"_links":{"self":[{"href":"https:\/\/elicensenest.com\/fr\/wp-json\/wp\/v2\/product\/79","targetHints":{"allow":["GET"]}}],"collection":[{"href":"https:\/\/elicensenest.com\/fr\/wp-json\/wp\/v2\/product"}],"about":[{"href":"https:\/\/elicensenest.com\/fr\/wp-json\/wp\/v2\/types\/product"}],"wp:featuredmedia":[{"embeddable":true,"href":"https:\/\/elicensenest.com\/fr\/wp-json\/wp\/v2\/media\/113"}],"wp:attachment":[{"href":"https:\/\/elicensenest.com\/fr\/wp-json\/wp\/v2\/media?parent=79"}],"wp:term":[{"taxonomy":"product_brand","embeddable":true,"href":"https:\/\/elicensenest.com\/fr\/wp-json\/wp\/v2\/product_brand?post=79"},{"taxonomy":"product_cat","embeddable":true,"href":"https:\/\/elicensenest.com\/fr\/wp-json\/wp\/v2\/product_cat?post=79"},{"taxonomy":"product_tag","embeddable":true,"href":"https:\/\/elicensenest.com\/fr\/wp-json\/wp\/v2\/product_tag?post=79"}],"curies":[{"name":"wp","href":"https:\/\/api.w.org\/{rel}","templated":true}]}}