{"id":60,"date":"2022-02-26T09:21:37","date_gmt":"2022-02-26T09:21:37","guid":{"rendered":"https:\/\/elicensenest.com\/?post_type=product&#038;p=60"},"modified":"2023-10-26T12:55:44","modified_gmt":"2023-10-26T12:55:44","slug":"microsoft-server-2016-essentials","status":"publish","type":"product","link":"https:\/\/elicensenest.com\/fr\/produit\/microsoft-server-2016-essentials\/","title":{"rendered":"Microsoft Server 2016 Essentials (en anglais)"},"content":{"rendered":"<h3 style=\"text-align: center;\">Un r\u00e9seau d'entreprise efficace et efficient gr\u00e2ce \u00e0 Microsoft Windows Server 2016 Essentials<\/h3>\n<p>Microsoft Windows Server 2016 Essentials, un syst\u00e8me de gestion des performances de premier ordre qui a \u00e9t\u00e9 con\u00e7u pour r\u00e9pondre aux besoins des petites entreprises en mati\u00e8re de technologies de l'information, a permis de cr\u00e9er un environnement de travail efficace et performant pour les entreprises. Gr\u00e2ce \u00e0 ses fonctionnalit\u00e9s avanc\u00e9es en mati\u00e8re de r\u00e9seau, \u00e0 sa fiabilit\u00e9 et \u00e0 son int\u00e9gration totale, Windows Server 2016 Essentials est la solution id\u00e9ale pour les petites entreprises.<\/p>\n<p><strong>Les prix les plus bas :<\/strong><\/p>\n<ul>\n<li><strong>Installation et configuration efficaces :<\/strong> Snel et facile \u00e0 utiliser gr\u00e2ce \u00e0 l'installation et \u00e0 la configuration conviviales.<\/li>\n<li><strong>Active Directory :<\/strong> Voyez vos employ\u00e9s et votre personnel et d\u00e9veloppez votre r\u00e9seau avec les services Active Directory.<\/li>\n<li><strong>Bestands- en Printerdeling :<\/strong> Deel bestanden en printers moeiteloos in uw kantooromgeving.<\/li>\n<li><strong>Acc\u00e8s Web \u00e0 distance :<\/strong> Fournir un acc\u00e8s externe \u00e0 votre entreprise, de sorte que votre \u00e9quipe puisse \u00eatre globalement productive.<\/li>\n<\/ul>\n<p><strong>Voordelen :<\/strong> Avec Microsoft Windows Server 2016 Essentials, vous pouvez.. :<\/p>\n<ul>\n<li>Votre r\u00e9seau de distribution est efficace, m\u00eame si vous b\u00e9n\u00e9ficiez d'un soutien technique direct.<\/li>\n<li>Notre \u00e9quipe en place s'efforce de travailler ensemble, d'offrir des services et de livrer des imprimantes.<\/li>\n<li>Votre entreprise a fait des progr\u00e8s consid\u00e9rables gr\u00e2ce \u00e0 l'int\u00e9gration compl\u00e8te des services en nuage.<\/li>\n<\/ul>\n<p><strong>Systeemvereisten :<\/strong> Pour obtenir Microsoft Windows Server 2016 Essentials, cliquez sur le lien suivant :<\/p>\n<ul>\n<li><strong>Processeur :<\/strong> Processeur 64 bits 1,4 GHz de sneller.<\/li>\n<li><strong>Geheugen :<\/strong> 512 Mo de RAM au minimum.<\/li>\n<li><strong>Opslag :<\/strong> 32 Go de m\u00e9moire ou plus.<\/li>\n<li><strong>Carte graphique :<\/strong> Super VGA (800\u00d7600) de haute r\u00e9solution.<\/li>\n<li><strong>Reliure Internet :<\/strong> Pour les fonctions de base, il est n\u00e9cessaire de disposer d'un acc\u00e8s Internet.<\/li>\n<\/ul>\n<p><strong>Sc\u00e9narios d'utilisation :<\/strong> Microsoft Windows Server 2016 Essentials s'adresse aux petites entreprises, aux familles et aux particuliers qui ont besoin d'un r\u00e9seau \u00e9tendu et d'un acc\u00e8s rapide aux services de l'entreprise.<\/p>\n<p><strong>Installation et configuration :<\/strong> Gr\u00e2ce aux fonctions intuitives d'installation et de configuration, vous pouvez vous rendre directement sur le site en suivant les proc\u00e9dures habituelles.<\/p>\n<p><strong>Ondersteuning et Updates :<\/strong> Profitez d'une assistance technique de pointe et de mises \u00e0 jour r\u00e9guli\u00e8res pour optimiser le fonctionnement de votre r\u00e9seau d'entreprise.<\/p>\n<p><strong>Conclusion :<\/strong> Microsoft Windows Server 2016 Essentials est votre partenaire de choix pour des r\u00e9seaux d'entreprise efficaces et performants. Avec cette solution conviviale et efficace, votre entreprise atteindra un niveau sup\u00e9rieur.<\/p>","protected":false},"excerpt":{"rendered":"<p>Microsoft Windows Server 2016 Essentials, un syst\u00e8me de gestion des performances de premier ordre qui a \u00e9t\u00e9 con\u00e7u pour r\u00e9pondre aux besoins des petites entreprises en mati\u00e8re de technologies de l'information, a permis de cr\u00e9er un environnement de travail efficace et performant pour les entreprises. Gr\u00e2ce \u00e0 ses fonctionnalit\u00e9s avanc\u00e9es en mati\u00e8re de r\u00e9seau, \u00e0 sa fiabilit\u00e9 et \u00e0 son int\u00e9gration totale, Windows Server 2016 Essentials est la solution id\u00e9ale pour les petites entreprises.<\/p>\n<h5><img decoding=\"async\" class=\"wp-image-38007 alignnone\" src=\"https:\/\/elicensenest.com\/wp-content\/uploads\/2022\/02\/blue-mark.png\" alt=\"\" width=\"25\" height=\"25\" srcset=\"https:\/\/elicensenest.com\/wp-content\/uploads\/2022\/02\/blue-mark.png 225w, https:\/\/elicensenest.com\/wp-content\/uploads\/2022\/02\/blue-mark-150x150.png 150w\" sizes=\"(max-width: 25px) 100vw, 25px\" \/>\u00a0<strong>Un logiciel simple et efficace !<br \/>\n<\/strong><img decoding=\"async\" class=\"wp-image-38007 alignnone\" src=\"https:\/\/elicensenest.com\/wp-content\/uploads\/2022\/02\/blue-mark.png\" alt=\"\" width=\"25\" height=\"25\" srcset=\"https:\/\/elicensenest.com\/wp-content\/uploads\/2022\/02\/blue-mark.png 225w, https:\/\/elicensenest.com\/wp-content\/uploads\/2022\/02\/blue-mark-150x150.png 150w\" sizes=\"(max-width: 25px) 100vw, 25px\" \/>\u00a0<strong>En deux temps trois mouvements, num\u00e9ris\u00e9 !<br \/>\n<\/strong><img decoding=\"async\" class=\"wp-image-38007 alignnone\" src=\"https:\/\/elicensenest.com\/wp-content\/uploads\/2022\/02\/blue-mark.png\" alt=\"\" width=\"25\" height=\"25\" srcset=\"https:\/\/elicensenest.com\/wp-content\/uploads\/2022\/02\/blue-mark.png 225w, https:\/\/elicensenest.com\/wp-content\/uploads\/2022\/02\/blue-mark-150x150.png 150w\" sizes=\"(max-width: 25px) 100vw, 25px\" \/>\u00a0<strong>Niet goed = Geld terug !<br \/>\n<\/strong><img decoding=\"async\" class=\"wp-image-38007 alignnone\" src=\"https:\/\/elicensenest.com\/wp-content\/uploads\/2022\/02\/blue-mark.png\" alt=\"\" width=\"25\" height=\"25\" srcset=\"https:\/\/elicensenest.com\/wp-content\/uploads\/2022\/02\/blue-mark.png 225w, https:\/\/elicensenest.com\/wp-content\/uploads\/2022\/02\/blue-mark-150x150.png 150w\" sizes=\"(max-width: 25px) 100vw, 25px\" \/> Le service client jusqu'\u00e0 23h00 est disponible !<br \/>\n<img decoding=\"async\" class=\"wp-image-38007 alignnone\" src=\"https:\/\/elicensenest.com\/wp-content\/uploads\/2022\/02\/blue-mark.png\" alt=\"\" width=\"25\" height=\"25\" srcset=\"https:\/\/elicensenest.com\/wp-content\/uploads\/2022\/02\/blue-mark.png 225w, https:\/\/elicensenest.com\/wp-content\/uploads\/2022\/02\/blue-mark-150x150.png 150w\" sizes=\"(max-width: 25px) 100vw, 25px\" \/> Ouvrez une boutique en ligne aux Pays-Bas avec un mot de passe de boutique en ligne !<\/h5>\n<h3><\/h3>","protected":false},"featured_media":104,"template":"","meta":{"inline_featured_image":false},"product_brand":[],"product_cat":[20],"product_tag":[],"class_list":{"0":"post-60","1":"product","2":"type-product","3":"status-publish","4":"has-post-thumbnail","6":"product_cat-server","8":"first","9":"instock","10":"sale","11":"taxable","12":"shipping-taxable","13":"purchasable","14":"product-type-simple"},"_links":{"self":[{"href":"https:\/\/elicensenest.com\/fr\/wp-json\/wp\/v2\/product\/60","targetHints":{"allow":["GET"]}}],"collection":[{"href":"https:\/\/elicensenest.com\/fr\/wp-json\/wp\/v2\/product"}],"about":[{"href":"https:\/\/elicensenest.com\/fr\/wp-json\/wp\/v2\/types\/product"}],"wp:featuredmedia":[{"embeddable":true,"href":"https:\/\/elicensenest.com\/fr\/wp-json\/wp\/v2\/media\/104"}],"wp:attachment":[{"href":"https:\/\/elicensenest.com\/fr\/wp-json\/wp\/v2\/media?parent=60"}],"wp:term":[{"taxonomy":"product_brand","embeddable":true,"href":"https:\/\/elicensenest.com\/fr\/wp-json\/wp\/v2\/product_brand?post=60"},{"taxonomy":"product_cat","embeddable":true,"href":"https:\/\/elicensenest.com\/fr\/wp-json\/wp\/v2\/product_cat?post=60"},{"taxonomy":"product_tag","embeddable":true,"href":"https:\/\/elicensenest.com\/fr\/wp-json\/wp\/v2\/product_tag?post=60"}],"curies":[{"name":"wp","href":"https:\/\/api.w.org\/{rel}","templated":true}]}}