{"id":51989,"date":"2026-02-16T17:13:31","date_gmt":"2026-02-16T17:13:31","guid":{"rendered":"https:\/\/elicensenest.com\/?post_type=product&#038;p=51989"},"modified":"2026-02-16T17:13:56","modified_gmt":"2026-02-16T17:13:56","slug":"autodesk-all-apps-2026-1-year-or-3-year-subscription-multi-device-access-license-tied-to-your-email","status":"publish","type":"product","link":"https:\/\/elicensenest.com\/fr\/produit\/autodesk-all-apps-2026-1-year-or-3-year-subscription-multi-device-access-license-tied-to-your-email\/","title":{"rendered":"AutoDesk All Apps 2026 \u2013 1-Year or 3-Year Subscription | Multi-Device Access | License Tied to Your Email"},"content":{"rendered":"<h3 class=\"wp-block-heading\">-Description :&nbsp;<\/h3>\n\n\n\n<p>Acc\u00e9dez \u00e0 la suite compl\u00e8te de&nbsp;<strong>Autodesk Toutes les applications<\/strong>&nbsp;avec un abonnement de 3 ans, comprenant des outils de pointe pour la conception, l'ing\u00e9nierie, la construction et les m\u00e9dias. Ce pack comprend des applications de pointe telles que :<\/p>\n\n\n\n<ul class=\"wp-block-list\">\n<li><strong>3ds Max<\/strong>\u00a0- pour la mod\u00e9lisation, le rendu et l'animation en 3D.<\/li>\n\n\n\n<li><strong>Acier avanc\u00e9<\/strong>\u00a0- la conception et la fabrication de la charpente m\u00e9tallique.<\/li>\n\n\n\n<li><strong>Alias AutoStudio<\/strong>\u00a0- la conception et la visualisation automobile.<\/li>\n\n\n\n<li><strong>Arnold<\/strong>\u00a0- le rendu avanc\u00e9.<\/li>\n\n\n\n<li><strong>AutoCAD<\/strong>\u00a0(y compris les outils sp\u00e9cialis\u00e9s) et\u00a0<strong>AutoCAD LT<\/strong>\u00a0- pour un dessin pr\u00e9cis en 2D et 3D.<\/li>\n\n\n\n<li><strong>Autodesk Construction Cloud<\/strong>\u00a0- la rationalisation des processus de construction.<\/li>\n\n\n\n<li><strong>CFD Ultimate<\/strong>\u00a0- la dynamique des fluides pour la simulation.<\/li>\n\n\n\n<li><strong>Civil 3D<\/strong>\u00a0- pour le g\u00e9nie civil et la conception d'infrastructures.<\/li>\n\n\n\n<li><strong>Fusion<\/strong>\u00a0- pour la CAO, la FAO et l'IAO en 3D, avec des versions pour FeatureCAM et Moldflow Adviser.<\/li>\n\n\n\n<li><strong>Inventor Professional<\/strong>\u00a0(avec Nesting, Tolerance Analysis, Nastran) - CAO 3D avanc\u00e9e pour l'ing\u00e9nierie.<\/li>\n\n\n\n<li><strong>Maya<\/strong>\u00a0- logiciel d'animation 3D standard de l'industrie.<\/li>\n\n\n\n<li><strong>Revit<\/strong>\u00a0- la mod\u00e9lisation des donn\u00e9es du b\u00e2timent (BIM) pour l'architecture.<\/li>\n\n\n\n<li><strong>Navisworks Manage<\/strong>\u00a0- logiciel de r\u00e9vision de projets pour les professionnels de l'architecture et de l'urbanisme.<\/li>\n\n\n\n<li><strong>Professionnel de l'analyse structurelle des robots<\/strong>\u00a0- l'analyse de l'ing\u00e9nierie structurelle.<\/li>\n\n\n\n<li><strong>Chambre forte professionnelle<\/strong>\u00a0- la gestion des donn\u00e9es pour les \u00e9quipes d'ing\u00e9nieurs.<\/li>\n<\/ul>\n\n\n\n<p>Et bien d'autres applications, dont&nbsp;<strong>Mudbox<\/strong>,&nbsp;<strong>MotionBuilder<\/strong>,&nbsp;<strong>PowerInspect Ultimate<\/strong>,&nbsp;<strong>HSMWorks Ultimate<\/strong>,&nbsp;<strong>VRED Professionnel<\/strong>,&nbsp;<strong>Netfabb Premium<\/strong>et&nbsp;<strong>Conception de ponts structurels<\/strong>.<\/p>\n\n\n\n<p>Ce pack complet vous permet de disposer de tous les outils dont vous avez besoin pour n'importe quel projet, avec des fonctionnalit\u00e9s puissantes en mati\u00e8re de conception, de simulation, de rendu et de gestion de projet, le tout sous une seule et m\u00eame licence. B\u00e9n\u00e9ficiez d'un abonnement de 3 ans et exploitez toute la puissance de la gamme d'outils avanc\u00e9s d'Autodesk.<\/p>\n\n\n\n<p><strong>\u2705<\/strong><strong> Ce que vous obtiendrez :<\/strong><strong><\/strong><\/p>\n\n\n\n<ul class=\"wp-block-list\">\n<li><strong>Licence officielle de 3 ans pour toutes les applications AutoDesk - Livr\u00e9e \u00e0 votre email<\/strong><\/li>\n\n\n\n<li><strong>Acc\u00e8s priv\u00e9 via une invitation par courriel (pas de comptes partag\u00e9s)<\/strong><\/li>\n\n\n\n<li><strong>Utilisation multi-appareils - Activation simultan\u00e9e sur plusieurs appareils<\/strong><\/li>\n\n\n\n<li><strong>Compatible avec Windows, macOS et Ipad<\/strong><\/li>\n\n\n\n<li><strong>Directement depuis la plateforme officielle d'Autodesk<\/strong><\/li>\n\n\n\n<li><strong>S\u00e9curis\u00e9, priv\u00e9 et enti\u00e8rement fonctionnel<\/strong><\/li>\n<\/ul>\n\n\n\n<hr class=\"wp-block-separator has-alpha-channel-opacity\"\/>\n\n\n\n<p><strong>\u2705<\/strong><strong>Comment cela fonctionne-t-il ?<\/strong><strong><\/strong><\/p>\n\n\n\n<ol start=\"1\" class=\"wp-block-list\">\n<li><strong>Apr\u00e8s l'achat, envoyez-nous votre adresse \u00e9lectronique.<\/strong><\/li>\n\n\n\n<li><strong>Nous vous inviterons directement \u00e0 acc\u00e9der \u00e0 votre licence AutoDesk.<\/strong><\/li>\n\n\n\n<li><strong>Acceptez l'invitation et commencez \u00e0 utiliser AutoDesk sur tous vos appareils.<\/strong><\/li>\n\n\n\n<li><strong>Profitez de 3 ann\u00e9es compl\u00e8tes d'acc\u00e8s ininterrompu - pas de frais mensuels, pas d'essais.<\/strong><\/li>\n<\/ol>\n\n\n\n<hr class=\"wp-block-separator has-alpha-channel-opacity\"\/>","protected":false},"excerpt":{"rendered":"<p>\u2714\ufe0f100% Version authentique sans crack<\/p>\n<p>\u2714\ufe0fRuns Sur Windows pc et Mac<\/p>\n<p>\u2714\ufe0fDownload produit(s) sur le site officiel d'Autodesk<\/p>\n<p>\u2714\ufe0f Peut \u00eatre utilis\u00e9 sur plusieurs appareils<\/p>\n<p>\u2714\ufe0f Nous ajouterons votre adresse \u00e9lectronique au syst\u00e8me et vous recevrez une invitation \u00e0 acc\u00e9der \u00e0 votre licence.<\/p>","protected":false},"featured_media":51876,"template":"","meta":{"inline_featured_image":false},"product_brand":[],"product_cat":[30],"product_tag":[],"class_list":{"0":"post-51989","1":"product","2":"type-product","3":"status-publish","4":"has-post-thumbnail","6":"product_cat-autodesk","8":"first","9":"instock","10":"taxable","11":"shipping-taxable","12":"purchasable","13":"product-type-variable"},"_links":{"self":[{"href":"https:\/\/elicensenest.com\/fr\/wp-json\/wp\/v2\/product\/51989","targetHints":{"allow":["GET"]}}],"collection":[{"href":"https:\/\/elicensenest.com\/fr\/wp-json\/wp\/v2\/product"}],"about":[{"href":"https:\/\/elicensenest.com\/fr\/wp-json\/wp\/v2\/types\/product"}],"wp:featuredmedia":[{"embeddable":true,"href":"https:\/\/elicensenest.com\/fr\/wp-json\/wp\/v2\/media\/51876"}],"wp:attachment":[{"href":"https:\/\/elicensenest.com\/fr\/wp-json\/wp\/v2\/media?parent=51989"}],"wp:term":[{"taxonomy":"product_brand","embeddable":true,"href":"https:\/\/elicensenest.com\/fr\/wp-json\/wp\/v2\/product_brand?post=51989"},{"taxonomy":"product_cat","embeddable":true,"href":"https:\/\/elicensenest.com\/fr\/wp-json\/wp\/v2\/product_cat?post=51989"},{"taxonomy":"product_tag","embeddable":true,"href":"https:\/\/elicensenest.com\/fr\/wp-json\/wp\/v2\/product_tag?post=51989"}],"curies":[{"name":"wp","href":"https:\/\/api.w.org\/{rel}","templated":true}]}}