{"id":51901,"date":"2025-05-09T16:41:51","date_gmt":"2025-05-09T16:41:51","guid":{"rendered":"https:\/\/elicensenest.com\/?post_type=product&#038;p=51901"},"modified":"2025-05-09T16:41:53","modified_gmt":"2025-05-09T16:41:53","slug":"microsoft-visual-studio-professional-2022-product-key-lifetime-activation","status":"publish","type":"product","link":"https:\/\/elicensenest.com\/fr\/produit\/microsoft-visual-studio-professional-2022-product-key-lifetime-activation\/","title":{"rendered":"Microsoft Visual Studio Professional 2022 Cl\u00e9 de produit - Activation \u00e0 vie"},"content":{"rendered":"<p><strong>Visual Studio 2022 Professional - Multilanguage pour Windows<\/strong><\/p>\n\n\n\n<p><strong>Activation officielle<\/strong>:<br>T\u00e9l\u00e9charger et activer via le programme d'installation officiel de Microsoft :<br>\ud83d\udd17<a href=\"https:\/\/visualstudio.microsoft.com\/thank-you-downloading-visual-studio\/?sku=Professional&amp;channel=Release&amp;version=VS2022&amp;source=VSLandingPage&amp;passive=false&amp;cid=2030\"> T\u00e9l\u00e9charger Visual Studio 2022<\/a><\/p>\n\n\n\n<hr class=\"wp-block-separator has-alpha-channel-opacity\"\/>\n\n\n\n<p><strong>Vue d'ensemble<\/strong><strong><br><\/strong> Visual Studio 2022 Professional est la version la plus puissante et la plus productive de Visual Studio. Con\u00e7ue pour les d\u00e9veloppeurs professionnels et les petites \u00e9quipes, elle offre un environnement de d\u00e9veloppement int\u00e9gr\u00e9 (IDE) 64 bits avanc\u00e9, capable de g\u00e9rer des projets de toute taille et de toute complexit\u00e9 avec rapidit\u00e9 et stabilit\u00e9.<\/p>\n\n\n\n<hr class=\"wp-block-separator has-alpha-channel-opacity\"\/>\n\n\n\n<p><strong>Caract\u00e9ristiques principales<\/strong><\/p>\n\n\n\n<p>\ud83d\udd39 <strong>Haute performance<\/strong><\/p>\n\n\n\n<ul class=\"wp-block-list\">\n<li>Premier IDE Visual Studio 64 bits<br><\/li>\n\n\n\n<li>Une navigation, un codage et un passage d'une branche \u00e0 l'autre fluides, m\u00eame dans les grands projets<br><\/li>\n\n\n\n<li>R\u00e9duction consid\u00e9rable du risque d'erreurs hors m\u00e9moire<br><\/li>\n<\/ul>\n\n\n\n<p>\ud83d\udd39 <strong>Outils de d\u00e9veloppement modernes<\/strong><\/p>\n\n\n\n<ul class=\"wp-block-list\">\n<li>D\u00e9velopper des applications multiplateformes \u00e0 l'aide de .NET MAUI<br><\/li>\n\n\n\n<li>Construire des interfaces web dans C# en utilisant Blazor<br><\/li>\n\n\n\n<li>D\u00e9boguer et tester des applications .NET\/C++ dans des environnements Linux<br><\/li>\n\n\n\n<li>Rechargement \u00e0 chaud dans les projets .NET et C++<br><\/li>\n\n\n\n<li>Modifier en direct des pages ASP.NET dans la vue du concepteur<br><\/li>\n<\/ul>\n\n\n\n<p>\ud83d\udd39 <strong>Une exp\u00e9rience de codage plus intelligente<\/strong><\/p>\n\n\n\n<ul class=\"wp-block-list\">\n<li>Compl\u00e9ments de code aliment\u00e9s par l'IA<br><\/li>\n\n\n\n<li>Editeur Razor am\u00e9lior\u00e9 avec refactorisation de fichiers crois\u00e9s<br><\/li>\n\n\n\n<li>Diagnostics visuels pour les op\u00e9rations asynchrones<br><\/li>\n\n\n\n<li>Analyseurs de code int\u00e9gr\u00e9s pour un retour d'information instantan\u00e9<br><\/li>\n<\/ul>\n\n\n\n<p>\ud83d\udd39 <strong>Collaboratif et pr\u00eat pour l'informatique en nuage<\/strong><\/p>\n\n\n\n<ul class=\"wp-block-list\">\n<li>Collaboration en temps r\u00e9el via Live Share<br><\/li>\n\n\n\n<li>Exp\u00e9rience Git int\u00e9gr\u00e9e : clonage, validation et gestion des \u00e9l\u00e9ments de travail en toute simplicit\u00e9<br><\/li>\n\n\n\n<li>Configuration CI\/CD transparente pour le d\u00e9ploiement sur Azure<br><\/li>\n<\/ul>\n\n\n\n<hr class=\"wp-block-separator has-alpha-channel-opacity\"\/>\n\n\n\n<p><strong>Id\u00e9al pour :<\/strong><\/p>\n\n\n\n<p><strong><br><\/strong> Les d\u00e9veloppeurs professionnels et les \u00e9quipes \u00e0 la recherche d'une solution tout-en-un pour cr\u00e9er, d\u00e9boguer et d\u00e9ployer des applications performantes sur les plateformes desktop, web, mobile et cloud.<\/p>","protected":false},"excerpt":{"rendered":"<p>Visual Studio 2022 Professional \u2013 Multilanguage for Windows Official Activation:Download and activate via the official Microsoft installer:\ud83d\udd17 Download Visual Studio 2022 Overview Visual Studio 2022 Professional is the most powerful and productive version of Visual Studio yet. Designed for professional developers and small teams, it offers an advanced 64-bit integrated development environment (IDE) that can [&hellip;]<\/p>","protected":false},"featured_media":51902,"template":"","meta":{"inline_featured_image":false},"product_brand":[],"product_cat":[],"product_tag":[],"class_list":{"0":"post-51901","1":"product","2":"type-product","3":"status-publish","4":"has-post-thumbnail","7":"first","8":"instock","9":"taxable","10":"shipping-taxable","11":"purchasable","12":"product-type-simple"},"_links":{"self":[{"href":"https:\/\/elicensenest.com\/fr\/wp-json\/wp\/v2\/product\/51901","targetHints":{"allow":["GET"]}}],"collection":[{"href":"https:\/\/elicensenest.com\/fr\/wp-json\/wp\/v2\/product"}],"about":[{"href":"https:\/\/elicensenest.com\/fr\/wp-json\/wp\/v2\/types\/product"}],"wp:featuredmedia":[{"embeddable":true,"href":"https:\/\/elicensenest.com\/fr\/wp-json\/wp\/v2\/media\/51902"}],"wp:attachment":[{"href":"https:\/\/elicensenest.com\/fr\/wp-json\/wp\/v2\/media?parent=51901"}],"wp:term":[{"taxonomy":"product_brand","embeddable":true,"href":"https:\/\/elicensenest.com\/fr\/wp-json\/wp\/v2\/product_brand?post=51901"},{"taxonomy":"product_cat","embeddable":true,"href":"https:\/\/elicensenest.com\/fr\/wp-json\/wp\/v2\/product_cat?post=51901"},{"taxonomy":"product_tag","embeddable":true,"href":"https:\/\/elicensenest.com\/fr\/wp-json\/wp\/v2\/product_tag?post=51901"}],"curies":[{"name":"wp","href":"https:\/\/api.w.org\/{rel}","templated":true}]}}