{"id":51898,"date":"2025-05-09T15:54:51","date_gmt":"2025-05-09T15:54:51","guid":{"rendered":"https:\/\/elicensenest.com\/?post_type=product&#038;p=51898"},"modified":"2025-05-09T16:01:14","modified_gmt":"2025-05-09T16:01:14","slug":"microsoft-windows-server-rds-50-cals","status":"publish","type":"product","link":"https:\/\/elicensenest.com\/fr\/produit\/microsoft-windows-server-rds-50-cals\/","title":{"rendered":"Microsoft Windows Server RDS 50 CALs"},"content":{"rendered":"<h4 class=\"wp-block-heading\"><\/h4>\n\n\n\n<p><\/p>\n\n\n\n<h4 class=\"wp-block-heading\"><strong><em>Diff\u00e9rence entre les CAL de l'utilisateur et du dispositif<\/em><\/strong><br><\/h4>\n\n\n\n<figure class=\"wp-block-table\"><table class=\"has-fixed-layout\"><thead><tr><td><strong>Type<\/strong><\/td><td><strong>Description<\/strong><\/td><\/tr><\/thead><tbody><tr><td><strong>Utilisateur CAL<\/strong><\/td><td>Une licence par&nbsp;<strong>utilisateur<\/strong>. L'utilisateur titulaire d'une licence peut acc\u00e9der au serveur \u00e0 partir de plusieurs appareils.<br>Id\u00e9al pour les employ\u00e9s qui utilisent plusieurs appareils (p. ex. ordinateur portable, ordinateur de bureau, tablette).<\/td><\/tr><tr><td><strong>Dispositif CAL<\/strong><\/td><td>Une licence par&nbsp;<strong>dispositif<\/strong>. Un nombre illimit\u00e9 d'utilisateurs peut acc\u00e9der au serveur \u00e0 partir de l'appareil sous licence.<br>Id\u00e9al pour les appareils partag\u00e9s (par exemple, dans les laboratoires, les biblioth\u00e8ques ou le travail en \u00e9quipe tournante).<\/td><\/tr><\/tbody><\/table><\/figure>\n\n\n\n<p><\/p>\n\n\n\n<h4 class=\"wp-block-heading\">\u26a0\ufe0f Avis de conformit\u00e9 des licences<\/h4>\n\n\n\n<p>Bien qu'il soit techniquement possible d'installer plus de 2 machines virtuelles avec l'\u00e9dition Standard ou d'activer la licence sur un serveur de plus de 16 c\u0153urs, cela ne signifie pas que la licence ne soit pas activ\u00e9e. <strong>viole les conditions de licence officielles de Microsoft<\/strong>.<\/p>\n\n\n\n<p>Par exemple, si votre serveur a <strong>32 c\u0153urs physiques<\/strong> et vous n'achetez qu'un <strong>Licence 16 c\u0153urs<\/strong>le syst\u00e8me s'installera et s'activera quand m\u00eame avec succ\u00e8s. Cependant, il n'en reste pas moins que le syst\u00e8me s'installe et s'active correctement, <strong>vous n'\u00eates pas autoris\u00e9 \u00e0 ex\u00e9cuter Windows Server l\u00e9galement dans cette configuration<\/strong>. Microsoft vous demande d'acqu\u00e9rir une licence pour tous les c\u0153urs physiques du serveur, avec un minimum de 16 c\u0153urs par serveur et de 8 c\u0153urs par processeur.<\/p>\n\n\n\n<p>En cas d'audit, Microsoft peut consid\u00e9rer cela comme <strong>sous-licence<\/strong> et imposer des sanctions financi\u00e8res, exiger des remboursements ou demander des licences ad\u00e9quates pour couvrir la totalit\u00e9 de la capacit\u00e9 mat\u00e9rielle de votre serveur.<\/p>\n\n\n\n<p>Veillez toujours \u00e0 ce que le nombre de licences de base achet\u00e9es corresponde \u00e0 la configuration physique de votre serveur afin de rester en conformit\u00e9 et d'\u00e9viter tout risque juridique ou financier.<\/p>\n\n\n\n<p><strong><em>\u2705CALs requises N\u00e9cessite : Des licences d'acc\u00e8s client (CAL) pour les utilisateurs ou les p\u00e9riph\u00e9riques acc\u00e9dant au serveur et vous pouvez les acheter s\u00e9par\u00e9ment.<\/em><\/strong><\/p>\n\n\n\n<p><\/p>","protected":false},"excerpt":{"rendered":"<p>Different between User and Device CALs Type Description User CAL One license per&nbsp;user. The licensed user can access the server from multiple devices.Best for employees who use several devices (e.g., laptop, desktop, tablet). Device CAL One license per&nbsp;device. Any number of users can access the server from the licensed device.Ideal for shared devices (e.g., in [&hellip;]<\/p>","protected":false},"featured_media":51897,"template":"","meta":{"inline_featured_image":false},"product_brand":[],"product_cat":[20],"product_tag":[],"class_list":{"0":"post-51898","1":"product","2":"type-product","3":"status-publish","4":"has-post-thumbnail","6":"product_cat-server","8":"first","9":"instock","10":"taxable","11":"shipping-taxable","12":"purchasable","13":"product-type-variable"},"_links":{"self":[{"href":"https:\/\/elicensenest.com\/fr\/wp-json\/wp\/v2\/product\/51898","targetHints":{"allow":["GET"]}}],"collection":[{"href":"https:\/\/elicensenest.com\/fr\/wp-json\/wp\/v2\/product"}],"about":[{"href":"https:\/\/elicensenest.com\/fr\/wp-json\/wp\/v2\/types\/product"}],"wp:featuredmedia":[{"embeddable":true,"href":"https:\/\/elicensenest.com\/fr\/wp-json\/wp\/v2\/media\/51897"}],"wp:attachment":[{"href":"https:\/\/elicensenest.com\/fr\/wp-json\/wp\/v2\/media?parent=51898"}],"wp:term":[{"taxonomy":"product_brand","embeddable":true,"href":"https:\/\/elicensenest.com\/fr\/wp-json\/wp\/v2\/product_brand?post=51898"},{"taxonomy":"product_cat","embeddable":true,"href":"https:\/\/elicensenest.com\/fr\/wp-json\/wp\/v2\/product_cat?post=51898"},{"taxonomy":"product_tag","embeddable":true,"href":"https:\/\/elicensenest.com\/fr\/wp-json\/wp\/v2\/product_tag?post=51898"}],"curies":[{"name":"wp","href":"https:\/\/api.w.org\/{rel}","templated":true}]}}