{"id":41,"date":"2022-02-26T09:21:14","date_gmt":"2022-02-26T09:21:14","guid":{"rendered":"https:\/\/elicensenest.com\/?post_type=product&#038;p=41"},"modified":"2023-11-05T20:06:07","modified_gmt":"2023-11-05T20:06:07","slug":"norton-security-deluxe-3pc-1-jaar","status":"publish","type":"product","link":"https:\/\/elicensenest.com\/fr\/produit\/norton-security-deluxe-3pc-1-jaar\/","title":{"rendered":"Norton Security Deluxe 3PC - 1 JAAR"},"content":{"rendered":"<p>Norton Security Deluxe est un logiciel de s\u00e9curit\u00e9 complet et performant qui vous permet de prot\u00e9ger votre vie num\u00e9rique contre un grand nombre d'attaques et de risques en ligne. Cet abonnement pour 3 PC fournit des informations essentielles sur vos appareils, ainsi que des fonctions antivirus et de protection efficaces pour rendre vos activit\u00e9s en ligne plus s\u00fbres et plus agr\u00e9ables.<\/p>\n<p><strong>Les points forts de l'entreprise :<\/strong><\/p>\n<ol>\n<li><strong>Protection contre les logiciels malveillants et les virus :<\/strong> Norton Security Deluxe offre une protection en temps r\u00e9el contre les logiciels malveillants, les virus, les logiciels espions et les ransomwares, afin de prot\u00e9ger votre ordinateur.<\/li>\n<li><strong>Pare-feu et s\u00e9curit\u00e9 du r\u00e9seau :<\/strong> Le pare-feu int\u00e9gr\u00e9 permet d'acc\u00e9der \u00e0 de nombreuses fonctions et sources d'information, de sorte que vos donn\u00e9es personnelles et votre vie priv\u00e9e soient pr\u00e9serv\u00e9es.<\/li>\n<li><strong>Webbeveiliging :<\/strong> Le logiciel d\u00e9tecte les sites Web potentiellement dangereux et vous prot\u00e8ge contre les tentatives d'hame\u00e7onnage lorsque vous surfez sur Internet.<\/li>\n<li><strong>Identiteitsbescherming :<\/strong> Norton Security Deluxe prot\u00e8ge les donn\u00e9es personnelles et financi\u00e8res contre les menaces et les atteintes \u00e0 l'identit\u00e9.<\/li>\n<li><strong>Mises \u00e0 jour automatiques :<\/strong> Les d\u00e9finitions de l'antivirus sont automatiquement modifi\u00e9es afin d'assurer la protection contre les nouvelles menaces.<\/li>\n<li><strong>Mise en place d'appareils suppl\u00e9mentaires :<\/strong> Cette licence pour 3 PC vous permet d'acqu\u00e9rir d'autres appareils, tels que des PC, des ordinateurs portables et des tablettes, avec une licence.<\/li>\n<li><strong>24\/7 Klantenservice :<\/strong> Norton a mis en place un service client\u00e8le de qualit\u00e9 afin d'\u00e9viter toute perte d'informations ou de probl\u00e8mes.<\/li>\n<\/ol>\n<p><strong>Systeemvereisten :<\/strong><\/p>\n<p>Pour installer Norton Security Deluxe et l'installer sur votre ordinateur, vous devez passer par la liste des syst\u00e8mes minimaux :<\/p>\n<ul>\n<li>Syst\u00e8me d'exploitation : Windows 7, 8, 8.1, 10<\/li>\n<li>Processeur : 1 GHz de sneller<\/li>\n<li>RAM : 2 Go (pour 32 bits) ou 4 Go (pour 64 bits)<\/li>\n<li>Taille \u00e9lev\u00e9e : 300 Mo de donn\u00e9es incompl\u00e8tes<\/li>\n<li>Internetverbinding : Liste des mises \u00e0 jour et des fonctions d'assistance<\/li>\n<\/ul>\n<p>Norton Security Deluxe avec un abonnement d'une dur\u00e9e de 3 ans pour 3 PC offre une protection efficace et conviviale pour les particuliers et les petites entreprises. Gr\u00e2ce \u00e0 la technologie Norton, vous pouvez en toute s\u00e9curit\u00e9 naviguer, faire des transactions bancaires, envoyer des courriers \u00e9lectroniques et surfer sur Internet, tout en sachant que vos appareils et vos donn\u00e9es sont bien prot\u00e9g\u00e9s. L'abonnement \u00e0 l'ann\u00e9e pour des PC plus puissants vise \u00e0 am\u00e9liorer la confiance dans un monde en ligne de plus en plus vaste.<\/p>","protected":false},"excerpt":{"rendered":"<p>Norton Security Deluxe est un logiciel de s\u00e9curit\u00e9 complet et performant qui vous permet de prot\u00e9ger votre vie num\u00e9rique contre un grand nombre d'attaques et de risques en ligne. Cet abonnement pour 3 PC fournit des informations essentielles sur vos appareils, ainsi que des fonctions antivirus et de protection efficaces pour rendre vos activit\u00e9s en ligne plus s\u00fbres et plus agr\u00e9ables.<\/p>\n<h5><img decoding=\"async\" class=\"wp-image-38007 alignnone\" src=\"https:\/\/elicensenest.com\/wp-content\/uploads\/2022\/02\/blue-mark.png\" alt=\"\" width=\"25\" height=\"25\" srcset=\"https:\/\/elicensenest.com\/wp-content\/uploads\/2022\/02\/blue-mark.png 225w, https:\/\/elicensenest.com\/wp-content\/uploads\/2022\/02\/blue-mark-150x150.png 150w\" sizes=\"(max-width: 25px) 100vw, 25px\" \/>\u00a0<strong>Un logiciel simple et efficace !<br \/>\n<\/strong><img decoding=\"async\" class=\"wp-image-38007 alignnone\" src=\"https:\/\/elicensenest.com\/wp-content\/uploads\/2022\/02\/blue-mark.png\" alt=\"\" width=\"25\" height=\"25\" srcset=\"https:\/\/elicensenest.com\/wp-content\/uploads\/2022\/02\/blue-mark.png 225w, https:\/\/elicensenest.com\/wp-content\/uploads\/2022\/02\/blue-mark-150x150.png 150w\" sizes=\"(max-width: 25px) 100vw, 25px\" \/>\u00a0<strong>En deux temps trois mouvements, num\u00e9ris\u00e9 !<br \/>\n<\/strong><img decoding=\"async\" class=\"wp-image-38007 alignnone\" src=\"https:\/\/elicensenest.com\/wp-content\/uploads\/2022\/02\/blue-mark.png\" alt=\"\" width=\"25\" height=\"25\" srcset=\"https:\/\/elicensenest.com\/wp-content\/uploads\/2022\/02\/blue-mark.png 225w, https:\/\/elicensenest.com\/wp-content\/uploads\/2022\/02\/blue-mark-150x150.png 150w\" sizes=\"(max-width: 25px) 100vw, 25px\" \/>\u00a0<strong>Niet goed = Geld terug !<br \/>\n<\/strong><img decoding=\"async\" class=\"wp-image-38007 alignnone\" src=\"https:\/\/elicensenest.com\/wp-content\/uploads\/2022\/02\/blue-mark.png\" alt=\"\" width=\"25\" height=\"25\" srcset=\"https:\/\/elicensenest.com\/wp-content\/uploads\/2022\/02\/blue-mark.png 225w, https:\/\/elicensenest.com\/wp-content\/uploads\/2022\/02\/blue-mark-150x150.png 150w\" sizes=\"(max-width: 25px) 100vw, 25px\" \/> Le service client jusqu'\u00e0 23h00 est disponible !<br \/>\n<img decoding=\"async\" class=\"wp-image-38007 alignnone\" src=\"https:\/\/elicensenest.com\/wp-content\/uploads\/2022\/02\/blue-mark.png\" alt=\"\" width=\"25\" height=\"25\" srcset=\"https:\/\/elicensenest.com\/wp-content\/uploads\/2022\/02\/blue-mark.png 225w, https:\/\/elicensenest.com\/wp-content\/uploads\/2022\/02\/blue-mark-150x150.png 150w\" sizes=\"(max-width: 25px) 100vw, 25px\" \/> Ouvrez une boutique en ligne aux Pays-Bas avec un mot de passe de boutique en ligne !<\/h5>\n<h3><\/h3>","protected":false},"featured_media":77,"template":"","meta":{"inline_featured_image":false},"product_brand":[],"product_cat":[18],"product_tag":[],"class_list":{"0":"post-41","1":"product","2":"type-product","3":"status-publish","4":"has-post-thumbnail","6":"product_cat-antivirus","8":"first","9":"instock","10":"sale","11":"taxable","12":"shipping-taxable","13":"purchasable","14":"product-type-simple"},"_links":{"self":[{"href":"https:\/\/elicensenest.com\/fr\/wp-json\/wp\/v2\/product\/41","targetHints":{"allow":["GET"]}}],"collection":[{"href":"https:\/\/elicensenest.com\/fr\/wp-json\/wp\/v2\/product"}],"about":[{"href":"https:\/\/elicensenest.com\/fr\/wp-json\/wp\/v2\/types\/product"}],"wp:featuredmedia":[{"embeddable":true,"href":"https:\/\/elicensenest.com\/fr\/wp-json\/wp\/v2\/media\/77"}],"wp:attachment":[{"href":"https:\/\/elicensenest.com\/fr\/wp-json\/wp\/v2\/media?parent=41"}],"wp:term":[{"taxonomy":"product_brand","embeddable":true,"href":"https:\/\/elicensenest.com\/fr\/wp-json\/wp\/v2\/product_brand?post=41"},{"taxonomy":"product_cat","embeddable":true,"href":"https:\/\/elicensenest.com\/fr\/wp-json\/wp\/v2\/product_cat?post=41"},{"taxonomy":"product_tag","embeddable":true,"href":"https:\/\/elicensenest.com\/fr\/wp-json\/wp\/v2\/product_tag?post=41"}],"curies":[{"name":"wp","href":"https:\/\/api.w.org\/{rel}","templated":true}]}}