{"id":39,"date":"2023-10-10T20:56:36","date_gmt":"2023-10-10T20:56:36","guid":{"rendered":"https:\/\/elicensenest.com\/?post_type=product&#038;p=39"},"modified":"2023-10-28T19:10:36","modified_gmt":"2023-10-28T19:10:36","slug":"mcafee-total-protection-5pc-1-jaar","status":"publish","type":"product","link":"https:\/\/elicensenest.com\/fr\/produit\/mcafee-total-protection-5pc-1-jaar\/","title":{"rendered":"McAfee Total Protection 5PC - 1 JAAR"},"content":{"rendered":"<p>McAfee Total Protection est un logiciel de protection tr\u00e8s performant, con\u00e7u pour prot\u00e9ger votre vie num\u00e9rique contre un grand nombre d'attaques en ligne. Avec une licence d'un an pour 5 PC, vous \u00eates prot\u00e9g\u00e9 pendant un an contre les virus, les logiciels malveillants, les tentatives d'hame\u00e7onnage et bien d'autres choses encore, sur d'autres appareils.<\/p>\n<p><strong>Les prix les plus bas :<\/strong> McAfee Total Protection offre une large gamme de services de protection et d'assistance, notamment en mati\u00e8re de s\u00e9curit\u00e9 :<\/p>\n<ul>\n<li><strong>Antivirus et Antispyware :<\/strong> Prot\u00e9gez votre PC contre les virus, les logiciels malveillants et les logiciels espions afin de pr\u00e9server vos donn\u00e9es et votre vie priv\u00e9e.<\/li>\n<li><strong>Pare-feu :<\/strong> Il s'agit de mettre en place un syst\u00e8me s\u00e9curis\u00e9 et d'utiliser votre r\u00e9seau pour un service en ligne en toute tranquillit\u00e9.<\/li>\n<li><strong>Antiphishing :<\/strong> D\u00e9tecter et bloquer les tentatives d'hame\u00e7onnage afin d'\u00e9viter que vos donn\u00e9es personnelles ne soient divulgu\u00e9es \u00e0 des tiers.<\/li>\n<li><strong>La gestion des transactions financi\u00e8res :<\/strong> R\u00e9alisez des transactions en ligne et des op\u00e9rations bancaires avec des frais suppl\u00e9mentaires.<\/li>\n<li><strong>Naviguer en toute s\u00e9curit\u00e9 :<\/strong> Permet de naviguer en toute s\u00e9curit\u00e9 et en temps r\u00e9el sur des sites web et des t\u00e9l\u00e9chargements de grande qualit\u00e9.<\/li>\n<li><strong>Ouderlijk Toezicht :<\/strong> Pour que vos enfants puissent cr\u00e9er un environnement en ligne s\u00e9curis\u00e9, vous devez conna\u00eetre et contr\u00f4ler les sites web et les contenus qui sont utiles \u00e0 vos enfants.<\/li>\n<li><strong>Rapport d'\u00e9valuation de la qualit\u00e9 des produits :<\/strong> Signaler les points litigieux et prendre les mesures qui s'imposent \u00e0 cet \u00e9gard.<\/li>\n<li><strong>Wachtwoordbeheer :<\/strong> Lisez et am\u00e9liorez vos mots d'ordre avec un gestionnaire de mots d'ordre efficace.<\/li>\n<\/ul>\n<p><strong>Compatibilit\u00e9 :<\/strong> McAfee Total Protection est compatible avec les syst\u00e8mes d'exploitation Windows et peut \u00eatre utilis\u00e9 sur des PC plus puissants pour prot\u00e9ger vos donn\u00e9es num\u00e9riques.<\/p>\n<p><strong>Systeemvereisten :<\/strong> Pour installer et utiliser McAfee Total Protection, vous devez v\u00e9rifier les ordinateurs dot\u00e9s des syst\u00e8mes minimaux suivants :<\/p>\n<ul>\n<li><strong>Besturingssysteem :<\/strong> Windows 7\/8\/10.<\/li>\n<li><strong>Processeur :<\/strong> 1 GHz d'h\u00e9lice.<\/li>\n<li><strong>Geheugen (RAM) :<\/strong> 2 Go de RAM au minimum.<\/li>\n<li><strong>Tr\u00e8s bien :<\/strong> Fichier de 500 Mo au minimum.<\/li>\n<li><strong>Reliure Internet :<\/strong> Pour l'activation et les mises \u00e0 jour.<\/li>\n<\/ul>","protected":false},"excerpt":{"rendered":"<p>McAfee Total Protection est un logiciel de protection tr\u00e8s performant, con\u00e7u pour prot\u00e9ger votre vie num\u00e9rique contre un grand nombre d'attaques en ligne. Avec une licence d'un an pour 5 PC, vous \u00eates prot\u00e9g\u00e9 pendant un an contre les virus, les logiciels malveillants, les tentatives d'hame\u00e7onnage et bien d'autres choses encore, sur d'autres appareils.<\/p>\n<h5>\n<img decoding=\"async\" class=\"wp-image-38007 alignnone\" src=\"https:\/\/elicensenest.com\/wp-content\/uploads\/2022\/02\/blue-mark.png\" alt=\"\" width=\"25\" height=\"25\" srcset=\"https:\/\/elicensenest.com\/wp-content\/uploads\/2022\/02\/blue-mark.png 225w, https:\/\/elicensenest.com\/wp-content\/uploads\/2022\/02\/blue-mark-150x150.png 150w\" sizes=\"(max-width: 25px) 100vw, 25px\" \/>\u00a0<strong>Un logiciel simple et efficace !<br \/>\n<\/strong><img decoding=\"async\" class=\"wp-image-38007 alignnone\" src=\"https:\/\/elicensenest.com\/wp-content\/uploads\/2022\/02\/blue-mark.png\" alt=\"\" width=\"25\" height=\"25\" srcset=\"https:\/\/elicensenest.com\/wp-content\/uploads\/2022\/02\/blue-mark.png 225w, https:\/\/elicensenest.com\/wp-content\/uploads\/2022\/02\/blue-mark-150x150.png 150w\" sizes=\"(max-width: 25px) 100vw, 25px\" \/>\u00a0<strong>En deux temps trois mouvements, num\u00e9ris\u00e9 !<br \/>\n<\/strong><img decoding=\"async\" class=\"wp-image-38007 alignnone\" src=\"https:\/\/elicensenest.com\/wp-content\/uploads\/2022\/02\/blue-mark.png\" alt=\"\" width=\"25\" height=\"25\" srcset=\"https:\/\/elicensenest.com\/wp-content\/uploads\/2022\/02\/blue-mark.png 225w, https:\/\/elicensenest.com\/wp-content\/uploads\/2022\/02\/blue-mark-150x150.png 150w\" sizes=\"(max-width: 25px) 100vw, 25px\" \/>\u00a0<strong>Niet goed = Geld terug !<br \/>\n<\/strong><img decoding=\"async\" class=\"wp-image-38007 alignnone\" src=\"https:\/\/elicensenest.com\/wp-content\/uploads\/2022\/02\/blue-mark.png\" alt=\"\" width=\"25\" height=\"25\" srcset=\"https:\/\/elicensenest.com\/wp-content\/uploads\/2022\/02\/blue-mark.png 225w, https:\/\/elicensenest.com\/wp-content\/uploads\/2022\/02\/blue-mark-150x150.png 150w\" sizes=\"(max-width: 25px) 100vw, 25px\" \/> Le service client jusqu'\u00e0 23h00 est disponible !<br \/>\n<img decoding=\"async\" class=\"wp-image-38007 alignnone\" src=\"https:\/\/elicensenest.com\/wp-content\/uploads\/2022\/02\/blue-mark.png\" alt=\"\" width=\"25\" height=\"25\" srcset=\"https:\/\/elicensenest.com\/wp-content\/uploads\/2022\/02\/blue-mark.png 225w, https:\/\/elicensenest.com\/wp-content\/uploads\/2022\/02\/blue-mark-150x150.png 150w\" sizes=\"(max-width: 25px) 100vw, 25px\" \/> Ouvrez une boutique en ligne aux Pays-Bas avec un mot de passe de boutique en ligne !<\/h5>\n<h3><\/h3>","protected":false},"featured_media":38408,"template":"","meta":{"inline_featured_image":false},"product_brand":[],"product_cat":[18],"product_tag":[],"class_list":{"0":"post-39","1":"product","2":"type-product","3":"status-publish","4":"has-post-thumbnail","6":"product_cat-antivirus","8":"first","9":"instock","10":"sale","11":"taxable","12":"shipping-taxable","13":"purchasable","14":"product-type-simple"},"_links":{"self":[{"href":"https:\/\/elicensenest.com\/fr\/wp-json\/wp\/v2\/product\/39","targetHints":{"allow":["GET"]}}],"collection":[{"href":"https:\/\/elicensenest.com\/fr\/wp-json\/wp\/v2\/product"}],"about":[{"href":"https:\/\/elicensenest.com\/fr\/wp-json\/wp\/v2\/types\/product"}],"wp:featuredmedia":[{"embeddable":true,"href":"https:\/\/elicensenest.com\/fr\/wp-json\/wp\/v2\/media\/38408"}],"wp:attachment":[{"href":"https:\/\/elicensenest.com\/fr\/wp-json\/wp\/v2\/media?parent=39"}],"wp:term":[{"taxonomy":"product_brand","embeddable":true,"href":"https:\/\/elicensenest.com\/fr\/wp-json\/wp\/v2\/product_brand?post=39"},{"taxonomy":"product_cat","embeddable":true,"href":"https:\/\/elicensenest.com\/fr\/wp-json\/wp\/v2\/product_cat?post=39"},{"taxonomy":"product_tag","embeddable":true,"href":"https:\/\/elicensenest.com\/fr\/wp-json\/wp\/v2\/product_tag?post=39"}],"curies":[{"name":"wp","href":"https:\/\/api.w.org\/{rel}","templated":true}]}}