{"id":36,"date":"2023-10-10T21:00:58","date_gmt":"2023-10-10T21:00:58","guid":{"rendered":"https:\/\/elicensenest.com\/?post_type=product&#038;p=36"},"modified":"2023-10-28T18:16:09","modified_gmt":"2023-10-28T18:16:09","slug":"mcafee-internet-security-3pc-1-jaar","status":"publish","type":"product","link":"https:\/\/elicensenest.com\/fr\/produit\/mcafee-internet-security-3pc-1-jaar\/","title":{"rendered":"McAfee Internet Security 3PC - 1 JAAR"},"content":{"rendered":"<p>McAfee Internet Security est un ensemble de logiciels de protection tr\u00e8s complet, destin\u00e9 \u00e0 aider les utilisateurs \u00e0 se prot\u00e9ger contre les menaces et les probl\u00e8mes en ligne. Ce logiciel, commercialis\u00e9 par McAfee, offre une combinaison d'antivirus, d'antispyware, de pare-feu et d'autres fonctions de protection afin d'am\u00e9liorer la s\u00e9curit\u00e9 en ligne des utilisateurs. Voici quelques caract\u00e9ristiques importantes de McAfee Internet Security :<\/p>\n<ol>\n<li><strong>Antivirus et Antispyware<\/strong>: McAfee Internet Security d\u00e9tecte et supprime les virus, les logiciels malveillants, les logiciels espions et d'autres logiciels malveillants qui peuvent infecter l'ordinateur et g\u00e9n\u00e9rer des erreurs.<\/li>\n<li><strong>Pare-feu<\/strong>: Il s'agit d'un pare-feu puissant qui permet d'acc\u00e9der de mani\u00e8re autonome \u00e0 l'ordinateur et d'emp\u00eacher la transmission d'informations personnelles.<\/li>\n<li><strong>Services en ligne<\/strong>: McAfee s'attaque aux sites web dangereux et aux tentatives d'hame\u00e7onnage, sur lesquels les utilisateurs peuvent naviguer en toute s\u00e9curit\u00e9 et effectuer des transactions en ligne.<\/li>\n<li><strong>Courriel<\/strong>: Il s'agit d'un nombre limit\u00e9 de courriels contenant des informations et des liens utiles pour v\u00e9rifier que les logiciels malveillants sont diffus\u00e9s par courrier \u00e9lectronique.<\/li>\n<li><strong>Une vue d'ensemble de la situation<\/strong>: McAfee Internet Security propose des outils de contr\u00f4le permettant aux parents de contr\u00f4ler les activit\u00e9s en ligne de leurs enfants.<\/li>\n<li><strong>La meilleure fa\u00e7on d'agir<\/strong>: Les produits g\u00e9om\u00e9triques peuvent \u00eatre modifi\u00e9s de mani\u00e8re \u00e0 ce qu'ils ne soient pas affect\u00e9s par un changement de mode de fonctionnement non autoris\u00e9.<\/li>\n<li><strong>Optimisation des syst\u00e8mes de r\u00e9gulation<\/strong>: Le logiciel est si bien con\u00e7u que les \u00e9tats du syst\u00e8me ne doivent pas \u00eatre v\u00e9rifi\u00e9s et que les analyses r\u00e9guli\u00e8res de l'appareil ne doivent pas \u00eatre un obstacle pour l'utilisateur.<\/li>\n<li><strong>Mises \u00e0 jour automatiques<\/strong>: McAfee fournit r\u00e9guli\u00e8rement des mises \u00e0 jour pour que votre syst\u00e8me fonctionne et soit conforme aux nouvelles exigences.<\/li>\n<\/ol>\n<p>McAfee Internet Security est disponible en plusieurs mod\u00e8les d'abonnements et peut \u00eatre install\u00e9 sur les syst\u00e8mes Windows et Mac. Il s'agit d'un outil populaire pour les personnes et les groupes qui souhaitent b\u00e9n\u00e9ficier d'une protection en ligne efficace et d'une confiance accrue lors de la navigation sur Internet et de l'utilisation des prises en ligne quotidiennes.<\/p>","protected":false},"excerpt":{"rendered":"<p>McAfee Internet Security est une suite logicielle d'avant-garde destin\u00e9e \u00e0 aider les utilisateurs \u00e0 se prot\u00e9ger contre les risques et les dangers li\u00e9s \u00e0 l'utilisation d'Internet. Ce logiciel, commercialis\u00e9 par McAfee, offre une combinaison d'antivirus, d'antispyware, de pare-feu et d'autres fonctions de protection afin d'am\u00e9liorer la s\u00e9curit\u00e9 en ligne des utilisateurs.<\/p>\n<h5><img decoding=\"async\" class=\"wp-image-38007 alignnone\" src=\"https:\/\/elicensenest.com\/wp-content\/uploads\/2022\/02\/blue-mark.png\" alt=\"\" width=\"25\" height=\"25\" srcset=\"https:\/\/elicensenest.com\/wp-content\/uploads\/2022\/02\/blue-mark.png 225w, https:\/\/elicensenest.com\/wp-content\/uploads\/2022\/02\/blue-mark-150x150.png 150w\" sizes=\"(max-width: 25px) 100vw, 25px\" \/>\u00a0<strong>Un logiciel simple et efficace !<br \/>\n<\/strong><img decoding=\"async\" class=\"wp-image-38007 alignnone\" src=\"https:\/\/elicensenest.com\/wp-content\/uploads\/2022\/02\/blue-mark.png\" alt=\"\" width=\"25\" height=\"25\" srcset=\"https:\/\/elicensenest.com\/wp-content\/uploads\/2022\/02\/blue-mark.png 225w, https:\/\/elicensenest.com\/wp-content\/uploads\/2022\/02\/blue-mark-150x150.png 150w\" sizes=\"(max-width: 25px) 100vw, 25px\" \/>\u00a0<strong>En deux temps trois mouvements, num\u00e9ris\u00e9 !<br \/>\n<\/strong><img decoding=\"async\" class=\"wp-image-38007 alignnone\" src=\"https:\/\/elicensenest.com\/wp-content\/uploads\/2022\/02\/blue-mark.png\" alt=\"\" width=\"25\" height=\"25\" srcset=\"https:\/\/elicensenest.com\/wp-content\/uploads\/2022\/02\/blue-mark.png 225w, https:\/\/elicensenest.com\/wp-content\/uploads\/2022\/02\/blue-mark-150x150.png 150w\" sizes=\"(max-width: 25px) 100vw, 25px\" \/>\u00a0<strong>Niet goed = Geld terug !<br \/>\n<\/strong><img decoding=\"async\" class=\"wp-image-38007 alignnone\" src=\"https:\/\/elicensenest.com\/wp-content\/uploads\/2022\/02\/blue-mark.png\" alt=\"\" width=\"25\" height=\"25\" srcset=\"https:\/\/elicensenest.com\/wp-content\/uploads\/2022\/02\/blue-mark.png 225w, https:\/\/elicensenest.com\/wp-content\/uploads\/2022\/02\/blue-mark-150x150.png 150w\" sizes=\"(max-width: 25px) 100vw, 25px\" \/> Le service client jusqu'\u00e0 23h00 est disponible !<br \/>\n<img decoding=\"async\" class=\"wp-image-38007 alignnone\" src=\"https:\/\/elicensenest.com\/wp-content\/uploads\/2022\/02\/blue-mark.png\" alt=\"\" width=\"25\" height=\"25\" srcset=\"https:\/\/elicensenest.com\/wp-content\/uploads\/2022\/02\/blue-mark.png 225w, https:\/\/elicensenest.com\/wp-content\/uploads\/2022\/02\/blue-mark-150x150.png 150w\" sizes=\"(max-width: 25px) 100vw, 25px\" \/> Ouvrez une boutique en ligne aux Pays-Bas avec un mot de passe de boutique en ligne !<\/h5>\n<h3><\/h3>","protected":false},"featured_media":72,"template":"","meta":{"inline_featured_image":false},"product_brand":[],"product_cat":[18],"product_tag":[],"class_list":{"0":"post-36","1":"product","2":"type-product","3":"status-publish","4":"has-post-thumbnail","6":"product_cat-antivirus","8":"first","9":"instock","10":"sale","11":"taxable","12":"shipping-taxable","13":"purchasable","14":"product-type-simple"},"_links":{"self":[{"href":"https:\/\/elicensenest.com\/fr\/wp-json\/wp\/v2\/product\/36","targetHints":{"allow":["GET"]}}],"collection":[{"href":"https:\/\/elicensenest.com\/fr\/wp-json\/wp\/v2\/product"}],"about":[{"href":"https:\/\/elicensenest.com\/fr\/wp-json\/wp\/v2\/types\/product"}],"wp:featuredmedia":[{"embeddable":true,"href":"https:\/\/elicensenest.com\/fr\/wp-json\/wp\/v2\/media\/72"}],"wp:attachment":[{"href":"https:\/\/elicensenest.com\/fr\/wp-json\/wp\/v2\/media?parent=36"}],"wp:term":[{"taxonomy":"product_brand","embeddable":true,"href":"https:\/\/elicensenest.com\/fr\/wp-json\/wp\/v2\/product_brand?post=36"},{"taxonomy":"product_cat","embeddable":true,"href":"https:\/\/elicensenest.com\/fr\/wp-json\/wp\/v2\/product_cat?post=36"},{"taxonomy":"product_tag","embeddable":true,"href":"https:\/\/elicensenest.com\/fr\/wp-json\/wp\/v2\/product_tag?post=36"}],"curies":[{"name":"wp","href":"https:\/\/api.w.org\/{rel}","templated":true}]}}