{"id":28,"date":"2022-02-26T09:21:13","date_gmt":"2022-02-26T09:21:13","guid":{"rendered":"https:\/\/elicensenest.com\/?post_type=product&#038;p=28"},"modified":"2023-10-25T17:54:10","modified_gmt":"2023-10-25T17:54:10","slug":"office-2019-home-and-business","status":"publish","type":"product","link":"https:\/\/elicensenest.com\/fr\/produit\/office-2019-home-and-business\/","title":{"rendered":"Office 2019 Famille et Entreprise"},"content":{"rendered":"<h3 style=\"text-align: center;\">Microsoft Office 2019 Famille et Entreprise<\/h3>\n<p>Microsoft Office 2019 Home and Business est une suite bureautique compl\u00e8te sp\u00e9cialement con\u00e7ue pour les petites entreprises et les grandes soci\u00e9t\u00e9s qui ont besoin d'outils performants pour la productivit\u00e9, l'organisation et la communication. Cette suite propose des applications essentielles pour la gestion des projets d'entreprise et des projets personnels.<\/p>\n<p><strong>Applications Inbegrepen :<\/strong> Office 2019 Home and Business comprend les applications essentielles suivantes :<\/p>\n<ul>\n<li><strong>Microsoft Word :<\/strong> Pour l'\u00e9laboration et le traitement de documents et de rapports professionnels.<\/li>\n<li><strong>Microsoft Excel :<\/strong> Afin d'analyser les donn\u00e9es, de g\u00e9rer les finances et d'\u00e9tablir des feuilles de calcul d\u00e9taill\u00e9es.<\/li>\n<li><strong>Microsoft PowerPoint :<\/strong> Pour l'\u00e9laboration de pr\u00e9sentations sur mesure afin d'am\u00e9liorer la qualit\u00e9 de votre travail.<\/li>\n<li><strong>Microsoft Outlook :<\/strong> Pour la gestion des e-mails, des r\u00e9ponses et des contacts.<\/li>\n<li><strong>Microsoft OneNote :<\/strong> Pour cr\u00e9er des notes, trouver des id\u00e9es et organiser des dossiers de notes.<\/li>\n<\/ul>\n<p><strong>Les march\u00e9s et les march\u00e9s publics :<\/strong><\/p>\n<ul>\n<li><em>Des outils de productivit\u00e9 performants :<\/em> Avec Word, Excel et PowerPoint, vous d\u00e9couvrirez les principales applications Office dont vous avez besoin pour cr\u00e9er des documents, des analyses et des pr\u00e9sentations.<\/li>\n<li><em>Un travail efficace en milieu rural :<\/em> Outlook vous aide \u00e0 organiser les courriers \u00e9lectroniques, les contacts et les adresses, ce qui vous permet de communiquer et de planifier efficacement.<\/li>\n<li><em>Contr\u00f4le financier :<\/em> Excel est id\u00e9al pour l'\u00e9laboration d'analyses financi\u00e8res, budg\u00e9taires et g\u00e9om\u00e9triques.<\/li>\n<li><em>Notities et Organisatie :<\/em> OneNote offre une m\u00e9thode structur\u00e9e et intuitive pour la cr\u00e9ation et l'organisation de notes et d'id\u00e9es.<\/li>\n<\/ul>\n<p><strong>Compatibilit\u00e9 :<\/strong> Microsoft Office 2019 Famille et Entreprise est compatible avec les autres versions d'Office, qui permettent d'ouvrir et de traiter les meilleurs documents. De plus, cette suite peut s'int\u00e9grer aux services en nuage, ce qui vous permet d'acc\u00e9der \u00e0 vos documents et \u00e0 vos notes, que vous pouvez \u00e9galement consulter.<\/p>\n<p><strong>Systeemvereisten :<\/strong> Pour installer et utiliser Office 2019 \u00c9dition Familiale et Professionnelle, vous devez disposer d'un ordinateur compatible avec le syst\u00e8me minimum requis :<\/p>\n<ul>\n<li><strong>Besturingssysteem :<\/strong> Windows 10 de hoger.<\/li>\n<li><strong>Processeur :<\/strong> 1,6 GHz de snellere, dual-core.<\/li>\n<li><strong>Geheugen (RAM) :<\/strong> 4 Go de RAM au minimum pour Windows.<\/li>\n<li><strong>Tr\u00e8s bien :<\/strong> Un disque dur d'une capacit\u00e9 minimale de 4 Go pour Windows.<\/li>\n<li><strong>Beeldscherm :<\/strong> Un \u00e9cran tactile d'une r\u00e9solution minimale de 1280 x 800 pixels.<\/li>\n<\/ul>","protected":false},"excerpt":{"rendered":"<p>Word 2019, Excel 2019, PowerPoint 2019, OneNote 2019 et Outlook 2019. Parfait pour les entreprises de taille moyenne !<\/p>\n<h5><img decoding=\"async\" class=\"wp-image-38007 alignnone\" src=\"https:\/\/elicensenest.com\/wp-content\/uploads\/2022\/02\/blue-mark.png\" alt=\"\" width=\"25\" height=\"25\" srcset=\"https:\/\/elicensenest.com\/wp-content\/uploads\/2022\/02\/blue-mark.png 225w, https:\/\/elicensenest.com\/wp-content\/uploads\/2022\/02\/blue-mark-150x150.png 150w\" sizes=\"(max-width: 25px) 100vw, 25px\" \/>\u00a0<strong>Un logiciel simple et efficace !<br \/>\n<\/strong><img decoding=\"async\" class=\"wp-image-38007 alignnone\" src=\"https:\/\/elicensenest.com\/wp-content\/uploads\/2022\/02\/blue-mark.png\" alt=\"\" width=\"25\" height=\"25\" srcset=\"https:\/\/elicensenest.com\/wp-content\/uploads\/2022\/02\/blue-mark.png 225w, https:\/\/elicensenest.com\/wp-content\/uploads\/2022\/02\/blue-mark-150x150.png 150w\" sizes=\"(max-width: 25px) 100vw, 25px\" \/>\u00a0<strong>En deux temps trois mouvements, num\u00e9ris\u00e9 !<br \/>\n<\/strong><img decoding=\"async\" class=\"wp-image-38007 alignnone\" src=\"https:\/\/elicensenest.com\/wp-content\/uploads\/2022\/02\/blue-mark.png\" alt=\"\" width=\"25\" height=\"25\" srcset=\"https:\/\/elicensenest.com\/wp-content\/uploads\/2022\/02\/blue-mark.png 225w, https:\/\/elicensenest.com\/wp-content\/uploads\/2022\/02\/blue-mark-150x150.png 150w\" sizes=\"(max-width: 25px) 100vw, 25px\" \/>\u00a0<strong>Niet goed = Geld terug !<br \/>\n<\/strong><img decoding=\"async\" class=\"wp-image-38007 alignnone\" src=\"https:\/\/elicensenest.com\/wp-content\/uploads\/2022\/02\/blue-mark.png\" alt=\"\" width=\"25\" height=\"25\" srcset=\"https:\/\/elicensenest.com\/wp-content\/uploads\/2022\/02\/blue-mark.png 225w, https:\/\/elicensenest.com\/wp-content\/uploads\/2022\/02\/blue-mark-150x150.png 150w\" sizes=\"(max-width: 25px) 100vw, 25px\" \/> Le service client jusqu'\u00e0 23h00 est disponible !<br \/>\n<img decoding=\"async\" class=\"wp-image-38007 alignnone\" src=\"https:\/\/elicensenest.com\/wp-content\/uploads\/2022\/02\/blue-mark.png\" alt=\"\" width=\"25\" height=\"25\" srcset=\"https:\/\/elicensenest.com\/wp-content\/uploads\/2022\/02\/blue-mark.png 225w, https:\/\/elicensenest.com\/wp-content\/uploads\/2022\/02\/blue-mark-150x150.png 150w\" sizes=\"(max-width: 25px) 100vw, 25px\" \/> Ouvrez une boutique en ligne aux Pays-Bas avec un mot de passe de boutique en ligne !<\/h5>\n<h3><\/h3>","protected":false},"featured_media":69,"template":"","meta":{"inline_featured_image":false},"product_brand":[],"product_cat":[17],"product_tag":[],"class_list":{"0":"post-28","1":"product","2":"type-product","3":"status-publish","4":"has-post-thumbnail","6":"product_cat-microsoft-office","8":"first","9":"instock","10":"sale","11":"taxable","12":"shipping-taxable","13":"purchasable","14":"product-type-simple"},"_links":{"self":[{"href":"https:\/\/elicensenest.com\/fr\/wp-json\/wp\/v2\/product\/28","targetHints":{"allow":["GET"]}}],"collection":[{"href":"https:\/\/elicensenest.com\/fr\/wp-json\/wp\/v2\/product"}],"about":[{"href":"https:\/\/elicensenest.com\/fr\/wp-json\/wp\/v2\/types\/product"}],"wp:featuredmedia":[{"embeddable":true,"href":"https:\/\/elicensenest.com\/fr\/wp-json\/wp\/v2\/media\/69"}],"wp:attachment":[{"href":"https:\/\/elicensenest.com\/fr\/wp-json\/wp\/v2\/media?parent=28"}],"wp:term":[{"taxonomy":"product_brand","embeddable":true,"href":"https:\/\/elicensenest.com\/fr\/wp-json\/wp\/v2\/product_brand?post=28"},{"taxonomy":"product_cat","embeddable":true,"href":"https:\/\/elicensenest.com\/fr\/wp-json\/wp\/v2\/product_cat?post=28"},{"taxonomy":"product_tag","embeddable":true,"href":"https:\/\/elicensenest.com\/fr\/wp-json\/wp\/v2\/product_tag?post=28"}],"curies":[{"name":"wp","href":"https:\/\/api.w.org\/{rel}","templated":true}]}}