{"id":22,"date":"2023-10-10T21:00:15","date_gmt":"2023-10-10T21:00:15","guid":{"rendered":"https:\/\/elicensenest.com\/?post_type=product&#038;p=22"},"modified":"2023-10-19T22:37:40","modified_gmt":"2023-10-19T22:37:40","slug":"office-2013-home-and-business","status":"publish","type":"product","link":"https:\/\/elicensenest.com\/fr\/produit\/office-2013-home-and-business\/","title":{"rendered":"Office 2013 Home et Business"},"content":{"rendered":"<p><strong>Office 2013 Home et Business<\/strong><\/p>\n<p>Office Home &amp; Business 2013 a \u00e9t\u00e9 con\u00e7u pour faciliter la cr\u00e9ation et la communication, gr\u00e2ce \u00e0 des fonctions in\u00e9dites et \u00e0 une interface claire et moderne. De plus, les documents de SkyDrive peuvent \u00eatre stock\u00e9s dans le nuage, \u00e0 condition que l'ensemble des documents soit accessible.<\/p>\n<p>Kenmerken<br \/>\n- Installation : N\u00e9erlandais - Les packs de langues pour divers talents europ\u00e9ens sont disponibles, les instructions sont modifi\u00e9es.<br \/>\n- Le paquet contient Word, Excel, PowerPoint, OneNote et Outlook.<\/p>\n<p><strong>Syst\u00e8mes<\/strong><br \/>\nPlate-forme<br \/>\nFen\u00eatres<br \/>\nSyst\u00e8mes d'alimentation en eau sous-cutan\u00e9e<br \/>\nWindows 7 (32 bits ou 64 bits)<br \/>\nWindows 8 (32 bits ou 64 bits)<br \/>\nWindows 8.1 (32 bits ou 64 bits)<br \/>\nWindows 10 (32 bits ou 64 bits)<br \/>\nWindows Server 2008 R2 (64 bits)<br \/>\nWindows Server 2012 (64-bit)<br \/>\nProzessor<br \/>\nLes processeurs x86 ou x64 ont une cadence de 1 gigahertz (GHz) et un jeu d'instructions SSE2.<\/p>\n<p>Les outils de travail<br \/>\n1 GB RAM (32 Bit)<br \/>\n2 GB RAM (64 Bit)<br \/>\nSchijfruimte<br \/>\n3 GB<br \/>\nCarte graphique<br \/>\nPour l'acc\u00e9l\u00e9ration mat\u00e9rielle graphique, DirectX 10- est disponible avec une carte graphique compatible et un \u00e9cran d'une r\u00e9solution de 1024 x 576.<br \/>\nGeluidskaart<br \/>\n\/<\/p>","protected":false},"excerpt":{"rendered":"<p>Office Home &amp; Business 2013 a \u00e9t\u00e9 con\u00e7u pour permettre aux utilisateurs de cr\u00e9er et de communiquer, gr\u00e2ce \u00e0 de nouvelles fonctions adapt\u00e9es et \u00e0 une interface claire et moderne.<\/p>\n<h5><img decoding=\"async\" class=\"wp-image-38007 alignnone\" src=\"https:\/\/elicensenest.com\/wp-content\/uploads\/2022\/02\/blue-mark.png\" alt=\"\" width=\"25\" height=\"25\" srcset=\"https:\/\/elicensenest.com\/wp-content\/uploads\/2022\/02\/blue-mark.png 225w, https:\/\/elicensenest.com\/wp-content\/uploads\/2022\/02\/blue-mark-150x150.png 150w\" sizes=\"(max-width: 25px) 100vw, 25px\" \/>\u00a0<strong>Un logiciel simple et efficace !<br \/>\n<\/strong><img decoding=\"async\" class=\"wp-image-38007 alignnone\" src=\"https:\/\/elicensenest.com\/wp-content\/uploads\/2022\/02\/blue-mark.png\" alt=\"\" width=\"25\" height=\"25\" srcset=\"https:\/\/elicensenest.com\/wp-content\/uploads\/2022\/02\/blue-mark.png 225w, https:\/\/elicensenest.com\/wp-content\/uploads\/2022\/02\/blue-mark-150x150.png 150w\" sizes=\"(max-width: 25px) 100vw, 25px\" \/>\u00a0<strong>En deux temps trois mouvements, num\u00e9ris\u00e9 !<br \/>\n<\/strong><img decoding=\"async\" class=\"wp-image-38007 alignnone\" src=\"https:\/\/elicensenest.com\/wp-content\/uploads\/2022\/02\/blue-mark.png\" alt=\"\" width=\"25\" height=\"25\" srcset=\"https:\/\/elicensenest.com\/wp-content\/uploads\/2022\/02\/blue-mark.png 225w, https:\/\/elicensenest.com\/wp-content\/uploads\/2022\/02\/blue-mark-150x150.png 150w\" sizes=\"(max-width: 25px) 100vw, 25px\" \/>\u00a0<strong>Niet goed = Geld terug !<br \/>\n<\/strong><img decoding=\"async\" class=\"wp-image-38007 alignnone\" src=\"https:\/\/elicensenest.com\/wp-content\/uploads\/2022\/02\/blue-mark.png\" alt=\"\" width=\"25\" height=\"25\" srcset=\"https:\/\/elicensenest.com\/wp-content\/uploads\/2022\/02\/blue-mark.png 225w, https:\/\/elicensenest.com\/wp-content\/uploads\/2022\/02\/blue-mark-150x150.png 150w\" sizes=\"(max-width: 25px) 100vw, 25px\" \/> Le service client jusqu'\u00e0 23h00 est disponible !<br \/>\n<img decoding=\"async\" class=\"wp-image-38007 alignnone\" src=\"https:\/\/elicensenest.com\/wp-content\/uploads\/2022\/02\/blue-mark.png\" alt=\"\" width=\"25\" height=\"25\" srcset=\"https:\/\/elicensenest.com\/wp-content\/uploads\/2022\/02\/blue-mark.png 225w, https:\/\/elicensenest.com\/wp-content\/uploads\/2022\/02\/blue-mark-150x150.png 150w\" sizes=\"(max-width: 25px) 100vw, 25px\" \/> Ouvrez une boutique en ligne aux Pays-Bas avec un mot de passe de boutique en ligne !<\/h5>\n<h3><\/h3>","protected":false},"featured_media":53,"template":"","meta":{"inline_featured_image":false},"product_brand":[],"product_cat":[17],"product_tag":[],"class_list":{"0":"post-22","1":"product","2":"type-product","3":"status-publish","4":"has-post-thumbnail","6":"product_cat-microsoft-office","8":"first","9":"instock","10":"sale","11":"taxable","12":"shipping-taxable","13":"purchasable","14":"product-type-simple"},"_links":{"self":[{"href":"https:\/\/elicensenest.com\/fr\/wp-json\/wp\/v2\/product\/22","targetHints":{"allow":["GET"]}}],"collection":[{"href":"https:\/\/elicensenest.com\/fr\/wp-json\/wp\/v2\/product"}],"about":[{"href":"https:\/\/elicensenest.com\/fr\/wp-json\/wp\/v2\/types\/product"}],"wp:featuredmedia":[{"embeddable":true,"href":"https:\/\/elicensenest.com\/fr\/wp-json\/wp\/v2\/media\/53"}],"wp:attachment":[{"href":"https:\/\/elicensenest.com\/fr\/wp-json\/wp\/v2\/media?parent=22"}],"wp:term":[{"taxonomy":"product_brand","embeddable":true,"href":"https:\/\/elicensenest.com\/fr\/wp-json\/wp\/v2\/product_brand?post=22"},{"taxonomy":"product_cat","embeddable":true,"href":"https:\/\/elicensenest.com\/fr\/wp-json\/wp\/v2\/product_cat?post=22"},{"taxonomy":"product_tag","embeddable":true,"href":"https:\/\/elicensenest.com\/fr\/wp-json\/wp\/v2\/product_tag?post=22"}],"curies":[{"name":"wp","href":"https:\/\/api.w.org\/{rel}","templated":true}]}}