{"id":37285,"date":"2022-07-08T15:07:31","date_gmt":"2022-07-08T15:07:31","guid":{"rendered":"https:\/\/elicensenest.com\/?page_id=37285"},"modified":"2025-05-07T13:42:18","modified_gmt":"2025-05-07T13:42:18","slug":"onze-producten","status":"publish","type":"page","link":"https:\/\/elicensenest.com\/fr\/onze-producten\/","title":{"rendered":"Nos produits"},"content":{"rendered":"<h2 class=\"wp-block-heading\"><\/h2>\n\n\n\n<p><\/p>\n\n\n\n<pre id=\"tw-target-text\" class=\"wp-block-preformatted\">Est-ce que c'est l\u00e9gal ?<\/pre>\n\n\n\n<p><\/p>\n\n\n\n<p>Oui, la Cour europ\u00e9enne a d\u00e9cid\u00e9 que la distribution de licences pr\u00e9c\u00e9demment utilis\u00e9es au sein de l'Union europ\u00e9enne relevait du commerce de produits d'occasion.<\/p>\n\n\n\n<p><\/p>\n\n\n\n<pre id=\"tw-target-text\" class=\"wp-block-preformatted\">Pourquoi acheter chez vous et pas chez d'autres ?<\/pre>\n\n\n\n<p><\/p>\n\n\n\n<p>Chez SoftLoad, nous mettons l'accent sur la satisfaction de nos clients. Ceci peut \u00eatre lu dans nos commentaires sur trustpilot. Nous aiderons tout le monde autant que possible \u00e0 distance. Nous sommes joignables jusqu'\u00e0 23h00 et nous aiderons tout le monde pendant cette p\u00e9riode.<\/p>","protected":false},"excerpt":{"rendered":"<p>Is this even legal? Yes, the European Court has decided that the distribution of previously used licenses within the European Union falls under the trade in second-hand products. Why buy from you and not others? We at SoftLoad focus very much on customer satisfaction. This can also be read on our reviews on trustpilot. We [&hellip;]<\/p>","protected":false},"author":6785,"featured_media":0,"parent":0,"menu_order":0,"comment_status":"closed","ping_status":"closed","template":"","meta":{"inline_featured_image":false,"footnotes":""},"class_list":["post-37285","page","type-page","status-publish","hentry"],"_links":{"self":[{"href":"https:\/\/elicensenest.com\/fr\/wp-json\/wp\/v2\/pages\/37285","targetHints":{"allow":["GET"]}}],"collection":[{"href":"https:\/\/elicensenest.com\/fr\/wp-json\/wp\/v2\/pages"}],"about":[{"href":"https:\/\/elicensenest.com\/fr\/wp-json\/wp\/v2\/types\/page"}],"author":[{"embeddable":true,"href":"https:\/\/elicensenest.com\/fr\/wp-json\/wp\/v2\/users\/6785"}],"replies":[{"embeddable":true,"href":"https:\/\/elicensenest.com\/fr\/wp-json\/wp\/v2\/comments?post=37285"}],"version-history":[{"count":1,"href":"https:\/\/elicensenest.com\/fr\/wp-json\/wp\/v2\/pages\/37285\/revisions"}],"predecessor-version":[{"id":51891,"href":"https:\/\/elicensenest.com\/fr\/wp-json\/wp\/v2\/pages\/37285\/revisions\/51891"}],"wp:attachment":[{"href":"https:\/\/elicensenest.com\/fr\/wp-json\/wp\/v2\/media?parent=37285"}],"curies":[{"name":"wp","href":"https:\/\/api.w.org\/{rel}","templated":true}]}}