{"id":81,"date":"2023-10-10T21:00:58","date_gmt":"2023-10-10T21:00:58","guid":{"rendered":"https:\/\/elicensenest.com\/?post_type=product&#038;p=81"},"modified":"2025-05-07T12:07:19","modified_gmt":"2025-05-07T12:07:19","slug":"autodesk-autocad-lt-2021-1jaar","status":"publish","type":"product","link":"https:\/\/elicensenest.com\/de\/produkt\/autodesk-autocad-lt-2021-1jaar\/","title":{"rendered":"Autodesk AutoCAD LT 2021 (1JAAR)"},"content":{"rendered":"<p>EDU-Variante<\/p>\n<p><strong>AutoCAD LT 2021(1JAAR)<\/strong><\/p>\n<p>Nutzen Sie Autodesk\u00ae AutoCAD LT\u00ae und erstellen und bearbeiten Sie neue 2D-Zeichnungen und -Dokumente. Geniet van snellere opslag en installatie, evenals van nieuwe functies en verbeteringen zoals Quick Measure, het nieuwe Block Palette, de herontworpen Cleanup-functie en nog veel meer.<br \/>\nArbeiten Sie mit den neuen AutoCAD-Web- und Mobil-Apps, die Sie immer und \u00fcberall mit Ihren Projekten verbinden. Wenn Sie sich f\u00fcr AutoCAD LT entscheiden, erhalten Sie die neuesten Funktions-Updates, profitieren von der TrustedDWG\u2122-Technologie und k\u00f6nnen mit den AutoCAD-Web- und Mobile-Apps jederzeit und \u00fcberall arbeiten.<\/p>\n<p><strong>Reden, um zu schreiben:<\/strong><\/p>\n<ul>\n<li>\u00a0Profitieren Sie von flexibler Softwareentwicklung mit variablen Angeboten von einem Jahr bis zu mehreren Jahren.<\/li>\n<li>\u00a0Zugang zu Ihren pers\u00f6nlichen Daten \u00fcber Desktop, Web und mobile Ger\u00e4te.<\/li>\n<li>\u00a0Erleben Sie die neuesten Funktionen f\u00fcr Ihr Unternehmen und Ihre Projekte, die in Updates exklusiv f\u00fcr Abonnees zur Verf\u00fcgung stehen.<\/li>\n<\/ul>\n<p><strong>Teken snel met innovatieve en geavanceerde functies:<\/strong><\/p>\n<p><strong>Nieuw donker ontwerp<\/strong><br \/>\nVoorkom vermoeide ogen met een verbeterd contrast, scherpere pictogrammen en een modern blauwe interface.<\/p>\n<p>Snelle meting<br \/>\nSchneller Abruf aller f\u00fcr die Hand wichtigen Informationen, wenn man sich durch einen anderen Weg bewegt<br \/>\n.<\/p>\n<p><strong>Blok-Palette<\/strong><br \/>\nNutzen Sie effizientes Blokken in einer k\u00fcrzlich erstellten Liste oder in bestimmten Bereichen und nutzen Sie die visuellen Galerien. Sie k\u00f6nnen Ihren Arbeitsablauf mit der neuen Option Herhaalplaatsing optimieren.<\/p>\n<p><strong>Opruimen (herzien)<\/strong><br \/>\nVerwijder meerdere onnodige objecten in \u00e9\u00e9n keer met een eenvoudige selectie en een objectvoorvertoning. Unreinigbare Gegenst\u00e4nde wurden in einer Auswahl f\u00fcr eine bessere Bew\u00e4ltigung des Lebensunterhalts aufbewahrt.<\/p>\n<p><strong>Verbeterde DWG-vergelijking<\/strong><br \/>\nVergelijk twee versies van een tekening of XRef-bestand zonder het huidige venster te verlaten. Identificeer eenvoudig de grafische verschillen en importeer de gewenste wijzigingen in uw huidige tekening.<\/p>\n<p><strong>Verbindung mit Cloud-opslag herstellen<\/strong><br \/>\nZugang zu Ihren DWG-Best\u00e4nden \u00fcber andere Cloud-Anbieter und \u00fcber Autodesk Drive, das im Rahmen eines Abonnements zur Verf\u00fcgung steht.<\/p>\n<p><strong>Snelheidsverbeteringen<\/strong><br \/>\nBespaare deine Arbeit in einem Bruchteil einer Sekunde. Installieren Sie AutoCAD LT auf der H\u00e4lfte der Zeit, in der Sie arbeiten.<\/p>","protected":false},"excerpt":{"rendered":"<h5><img decoding=\"async\" class=\"wp-image-38007 alignnone\" src=\"https:\/\/elicensenest.com\/wp-content\/uploads\/2022\/02\/blue-mark.png\" alt=\"\" width=\"25\" height=\"25\" srcset=\"https:\/\/elicensenest.com\/wp-content\/uploads\/2022\/02\/blue-mark.png 225w, https:\/\/elicensenest.com\/wp-content\/uploads\/2022\/02\/blue-mark-150x150.png 150w\" sizes=\"(max-width: 25px) 100vw, 25px\" \/>\u00a0<strong>Goedkoop en simpel software aanschaffen!<br \/>\n<\/strong><img decoding=\"async\" class=\"wp-image-38007 alignnone\" src=\"https:\/\/elicensenest.com\/wp-content\/uploads\/2022\/02\/blue-mark.png\" alt=\"\" width=\"25\" height=\"25\" srcset=\"https:\/\/elicensenest.com\/wp-content\/uploads\/2022\/02\/blue-mark.png 225w, https:\/\/elicensenest.com\/wp-content\/uploads\/2022\/02\/blue-mark-150x150.png 150w\" sizes=\"(max-width: 25px) 100vw, 25px\" \/>\u00a0<strong>Innerhalb weniger Sekunden, digitaal geleverd!<br \/>\n<\/strong><img decoding=\"async\" class=\"wp-image-38007 alignnone\" src=\"https:\/\/elicensenest.com\/wp-content\/uploads\/2022\/02\/blue-mark.png\" alt=\"\" width=\"25\" height=\"25\" srcset=\"https:\/\/elicensenest.com\/wp-content\/uploads\/2022\/02\/blue-mark.png 225w, https:\/\/elicensenest.com\/wp-content\/uploads\/2022\/02\/blue-mark-150x150.png 150w\" sizes=\"(max-width: 25px) 100vw, 25px\" \/>\u00a0<strong>Niet goed = Geld terug!<br \/>\n<\/strong><img decoding=\"async\" class=\"wp-image-38007 alignnone\" src=\"https:\/\/elicensenest.com\/wp-content\/uploads\/2022\/02\/blue-mark.png\" alt=\"\" width=\"25\" height=\"25\" srcset=\"https:\/\/elicensenest.com\/wp-content\/uploads\/2022\/02\/blue-mark.png 225w, https:\/\/elicensenest.com\/wp-content\/uploads\/2022\/02\/blue-mark-150x150.png 150w\" sizes=\"(max-width: 25px) 100vw, 25px\" \/> Klantenservice bis 23:00 Uhr bereikbaar!<br \/>\n<img decoding=\"async\" class=\"wp-image-38007 alignnone\" src=\"https:\/\/elicensenest.com\/wp-content\/uploads\/2022\/02\/blue-mark.png\" alt=\"\" width=\"25\" height=\"25\" srcset=\"https:\/\/elicensenest.com\/wp-content\/uploads\/2022\/02\/blue-mark.png 225w, https:\/\/elicensenest.com\/wp-content\/uploads\/2022\/02\/blue-mark-150x150.png 150w\" sizes=\"(max-width: 25px) 100vw, 25px\" \/> Vertrouwd kopen bij een Nederlandse webshop met een webshop keurmerk!<\/h5>\n<h3><\/h3>","protected":false},"featured_media":115,"template":"","meta":{"inline_featured_image":false},"product_brand":[],"product_cat":[19],"product_tag":[],"class_list":{"0":"post-81","1":"product","2":"type-product","3":"status-publish","4":"has-post-thumbnail","6":"product_cat-multimedia","8":"first","9":"outofstock","10":"sale","11":"taxable","12":"shipping-taxable","13":"purchasable","14":"product-type-simple"},"_links":{"self":[{"href":"https:\/\/elicensenest.com\/de\/wp-json\/wp\/v2\/product\/81","targetHints":{"allow":["GET"]}}],"collection":[{"href":"https:\/\/elicensenest.com\/de\/wp-json\/wp\/v2\/product"}],"about":[{"href":"https:\/\/elicensenest.com\/de\/wp-json\/wp\/v2\/types\/product"}],"wp:featuredmedia":[{"embeddable":true,"href":"https:\/\/elicensenest.com\/de\/wp-json\/wp\/v2\/media\/115"}],"wp:attachment":[{"href":"https:\/\/elicensenest.com\/de\/wp-json\/wp\/v2\/media?parent=81"}],"wp:term":[{"taxonomy":"product_brand","embeddable":true,"href":"https:\/\/elicensenest.com\/de\/wp-json\/wp\/v2\/product_brand?post=81"},{"taxonomy":"product_cat","embeddable":true,"href":"https:\/\/elicensenest.com\/de\/wp-json\/wp\/v2\/product_cat?post=81"},{"taxonomy":"product_tag","embeddable":true,"href":"https:\/\/elicensenest.com\/de\/wp-json\/wp\/v2\/product_tag?post=81"}],"curies":[{"name":"wp","href":"https:\/\/api.w.org\/{rel}","templated":true}]}}