{"id":79,"date":"2023-10-10T21:00:58","date_gmt":"2023-10-10T21:00:58","guid":{"rendered":"https:\/\/elicensenest.com\/?post_type=product&#038;p=79"},"modified":"2023-10-19T22:38:37","modified_gmt":"2023-10-19T22:38:37","slug":"adobe-cs6-design-standaard","status":"publish","type":"product","link":"https:\/\/elicensenest.com\/de\/produkt\/adobe-cs6-design-standaard\/","title":{"rendered":"Adobe CS6 Design-Standard"},"content":{"rendered":"<p>Adobe CS6 Design Standard bietet Ihnen mit der neuen Mercury Graphics Engine in Adobe Photoshop\u00ae und dem Mercury Performance System in Adobe Illustrator ein H\u00f6chstma\u00df an kreativen M\u00f6glichkeiten. Sie k\u00f6nnen mit Photoshop Videos erstellen und mit Adobe InDesign auf iPads und anderen Tablets weiterarbeiten. Versnel bovendien terugkerende taken voor afdrukproductie met tientallen tijdbesparende verbeteringen.<\/p>\n<h3>Hier finden Sie die besten neuen Funktionen in Adobe CS6 Design Standard<\/h3>\n<p>Dank der Adobe Mercury Graphics Engine in Photoshop* und dem Mercury Performance System in Illustrator k\u00f6nnen Sie auch mit komplexen Aufgaben superschnell arbeiten. Ersparen Sie sich die Zeit, die Sie f\u00fcr Ihre Produkte ben\u00f6tigen, und nutzen Sie InDesign, um schnell und einfach eBooks oder Publikationen f\u00fcr das iPad und andere Tablets zu erstellen.<\/p>\n<h3>Hier erfahren Sie, was Sie mit Adobe CS6 Design Standard machen k\u00f6nnen.<\/h3>\n<p>Lever buitengewone resultsaten met de ultieme werkset voor drukwerkontwerpen en digital publicaties. Bewerken Sie digitale Dokumente, erstellen Sie Vektorgrafiken und erstellen Sie Seiten f\u00fcr Drucksachen, eBooks und iPad-Publikationen.<\/p>\n<h3>Bitte beachten Sie, was Sie w\u00e4hrend der Zeit, in der Sie CS5 verwenden, erlebt haben.<\/h3>\n<p>Wir geben Ihnen einen \u00dcberblick \u00fcber die wichtigsten neuen und verbesserten Funktionen in Photoshop, Illustrator und InDesign, mit denen Sie Ihre besten Arbeiten effizient erstellen und ver\u00f6ffentlichen k\u00f6nnen.<\/p>\n<h3>Snellere ontwerptaken in Photoshop<\/h3>\n<p>Verfeinern Sie Details schnell und einfach mit neuen und neuartigen L\u00f6sungen. Passieren Sie Techniken, verwenden Sie Vektorlagen, um Objekte zuzuordnen und zu verlinken, erstellen Sie angepasste und gebrochene Linien, suchen Sie schnell nach Lagen und vieles mehr.<\/p>\n<h3>Afbeeldingen overtrekken in Illustrator<\/h3>\n<p>Konvertieren Sie Rasterdaten in bearbeitbare Vektoren mit einer v\u00f6llig neuen Engine f\u00fcr das \u00dcbertragen von Daten. Behaal zuivere lijnen, nauwkeurige aanpassingen en betrouwbare resultaten zonder complexe besturingselementen.<\/p>\n<h3>Alternatieve Gestaltung in InDesign<\/h3>\n<p>Erstellen und bearbeiten Sie Ihr eigenes Dokument mit Hilfe von alternativen Layouts, die den Inhalt der Seite platzieren und mit anderen Seitenformaten, St\u00e4nden oder Ger\u00e4ten synchronisieren.<\/p>\n<h3>Videobearbeitung in Photoshop<\/h3>\n<p>Bewerken Sie Videos in Photoshop und setzen Sie sie in Ihre digitalen Werbeprojekte ein. Kombinieren Sie kleine Videofragmente und stilistische Elemente mit Hilfe von \u00dcberblendungen, Audio und Effekten, wie z.B. Pannen und Zoomen.<\/p>\n<h3>Verbreitete Autokorrekturen in Photoshop<\/h3>\n<p>Verbeter je afbeeldingen met de verbeterde automatische optie voor Curven, Niveaus en Helderheid\/contrast. Eine h\u00f6here Intelligenz der Duizenden mit den von Hand erfassten Bildern sorgt f\u00fcr einen besseren \u00dcberblick bei der Erstellung von Passagen.<\/p>\n<h3>Schlankes Anpassen an den Tekstkader in InDesign<\/h3>\n<p>Stellen Sie mit Hilfe von verschiedenen Parametern den Kader so ein, dass er bei Bedarf vergroten wird. Lassen Sie die Kader automatisch vergroten und verkleinern f\u00fcr Kopteksten, Toelichtingen oder andere variabel einsetzbare Ger\u00e4te.<\/p>\n<h3>Vullen met behoud van inhoud in Photoshop<\/h3>\n<p>Verwende ein bestimmtes Detail oder Objekt und schaue, wie es mit der Funktion \"Vullen\" im Innern der leisen Ruine auf eine wunderbare Art und Weise zurechtkommt. Stem belichting, kleurtoon en ruis zo op elkaar af dat het lijkt asf de verwijderde inhoud nooit in de afbeelding stond.<\/p>\n<h3>Inhoud<\/h3>\n<p>Adobe CS6 Entwurf Standard<\/p>\n<ul>\n<li style=\"list-style-type: none;\">\n<ul>\n<li>Photoshop\u00ae CS6<\/li>\n<\/ul>\n<\/li>\n<\/ul>\n<ul>\n<li style=\"list-style-type: none;\">\n<ul>\n<li>Illustrator\u00ae CS6<\/li>\n<\/ul>\n<\/li>\n<\/ul>\n<ul>\n<li style=\"list-style-type: none;\">\n<ul>\n<li>InDesign\u00ae CS6<\/li>\n<\/ul>\n<\/li>\n<\/ul>\n<ul>\n<li style=\"list-style-type: none;\">\n<ul>\n<li>Acrobat\u00ae X Pro<\/li>\n<\/ul>\n<\/li>\n<\/ul>\n<ul>\n<li style=\"list-style-type: none;\">\n<ul>\n<li>Br\u00fccke CS6<\/li>\n<\/ul>\n<\/li>\n<\/ul>\n<ul>\n<li>Media Encoder CS6<\/li>\n<\/ul>\n<p>&nbsp;<\/p>\n<h3>Systeemeisen<\/h3>\n<ul>\n<li style=\"list-style-type: none;\">\n<ul>\n<li>Intel-Multicore-Prozessor mit 64-Bit Ondersteuning<\/li>\n<\/ul>\n<\/li>\n<\/ul>\n<ul>\n<li style=\"list-style-type: none;\">\n<ul>\n<li>Mac OS X v10.6.8 oder v10.7<\/li>\n<\/ul>\n<\/li>\n<\/ul>\n<ul>\n<li style=\"list-style-type: none;\">\n<ul>\n<li>2 GB RAM (8 GB aanbevolen)<\/li>\n<\/ul>\n<\/li>\n<\/ul>\n<ul>\n<li style=\"list-style-type: none;\">\n<ul>\n<li>7 GB freier Speicherplatz auf der Festplatte f\u00fcr die Installation; w\u00e4hrend der Installation ist zus\u00e4tzlicher freier Speicherplatz erforderlich (kann nicht auf einem Datentr\u00e4ger mit einem hochaufl\u00f6senden Bestandssystem oder auf verwirrbaren Flash-Oszillationsger\u00e4ten installiert werden)<\/li>\n<\/ul>\n<\/li>\n<\/ul>\n<ul>\n<li style=\"list-style-type: none;\">\n<ul>\n<li>Monitor mit einer Aufl\u00f6sung von 1.024 x 768 (1.280 x 800 aanbevolen) mit 16-Bit-Klarheit und 256 MB VRAM<\/li>\n<\/ul>\n<\/li>\n<\/ul>\n<ul>\n<li style=\"list-style-type: none;\">\n<ul>\n<li>Voor OpenGL 2.0 geschikt systeem<\/li>\n<\/ul>\n<\/li>\n<\/ul>\n<ul>\n<li style=\"list-style-type: none;\">\n<ul>\n<li>Adobe Flash Player 10 ist bereit, SWF-Best\u00e4nde zu exportieren<\/li>\n<\/ul>\n<\/li>\n<\/ul>\n<p>&nbsp;<\/p>\n<ul>\n<li>Diese Software funktioniert nicht ohne Aktivierung. F\u00fcr die Aktivierung der Software, die Validierung von Abonnements und den Zugang zu Online-Diensten sind eine Breitband-Internetanbindung und eine Registrierung erforderlich.\u2020 Die Aktivierung per Telefon ist nicht m\u00f6glich.<\/li>\n<\/ul>\n<p>&nbsp;<\/p>\n<p><a href=\"https:\/\/www.digitallicense.nl\/adobe-creative-suite-cs6-design-standard-windows\" style=\"display:none\">a<\/a><\/p>\n<p><a href=\"https:\/\/tweakers.net\/pricewatch\/312447\/adobe-creative-suite-cs6-design-standard.html\" style=\"display:none\">a<\/a><\/p>\n<p><a href=\"https:\/\/www.bol.com\/nl\/p\/adobe-design-standard-cs6-win-nederlands\/1003004012253412\/\" style=\"display:none\">a<\/a><\/p>\n<p><a href=\"https:\/\/elicensenest.com\/de\/produkt\/adobe-photoshop-cs6\/\" style=\"display:none\">a<\/a><\/p>\n<p><a href=\"https:\/\/elicensenest.com\/de\/produkt\/adobe-cs6-design-web-premium\/\" style=\"display:none\">a<\/a><\/p>\n<p><a href=\"https:\/\/elicensenest.com\/de\/product\/adobe-premiere-elements\/\" style=\"display:none\">a<\/a><\/p>\n<p><a href=\"https:\/\/elicensenest.com\/de\/product\/adobe-premiere-elements\/\" style=\"display:none\">a<\/a><\/p>\n<p><a href=\"https:\/\/elicensenest.com\/de\/product\/adobe-acrobat-pro-dc\/\" style=\"display:none\">a<\/a><\/p>","protected":false},"excerpt":{"rendered":"<h5><img decoding=\"async\" class=\"wp-image-38007 alignnone\" src=\"https:\/\/elicensenest.com\/wp-content\/uploads\/2022\/02\/blue-mark.png\" alt=\"\" width=\"25\" height=\"25\" srcset=\"https:\/\/elicensenest.com\/wp-content\/uploads\/2022\/02\/blue-mark.png 225w, https:\/\/elicensenest.com\/wp-content\/uploads\/2022\/02\/blue-mark-150x150.png 150w\" sizes=\"(max-width: 25px) 100vw, 25px\" \/>\u00a0<strong>Goedkoop en simpel software aanschaffen!<br \/>\n<\/strong><img decoding=\"async\" class=\"wp-image-38007 alignnone\" src=\"https:\/\/elicensenest.com\/wp-content\/uploads\/2022\/02\/blue-mark.png\" alt=\"\" width=\"25\" height=\"25\" srcset=\"https:\/\/elicensenest.com\/wp-content\/uploads\/2022\/02\/blue-mark.png 225w, https:\/\/elicensenest.com\/wp-content\/uploads\/2022\/02\/blue-mark-150x150.png 150w\" sizes=\"(max-width: 25px) 100vw, 25px\" \/>\u00a0<strong>Innerhalb weniger Sekunden, digitaal geleverd!<br \/>\n<\/strong><img decoding=\"async\" class=\"wp-image-38007 alignnone\" src=\"https:\/\/elicensenest.com\/wp-content\/uploads\/2022\/02\/blue-mark.png\" alt=\"\" width=\"25\" height=\"25\" srcset=\"https:\/\/elicensenest.com\/wp-content\/uploads\/2022\/02\/blue-mark.png 225w, https:\/\/elicensenest.com\/wp-content\/uploads\/2022\/02\/blue-mark-150x150.png 150w\" sizes=\"(max-width: 25px) 100vw, 25px\" \/>\u00a0<strong>Niet goed = Geld terug!<br \/>\n<\/strong><img decoding=\"async\" class=\"wp-image-38007 alignnone\" src=\"https:\/\/elicensenest.com\/wp-content\/uploads\/2022\/02\/blue-mark.png\" alt=\"\" width=\"25\" height=\"25\" srcset=\"https:\/\/elicensenest.com\/wp-content\/uploads\/2022\/02\/blue-mark.png 225w, https:\/\/elicensenest.com\/wp-content\/uploads\/2022\/02\/blue-mark-150x150.png 150w\" sizes=\"(max-width: 25px) 100vw, 25px\" \/> Klantenservice bis 23:00 Uhr bereikbaar!<br \/>\n<img decoding=\"async\" class=\"wp-image-38007 alignnone\" src=\"https:\/\/elicensenest.com\/wp-content\/uploads\/2022\/02\/blue-mark.png\" alt=\"\" width=\"25\" height=\"25\" srcset=\"https:\/\/elicensenest.com\/wp-content\/uploads\/2022\/02\/blue-mark.png 225w, https:\/\/elicensenest.com\/wp-content\/uploads\/2022\/02\/blue-mark-150x150.png 150w\" sizes=\"(max-width: 25px) 100vw, 25px\" \/> Vertrouwd kopen bij een Nederlandse webshop met een webshop keurmerk!<\/h5>\n<h3><\/h3>","protected":false},"featured_media":113,"template":"","meta":{"inline_featured_image":false},"product_brand":[],"product_cat":[19],"product_tag":[],"class_list":{"0":"post-79","1":"product","2":"type-product","3":"status-publish","4":"has-post-thumbnail","6":"product_cat-multimedia","8":"first","9":"outofstock","10":"sale","11":"taxable","12":"shipping-taxable","13":"purchasable","14":"product-type-simple"},"_links":{"self":[{"href":"https:\/\/elicensenest.com\/de\/wp-json\/wp\/v2\/product\/79","targetHints":{"allow":["GET"]}}],"collection":[{"href":"https:\/\/elicensenest.com\/de\/wp-json\/wp\/v2\/product"}],"about":[{"href":"https:\/\/elicensenest.com\/de\/wp-json\/wp\/v2\/types\/product"}],"wp:featuredmedia":[{"embeddable":true,"href":"https:\/\/elicensenest.com\/de\/wp-json\/wp\/v2\/media\/113"}],"wp:attachment":[{"href":"https:\/\/elicensenest.com\/de\/wp-json\/wp\/v2\/media?parent=79"}],"wp:term":[{"taxonomy":"product_brand","embeddable":true,"href":"https:\/\/elicensenest.com\/de\/wp-json\/wp\/v2\/product_brand?post=79"},{"taxonomy":"product_cat","embeddable":true,"href":"https:\/\/elicensenest.com\/de\/wp-json\/wp\/v2\/product_cat?post=79"},{"taxonomy":"product_tag","embeddable":true,"href":"https:\/\/elicensenest.com\/de\/wp-json\/wp\/v2\/product_tag?post=79"}],"curies":[{"name":"wp","href":"https:\/\/api.w.org\/{rel}","templated":true}]}}