{"id":51989,"date":"2026-02-16T17:13:31","date_gmt":"2026-02-16T17:13:31","guid":{"rendered":"https:\/\/elicensenest.com\/?post_type=product&#038;p=51989"},"modified":"2026-02-16T17:13:56","modified_gmt":"2026-02-16T17:13:56","slug":"autodesk-all-apps-2026-1-year-or-3-year-subscription-multi-device-access-license-tied-to-your-email","status":"publish","type":"product","link":"https:\/\/elicensenest.com\/de\/produkt\/autodesk-all-apps-2026-1-year-or-3-year-subscription-multi-device-access-license-tied-to-your-email\/","title":{"rendered":"AutoDesk All Apps 2026 \u2013 1-Year or 3-Year Subscription | Multi-Device Access | License Tied to Your Email"},"content":{"rendered":"<h3 class=\"wp-block-heading\">-Beschreibung :&nbsp;<\/h3>\n\n\n\n<p>Erhalten Sie Zugriff auf die komplette Suite von&nbsp;<strong>Autodesk Alle Anwendungen<\/strong>&nbsp;mit einem 3-Jahres-Abonnement, einschlie\u00dflich branchenf\u00fchrender Werkzeuge f\u00fcr Design, Konstruktion, Bau und Medien. Dieses Paket enth\u00e4lt Top-Anwendungen wie:<\/p>\n\n\n\n<ul class=\"wp-block-list\">\n<li><strong>3ds Max<\/strong>\u00a0- f\u00fcr 3D-Modellierung, Rendering und Animation.<\/li>\n\n\n\n<li><strong>Advance Steel<\/strong>\u00a0- Detailplanung und Herstellung von Stahlkonstruktionen.<\/li>\n\n\n\n<li><strong>Alias AutoStudio<\/strong>\u00a0- Fahrzeugdesign und Visualisierung.<\/li>\n\n\n\n<li><strong>Arnold<\/strong>\u00a0- fortgeschrittenes Rendering.<\/li>\n\n\n\n<li><strong>AutoCAD<\/strong>\u00a0(einschlie\u00dflich spezialisierter Toolsets) und\u00a0<strong>AutoCAD LT<\/strong>\u00a0- f\u00fcr pr\u00e4zises 2D- und 3D-Zeichnen.<\/li>\n\n\n\n<li><strong>Autodesk Construction Cloud<\/strong>\u00a0- Rationalisierung der Bauabl\u00e4ufe.<\/li>\n\n\n\n<li><strong>CFD Ultimate<\/strong>\u00a0- Computational Fluid Dynamics f\u00fcr die Simulation.<\/li>\n\n\n\n<li><strong>Civil 3D<\/strong>\u00a0- f\u00fcr Tiefbau und Infrastrukturplanung.<\/li>\n\n\n\n<li><strong>Fusion<\/strong>\u00a0- f\u00fcr 3D CAD, CAM und CAE, mit Versionen f\u00fcr FeatureCAM und Moldflow Adviser.<\/li>\n\n\n\n<li><strong>Inventor Professional<\/strong>\u00a0(mit Nesting, Toleranzanalyse, Nastran) - fortschrittliches 3D-CAD f\u00fcr den Maschinenbau.<\/li>\n\n\n\n<li><strong>Maya<\/strong>\u00a0- 3D-Animationssoftware, die dem Industriestandard entspricht.<\/li>\n\n\n\n<li><strong>Revit<\/strong>\u00a0- Geb\u00e4udedatenmodellierung (BIM) f\u00fcr die Architektur.<\/li>\n\n\n\n<li><strong>Navisworks Verwalten<\/strong>\u00a0- Projektpr\u00fcfungssoftware f\u00fcr AEC-Fachleute.<\/li>\n\n\n\n<li><strong>Roboter-Strukturanalyse Professional<\/strong>\u00a0- bautechnische Analyse.<\/li>\n\n\n\n<li><strong>Professioneller Tresor<\/strong>\u00a0- Datenmanagement f\u00fcr Ingenieurteams.<\/li>\n<\/ul>\n\n\n\n<p>Und viele weitere Anwendungen, darunter&nbsp;<strong>Mudbox<\/strong>,&nbsp;<strong>MotionBuilder<\/strong>,&nbsp;<strong>PowerInspect Ultimate<\/strong>,&nbsp;<strong>HSMWorks Ultimate<\/strong>,&nbsp;<strong>VRED Professionell<\/strong>,&nbsp;<strong>Netfabb Premium<\/strong>und&nbsp;<strong>Tragwerksplanung von Br\u00fccken<\/strong>.<\/p>\n\n\n\n<p>Dieses umfassende Paket stellt sicher, dass Sie alle Werkzeuge haben, die Sie f\u00fcr jedes Projekt ben\u00f6tigen, mit leistungsstarken Funktionen f\u00fcr Design, Simulation, Rendering und Projektmanagement - alles unter einer Lizenz. Profitieren Sie von einem 3-Jahres-Abonnement und schalten Sie die volle Leistung des fortschrittlichen Autodesk-Toolsets frei.<\/p>\n\n\n\n<p><strong>\u2705<\/strong><strong> Was Sie bekommen:<\/strong><strong><\/strong><\/p>\n\n\n\n<ul class=\"wp-block-list\">\n<li><strong>Offizielle 3-Jahres-Lizenz f\u00fcr alle AutoDesk-Anwendungen - per E-Mail erhalten<\/strong><\/li>\n\n\n\n<li><strong>Privater Zugang per E-Mail-Einladung (keine gemeinsamen Konten)<\/strong><\/li>\n\n\n\n<li><strong>Multi-Device-Nutzung - Aktivieren Sie auf mehreren Ger\u00e4ten gleichzeitig<\/strong><\/li>\n\n\n\n<li><strong>Kompatibel mit Windows und macOS und Ipad<\/strong><\/li>\n\n\n\n<li><strong>Direkt von der offiziellen Plattform von Autodesk<\/strong><\/li>\n\n\n\n<li><strong>Sicher, privat und voll funktionsf\u00e4hig<\/strong><\/li>\n<\/ul>\n\n\n\n<hr class=\"wp-block-separator has-alpha-channel-opacity\"\/>\n\n\n\n<p><strong>\u2705<\/strong><strong>Wie es funktioniert:<\/strong><strong><\/strong><\/p>\n\n\n\n<ol start=\"1\" class=\"wp-block-list\">\n<li><strong>Senden Sie uns nach dem Kauf Ihre E-Mail-Adresse.<\/strong><\/li>\n\n\n\n<li><strong>Wir laden Sie direkt zum Zugriff auf Ihre AutoDesk-Lizenz ein.<\/strong><\/li>\n\n\n\n<li><strong>Nehmen Sie die Einladung an, und nutzen Sie AutoDesk auf allen Ihren Ger\u00e4ten.<\/strong><\/li>\n\n\n\n<li><strong>Genie\u00dfen Sie 3 volle Jahre ununterbrochenen Zugang - keine monatlichen Geb\u00fchren, keine Probezeit.<\/strong><\/li>\n<\/ol>\n\n\n\n<hr class=\"wp-block-separator has-alpha-channel-opacity\"\/>","protected":false},"excerpt":{"rendered":"<p>\u2714\ufe0f100% Originalversion ohne Crack<\/p>\n<p>\u2714\ufe0fRuns Auf Windows-PC und Mac<\/p>\n<p>\u2714\ufe0fDownload Produkt(e) von der offiziellen Website von Autodesk<\/p>\n<p>\u2714\ufe0f Kann auf mehreren Ger\u00e4ten verwendet werden<\/p>\n<p>\u2714\ufe0f Wir f\u00fcgen Ihre E-Mail-Adresse dem System hinzu und Sie erhalten eine Einladung, um auf Ihre Lizenz zuzugreifen.<\/p>","protected":false},"featured_media":51876,"template":"","meta":{"inline_featured_image":false},"product_brand":[],"product_cat":[30],"product_tag":[],"class_list":{"0":"post-51989","1":"product","2":"type-product","3":"status-publish","4":"has-post-thumbnail","6":"product_cat-autodesk","8":"first","9":"instock","10":"taxable","11":"shipping-taxable","12":"purchasable","13":"product-type-variable"},"_links":{"self":[{"href":"https:\/\/elicensenest.com\/de\/wp-json\/wp\/v2\/product\/51989","targetHints":{"allow":["GET"]}}],"collection":[{"href":"https:\/\/elicensenest.com\/de\/wp-json\/wp\/v2\/product"}],"about":[{"href":"https:\/\/elicensenest.com\/de\/wp-json\/wp\/v2\/types\/product"}],"wp:featuredmedia":[{"embeddable":true,"href":"https:\/\/elicensenest.com\/de\/wp-json\/wp\/v2\/media\/51876"}],"wp:attachment":[{"href":"https:\/\/elicensenest.com\/de\/wp-json\/wp\/v2\/media?parent=51989"}],"wp:term":[{"taxonomy":"product_brand","embeddable":true,"href":"https:\/\/elicensenest.com\/de\/wp-json\/wp\/v2\/product_brand?post=51989"},{"taxonomy":"product_cat","embeddable":true,"href":"https:\/\/elicensenest.com\/de\/wp-json\/wp\/v2\/product_cat?post=51989"},{"taxonomy":"product_tag","embeddable":true,"href":"https:\/\/elicensenest.com\/de\/wp-json\/wp\/v2\/product_tag?post=51989"}],"curies":[{"name":"wp","href":"https:\/\/api.w.org\/{rel}","templated":true}]}}