{"id":51901,"date":"2025-05-09T16:41:51","date_gmt":"2025-05-09T16:41:51","guid":{"rendered":"https:\/\/elicensenest.com\/?post_type=product&#038;p=51901"},"modified":"2025-05-09T16:41:53","modified_gmt":"2025-05-09T16:41:53","slug":"microsoft-visual-studio-professional-2022-product-key-lifetime-activation","status":"publish","type":"product","link":"https:\/\/elicensenest.com\/de\/produkt\/microsoft-visual-studio-professional-2022-product-key-lifetime-activation\/","title":{"rendered":"Microsoft Visual Studio Professional 2022 Produktschl\u00fcssel -Lifetime-Aktivierung"},"content":{"rendered":"<p><strong>Visual Studio 2022 Professional - Mehrsprachig f\u00fcr Windows<\/strong><\/p>\n\n\n\n<p><strong>Offizielle Freischaltung<\/strong>:<br>Laden Sie das offizielle Installationsprogramm von Microsoft herunter und aktivieren Sie es:<br>\ud83d\udd17<a href=\"https:\/\/visualstudio.microsoft.com\/thank-you-downloading-visual-studio\/?sku=Professional&amp;channel=Release&amp;version=VS2022&amp;source=VSLandingPage&amp;passive=false&amp;cid=2030\"> Visual Studio 2022 herunterladen<\/a><\/p>\n\n\n\n<hr class=\"wp-block-separator has-alpha-channel-opacity\"\/>\n\n\n\n<p><strong>\u00dcbersicht<\/strong><strong><br><\/strong> Visual Studio 2022 Professional ist die bisher leistungsf\u00e4higste und produktivste Version von Visual Studio. Sie wurde f\u00fcr professionelle Entwickler und kleine Teams entwickelt und bietet eine fortschrittliche integrierte 64-Bit-Entwicklungsumgebung (IDE), mit der Projekte jeder Gr\u00f6\u00dfe und Komplexit\u00e4t schnell und stabil bearbeitet werden k\u00f6nnen.<\/p>\n\n\n\n<hr class=\"wp-block-separator has-alpha-channel-opacity\"\/>\n\n\n\n<p><strong>Wesentliche Merkmale<\/strong><\/p>\n\n\n\n<p>\ud83d\udd39 <strong>Hohe Leistung<\/strong><\/p>\n\n\n\n<ul class=\"wp-block-list\">\n<li>Die erste 64-Bit-IDE f\u00fcr Visual Studio<br><\/li>\n\n\n\n<li>Reibungslose Navigation, Codierung und Verzweigungswechsel - auch bei gro\u00dfen Projekten<br><\/li>\n\n\n\n<li>Drastisch reduziertes Risiko von Out-of-Memory-Fehlern<br><\/li>\n<\/ul>\n\n\n\n<p>\ud83d\udd39 <strong>Moderne Entwicklungswerkzeuge<\/strong><\/p>\n\n\n\n<ul class=\"wp-block-list\">\n<li>Entwicklung plattform\u00fcbergreifender Anwendungen mit .NET MAUI<br><\/li>\n\n\n\n<li>Erstellen von Web-UIs in C# mit Blazor<br><\/li>\n\n\n\n<li>Debuggen und Testen von .NET\/C++-Anwendungen in Linux-Umgebungen<br><\/li>\n\n\n\n<li>Hot Reload \u00fcber .NET- und C++-Projekte hinweg<br><\/li>\n\n\n\n<li>ASP.NET-Seiten in der Designer-Ansicht live bearbeiten<br><\/li>\n<\/ul>\n\n\n\n<p>\ud83d\udd39 <strong>Bessere Codierungserfahrung<\/strong><\/p>\n\n\n\n<ul class=\"wp-block-list\">\n<li>KI-gest\u00fctzte Code-Vervollst\u00e4ndigung<br><\/li>\n\n\n\n<li>Verbesserter Razor-Editor mit datei\u00fcbergreifendem Refactoring<br><\/li>\n\n\n\n<li>Visuelle Diagnose f\u00fcr asynchrone Operationen<br><\/li>\n\n\n\n<li>Integrierte Code-Analysatoren f\u00fcr sofortiges Feedback<br><\/li>\n<\/ul>\n\n\n\n<p>\ud83d\udd39 <strong>Kollaborativ &amp; Cloud-f\u00e4hig<\/strong><\/p>\n\n\n\n<ul class=\"wp-block-list\">\n<li>Zusammenarbeit in Echtzeit \u00fcber Live Share<br><\/li>\n\n\n\n<li>Integrierte Git-Erfahrung: Klonen, \u00dcbertragen und Verwalten von Arbeitselementen mit Leichtigkeit<br><\/li>\n\n\n\n<li>Nahtlose CI\/CD-Einrichtung f\u00fcr die Azure-Bereitstellung<br><\/li>\n<\/ul>\n\n\n\n<hr class=\"wp-block-separator has-alpha-channel-opacity\"\/>\n\n\n\n<p><strong>Ideal f\u00fcr:<\/strong><\/p>\n\n\n\n<p><strong><br><\/strong> Professionelle Entwickler und Teams, die eine All-in-One-L\u00f6sung zum Erstellen, Debuggen und Bereitstellen von Hochleistungsanwendungen f\u00fcr Desktop-, Web-, Mobil- und Cloud-Plattformen suchen.<\/p>","protected":false},"excerpt":{"rendered":"<p>Visual Studio 2022 Professional \u2013 Multilanguage for Windows Official Activation:Download and activate via the official Microsoft installer:\ud83d\udd17 Download Visual Studio 2022 Overview Visual Studio 2022 Professional is the most powerful and productive version of Visual Studio yet. Designed for professional developers and small teams, it offers an advanced 64-bit integrated development environment (IDE) that can [&hellip;]<\/p>","protected":false},"featured_media":51902,"template":"","meta":{"inline_featured_image":false},"product_brand":[],"product_cat":[],"product_tag":[],"class_list":{"0":"post-51901","1":"product","2":"type-product","3":"status-publish","4":"has-post-thumbnail","7":"first","8":"instock","9":"taxable","10":"shipping-taxable","11":"purchasable","12":"product-type-simple"},"_links":{"self":[{"href":"https:\/\/elicensenest.com\/de\/wp-json\/wp\/v2\/product\/51901","targetHints":{"allow":["GET"]}}],"collection":[{"href":"https:\/\/elicensenest.com\/de\/wp-json\/wp\/v2\/product"}],"about":[{"href":"https:\/\/elicensenest.com\/de\/wp-json\/wp\/v2\/types\/product"}],"wp:featuredmedia":[{"embeddable":true,"href":"https:\/\/elicensenest.com\/de\/wp-json\/wp\/v2\/media\/51902"}],"wp:attachment":[{"href":"https:\/\/elicensenest.com\/de\/wp-json\/wp\/v2\/media?parent=51901"}],"wp:term":[{"taxonomy":"product_brand","embeddable":true,"href":"https:\/\/elicensenest.com\/de\/wp-json\/wp\/v2\/product_brand?post=51901"},{"taxonomy":"product_cat","embeddable":true,"href":"https:\/\/elicensenest.com\/de\/wp-json\/wp\/v2\/product_cat?post=51901"},{"taxonomy":"product_tag","embeddable":true,"href":"https:\/\/elicensenest.com\/de\/wp-json\/wp\/v2\/product_tag?post=51901"}],"curies":[{"name":"wp","href":"https:\/\/api.w.org\/{rel}","templated":true}]}}