{"id":37285,"date":"2022-07-08T15:07:31","date_gmt":"2022-07-08T15:07:31","guid":{"rendered":"https:\/\/elicensenest.com\/?page_id=37285"},"modified":"2025-05-07T13:42:18","modified_gmt":"2025-05-07T13:42:18","slug":"onze-producten","status":"publish","type":"page","link":"https:\/\/elicensenest.com\/de\/onze-producten\/","title":{"rendered":"Unsere Produkte"},"content":{"rendered":"<h2 class=\"wp-block-heading\"><\/h2>\n\n\n\n<p><\/p>\n\n\n\n<pre id=\"tw-target-text\" class=\"wp-block-preformatted\">Ist das \u00fcberhaupt legal?<\/pre>\n\n\n\n<p><\/p>\n\n\n\n<p>Ja, der Europ\u00e4ische Gerichtshof hat entschieden, dass der Vertrieb von bereits benutzten Lizenzen innerhalb der Europ\u00e4ischen Union unter den Handel mit Gebrauchtwaren f\u00e4llt.<\/p>\n\n\n\n<p><\/p>\n\n\n\n<pre id=\"tw-target-text\" class=\"wp-block-preformatted\">Warum bei Ihnen kaufen und nicht bei anderen?<\/pre>\n\n\n\n<p><\/p>\n\n\n\n<p>Wir bei SoftLoad legen sehr viel Wert auf Kundenzufriedenheit. Das kann man auch in unseren Bewertungen auf trustpilot nachlesen. Wir helfen jedem, soweit wir es aus der Ferne k\u00f6nnen. Wir sind bis 23:00 Uhr erreichbar und helfen jedem w\u00e4hrend dieser Zeit.<\/p>","protected":false},"excerpt":{"rendered":"<p>Is this even legal? Yes, the European Court has decided that the distribution of previously used licenses within the European Union falls under the trade in second-hand products. Why buy from you and not others? We at SoftLoad focus very much on customer satisfaction. This can also be read on our reviews on trustpilot. We [&hellip;]<\/p>","protected":false},"author":6785,"featured_media":0,"parent":0,"menu_order":0,"comment_status":"closed","ping_status":"closed","template":"","meta":{"inline_featured_image":false,"footnotes":""},"class_list":["post-37285","page","type-page","status-publish","hentry"],"_links":{"self":[{"href":"https:\/\/elicensenest.com\/de\/wp-json\/wp\/v2\/pages\/37285","targetHints":{"allow":["GET"]}}],"collection":[{"href":"https:\/\/elicensenest.com\/de\/wp-json\/wp\/v2\/pages"}],"about":[{"href":"https:\/\/elicensenest.com\/de\/wp-json\/wp\/v2\/types\/page"}],"author":[{"embeddable":true,"href":"https:\/\/elicensenest.com\/de\/wp-json\/wp\/v2\/users\/6785"}],"replies":[{"embeddable":true,"href":"https:\/\/elicensenest.com\/de\/wp-json\/wp\/v2\/comments?post=37285"}],"version-history":[{"count":1,"href":"https:\/\/elicensenest.com\/de\/wp-json\/wp\/v2\/pages\/37285\/revisions"}],"predecessor-version":[{"id":51891,"href":"https:\/\/elicensenest.com\/de\/wp-json\/wp\/v2\/pages\/37285\/revisions\/51891"}],"wp:attachment":[{"href":"https:\/\/elicensenest.com\/de\/wp-json\/wp\/v2\/media?parent=37285"}],"curies":[{"name":"wp","href":"https:\/\/api.w.org\/{rel}","templated":true}]}}