{"id":3,"date":"2022-02-26T08:29:23","date_gmt":"2022-02-26T08:29:23","guid":{"rendered":"https:\/\/elicensenest.com\/?page_id=3"},"modified":"2025-05-07T13:41:23","modified_gmt":"2025-05-07T13:41:23","slug":"privacybeleid","status":"publish","type":"page","link":"https:\/\/elicensenest.com\/de\/privacybeleid\/","title":{"rendered":"Datenschutz"},"content":{"rendered":"<div data-elementor-type=\"wp-page\" data-elementor-id=\"3\" class=\"elementor elementor-3\" data-elementor-post-type=\"page\">\n\t\t\t\t\t\t<section class=\"elementor-section elementor-top-section elementor-element elementor-element-608aeb6 elementor-section-boxed elementor-section-height-default elementor-section-height-default\" data-id=\"608aeb6\" data-element_type=\"section\" data-settings=\"{&quot;background_background&quot;:&quot;classic&quot;}\">\n\t\t\t\t\t\t<div class=\"elementor-container elementor-column-gap-default\">\n\t\t\t\t\t<div class=\"elementor-column elementor-col-100 elementor-top-column elementor-element elementor-element-1fc69a9\" data-id=\"1fc69a9\" data-element_type=\"column\">\n\t\t\t<div class=\"elementor-widget-wrap elementor-element-populated\">\n\t\t\t\t\t\t<div class=\"elementor-element elementor-element-a5407db elementor-widget elementor-widget-heading\" data-id=\"a5407db\" data-element_type=\"widget\" data-widget_type=\"heading.default\">\n\t\t\t\t<div class=\"elementor-widget-container\">\n\t\t\t\t\t<h1 class=\"elementor-heading-title elementor-size-default\">Datenschutzbestimmungen<\/h1>\t\t\t\t<\/div>\n\t\t\t\t<\/div>\n\t\t\t\t<div class=\"elementor-element elementor-element-e2cd66b elementor-widget elementor-widget-text-editor\" data-id=\"e2cd66b\" data-element_type=\"widget\" data-widget_type=\"text-editor.default\">\n\t\t\t\t<div class=\"elementor-widget-container\">\n\t\t\t\t\t\t\t\t\t<p>Wir sind uns bewusst, dass Sie uns Ihr Vertrauen schenken. Wir sehen es daher als unsere Verantwortung an, Ihre Privatsph\u00e4re zu sch\u00fctzen. Auf dieser Seite erfahren Sie, welche Daten wir bei der Nutzung unserer Website erheben, warum wir diese Daten erheben und wie wir sie nutzen, um Ihr Nutzererlebnis zu verbessern. Auf diese Weise verstehen Sie genau, wie wir arbeiten.<\/p><p>Diese Datenschutzrichtlinie gilt f\u00fcr die Dienstleistungen von SoftLoad. Sie sollten sich bewusst sein, dass SoftLoad nicht f\u00fcr die Datenschutzrichtlinien anderer Websites und Quellen verantwortlich ist. Durch die Nutzung dieser Website erkl\u00e4ren Sie, dass Sie die Datenschutzrichtlinie akzeptieren.<\/p><p>\u00a0<\/p><div id=\"tw-target-text-container\" class=\"tw-ta-container tw-nfl\" tabindex=\"0\" role=\"text\"><pre id=\"tw-target-text\" class=\"tw-data-text tw-text-large tw-ta\" dir=\"ltr\" data-placeholder=\"Translation\" data-ved=\"2ahUKEwj735uRoJGNAxXQ8LsIHS-ZELAQ3ewLegQIChAV\" aria-label=\"\u00dcbersetzter Text: Unsere Verwendung der gesammelten Daten\"><span class=\"Y2IQFc\" lang=\"en\">Unsere Verwendung der gesammelten Daten<\/span><\/pre><\/div><p>Nutzung unserer Dienste Wenn Sie sich f\u00fcr einen unserer Dienste anmelden, bitten wir Sie um die Angabe pers\u00f6nlicher Daten. Diese Daten werden verwendet, um den Dienst zu erbringen. Die Daten werden auf SoftLoad's eigenen sicheren Servern oder denen eines Dritten gespeichert. Wir werden diese Daten nicht mit anderen pers\u00f6nlichen Daten, die wir haben, kombinieren.<\/p><pre id=\"tw-target-text\" class=\"tw-data-text tw-text-large tw-ta\" dir=\"ltr\" data-placeholder=\"Translation\" data-ved=\"2ahUKEwj735uRoJGNAxXQ8LsIHS-ZELAQ3ewLegQIChAV\" aria-label=\"\u00dcbersetzter Text: Kommunikation\"><span class=\"Y2IQFc\" lang=\"en\">Kommunikation<\/span><\/pre><p>Wenn Sie uns E-Mails oder andere Nachrichten schicken, k\u00f6nnen wir diese Nachrichten aufbewahren. Manchmal bitten wir Sie um Ihre pers\u00f6nlichen Daten, die f\u00fcr die betreffende Situation relevant sind. Dies erm\u00f6glicht die Bearbeitung Ihrer Fragen und die Beantwortung Ihrer W\u00fcnsche. Die Daten werden auf den eigenen sicheren Servern von SoftLoad oder auf denen eines Drittanbieters gespeichert. Wir werden diese Daten nicht mit anderen pers\u00f6nlichen Daten, die wir haben, kombinieren.<\/p><pre id=\"tw-target-text\" class=\"tw-data-text tw-text-large tw-ta\" dir=\"ltr\" data-placeholder=\"Translation\" data-ved=\"2ahUKEwj735uRoJGNAxXQ8LsIHS-ZELAQ3ewLegQIChAV\" aria-label=\"\u00dcbersetzter Text: Cookies\"><span class=\"Y2IQFc\" lang=\"en\">Cookies<\/span><\/pre><p><br \/>Wir erheben Daten zu Forschungszwecken, um unsere Kunden besser zu verstehen, damit wir unsere Dienstleistungen entsprechend anpassen k\u00f6nnen. Diese Website verwendet \"Cookies\" (Textdateien, die auf Ihrem Computer gespeichert werden), um zu analysieren, wie die Benutzer die Website nutzen. Die durch den Cookie erzeugten Informationen \u00fcber Ihre Nutzung der Website k\u00f6nnen an die eigenen sicheren Server von SoftLoad oder an die eines Dritten \u00fcbertragen werden. Wir verwenden diese Informationen, um zu verfolgen, wie Sie die Website nutzen, um Berichte \u00fcber die Website-Aktivit\u00e4ten zu erstellen und um andere Dienstleistungen in Bezug auf die Website-Aktivit\u00e4ten und die Internetnutzung zu erbringen.<\/p><pre id=\"tw-target-text\" class=\"tw-data-text tw-text-large tw-ta\" dir=\"ltr\" data-placeholder=\"Translation\" data-ved=\"2ahUKEwj735uRoJGNAxXQ8LsIHS-ZELAQ3ewLegQIChAV\" aria-label=\"\u00dcbersetzter Text: Ziele\"><span class=\"Y2IQFc\" lang=\"en\">Verwendungszwecke<\/span><\/pre><p><br \/>Wir sammeln oder verwenden keine Informationen f\u00fcr andere als die in dieser Datenschutzrichtlinie beschriebenen Zwecke, es sei denn, wir haben Ihre vorherige Zustimmung eingeholt.<\/p><div id=\"tw-target-text-container\" class=\"tw-ta-container tw-nfl\" tabindex=\"0\" role=\"text\"><pre id=\"tw-target-text\" class=\"tw-data-text tw-text-large tw-ta\" dir=\"ltr\" data-placeholder=\"Translation\" data-ved=\"2ahUKEwj735uRoJGNAxXQ8LsIHS-ZELAQ3ewLegQIChAV\" aria-label=\"\u00dcbersetzter Text: Dritte Parteien\"><span class=\"Y2IQFc\" lang=\"en\">Dritte Parteien<\/span><\/pre><\/div><p>Die Informationen werden nicht an Dritte weitergegeben, mit Ausnahme der Webanwendungen, die wir f\u00fcr unseren Webshop verwenden. Dazu geh\u00f6rt das Bewertungssystem WebwinkelKeur. Diese Daten werden nur f\u00fcr den Zweck der jeweiligen Anwendung verwendet und nicht weitergegeben. Dar\u00fcber hinaus k\u00f6nnen die Informationen in einigen F\u00e4llen intern weitergegeben werden. Unsere Mitarbeiter sind verpflichtet, die Vertraulichkeit Ihrer Daten zu wahren.<\/p><pre id=\"tw-target-text\" class=\"tw-data-text tw-text-large tw-ta\" dir=\"ltr\" data-placeholder=\"Translation\" data-ved=\"2ahUKEwj735uRoJGNAxXQ8LsIHS-ZELAQ3ewLegQIChAV\" aria-label=\"\u00dcbersetzter Text: \u00c4nderungen\"><span class=\"Y2IQFc\" lang=\"en\">\u00c4nderungen<\/span><\/pre><p><br \/>Diese Datenschutzerkl\u00e4rung ist auf die Nutzung und die M\u00f6glichkeiten dieser Website zugeschnitten. Jegliche Anpassungen und\/oder \u00c4nderungen an dieser Website k\u00f6nnen zu \u00c4nderungen dieser Datenschutzerkl\u00e4rung f\u00fchren. Es ist daher ratsam, diese Datenschutzerkl\u00e4rung regelm\u00e4\u00dfig zu lesen.<\/p><pre id=\"tw-target-text\" class=\"tw-data-text tw-text-large tw-ta\" dir=\"ltr\" data-placeholder=\"Translation\" data-ved=\"2ahUKEwj735uRoJGNAxXQ8LsIHS-ZELAQ3ewLegQIChAV\" aria-label=\"\u00dcbersetzter Text: Wahlm\u00f6glichkeiten f\u00fcr pers\u00f6nliche Daten\"><span class=\"Y2IQFc\" lang=\"en\">Wahlm\u00f6glichkeiten f\u00fcr personenbezogene Daten<\/span>Wir bieten allen Kunden die M\u00f6glichkeit, alle pers\u00f6nlichen Informationen, die im Moment bei uns verstreut sind, zu erfassen, zu verifizieren oder zu verwalten.<\/pre><p>Newsletter-Service anpassen\/abbestellen Am Ende jedes Mailings finden Sie die M\u00f6glichkeit, Ihre Daten anzupassen oder sich abzumelden. Kommunikation anpassen\/abbestellen Wenn Sie Ihre Daten anpassen oder aus unseren Dateien l\u00f6schen lassen m\u00f6chten, k\u00f6nnen Sie sich an uns wenden. Siehe die Kontaktinformationen unten. Cookies deaktivieren Die meisten Browser sind standardm\u00e4\u00dfig so eingestellt, dass sie Cookies akzeptieren, aber Sie k\u00f6nnen Ihren Browser so einstellen, dass er alle Cookies ablehnt oder anzeigt, wenn ein Cookie gesendet wird. Es ist jedoch m\u00f6glich, dass einige Funktionen und Dienste auf unserer und anderen Websites nicht richtig funktionieren, wenn Cookies in Ihrem Browser deaktiviert sind. Fragen und Feedback Wir \u00fcberpr\u00fcfen regelm\u00e4\u00dfig, ob wir diese Datenschutzrichtlinie einhalten. Wenn Sie Fragen zu dieser Datenschutzrichtlinie haben, k\u00f6nnen Sie sich an uns wenden:<\/p><p>info@elicensenest.com<\/p><p><div class=\"video-container\"><blockquote class=\"wp-embedded-content\" data-secret=\"Qpyb0AG9vL\"><a href=\"https:\/\/elicensenest.com\/de\/\">Startseite<\/a><\/blockquote><iframe class=\"wp-embedded-content\" sandbox=\"allow-scripts\" security=\"restricted\" style=\"position: absolute; visibility: hidden;\" title=\"&quot;Zuhause&quot; - E-licensenest\" src=\"https:\/\/elicensenest.com\/embed\/#?secret=RGheCvPtZf#?secret=Qpyb0AG9vL\" data-secret=\"Qpyb0AG9vL\" width=\"600\" height=\"338\" frameborder=\"0\" marginwidth=\"0\" marginheight=\"0\" scrolling=\"no\"><\/iframe><\/div><\/p><p>Wir werden Ihre pers\u00f6nlichen Daten nicht ohne Ihre Zustimmung an Dritte weitergeben. Wir wissen das Vertrauen zu sch\u00e4tzen, das Sie uns entgegenbringen, und werden alles in unserer Macht Stehende tun, um Ihre pers\u00f6nlichen Daten zu sch\u00fctzen. Die pers\u00f6nlichen Informationen werden nur f\u00fcr die Dienste verwendet, f\u00fcr die Sie sie uns anvertraut haben. Sie k\u00f6nnen Ihre Daten l\u00f6schen lassen, indem Sie uns eine E-Mail schicken. https:\/\/elicensenest.com verwendet Cookies und andere Technologien, um Ihre Online-Nutzererfahrung zu verbessern und um zu verfolgen, wie die Website genutzt wird, damit wir die Qualit\u00e4t unserer Dienste auf dieser Grundlage verbessern k\u00f6nnen. Mithilfe von Cookies k\u00f6nnen wir verschiedene Werbeanzeigen anzeigen, Werbenetzwerke (einschlie\u00dflich Google Adsense), die auf dieser Website werben, k\u00f6nnen Cookies auf Ihrem PC platzieren oder Web-Beacons verwenden, um Informationen zu sammeln. https:\/\/elicensenest.com hat keinen Zugriff auf oder Kontrolle \u00fcber diese Cookies, die von Drittanbietern verwendet werden. Sie sollten die Datenschutzrichtlinien dieser Drittanbieter konsultieren, um genauere Informationen \u00fcber deren Praktiken zu erhalten, sowie Anweisungen, wie Sie bestimmte Dinge abstellen k\u00f6nnen. https:\/\/elicensenest.com Datenschutzrichtlinien gelten hier nicht, wir haben keine Kontrolle \u00fcber die Aktivit\u00e4ten dieser anderen Werbetreibenden oder Websites. Wenn Sie unsere Website besuchen oder einige unserer Produkte nutzen, speichern unsere Server automatisch Informationen wie die URL, die IP-Adresse, den Browsertyp und die Sprache sowie das Datum und die Uhrzeit Ihres Besuchs.<\/p>\t\t\t\t\t\t\t\t<\/div>\n\t\t\t\t<\/div>\n\t\t\t\t\t<\/div>\n\t\t<\/div>\n\t\t\t\t\t<\/div>\n\t\t<\/section>\n\t\t\t\t<\/div>","protected":false},"excerpt":{"rendered":"<p>Privacy Policy We are aware that you place your trust in us. We therefore see it as our responsibility to protect your privacy. On this page we let you know what data we collect when you use our website, why we collect this data and how we use it to improve your user experience. This [&hellip;]<\/p>","protected":false},"author":1,"featured_media":0,"parent":0,"menu_order":0,"comment_status":"closed","ping_status":"open","template":"elementor_header_footer","meta":{"inline_featured_image":false,"footnotes":""},"class_list":["post-3","page","type-page","status-publish","hentry"],"_links":{"self":[{"href":"https:\/\/elicensenest.com\/de\/wp-json\/wp\/v2\/pages\/3","targetHints":{"allow":["GET"]}}],"collection":[{"href":"https:\/\/elicensenest.com\/de\/wp-json\/wp\/v2\/pages"}],"about":[{"href":"https:\/\/elicensenest.com\/de\/wp-json\/wp\/v2\/types\/page"}],"author":[{"embeddable":true,"href":"https:\/\/elicensenest.com\/de\/wp-json\/wp\/v2\/users\/1"}],"replies":[{"embeddable":true,"href":"https:\/\/elicensenest.com\/de\/wp-json\/wp\/v2\/comments?post=3"}],"version-history":[{"count":3,"href":"https:\/\/elicensenest.com\/de\/wp-json\/wp\/v2\/pages\/3\/revisions"}],"predecessor-version":[{"id":51890,"href":"https:\/\/elicensenest.com\/de\/wp-json\/wp\/v2\/pages\/3\/revisions\/51890"}],"wp:attachment":[{"href":"https:\/\/elicensenest.com\/de\/wp-json\/wp\/v2\/media?parent=3"}],"curies":[{"name":"wp","href":"https:\/\/api.w.org\/{rel}","templated":true}]}}